{"id":558565,"date":"2025-03-04T03:20:04","date_gmt":"2025-03-04T02:20:04","guid":{"rendered":"https:\/\/shop.kustom.ch\/?post_type=product&#038;p=558565"},"modified":"2026-03-30T14:39:16","modified_gmt":"2026-03-30T13:39:16","slug":"sicherheitsschuhe-footwear-industry-2","status":"publish","type":"product","link":"https:\/\/shop.kustom.ch\/it\/prodotto\/sicherheitsschuhe-footwear-industry-2\/","title":{"rendered":"INDUSTRIA CALZATURIERA scarpe di sicurezza"},"content":{"rendered":"<p>Antistatico. Protezione metatarsale. Nella parte superiore, protezione aggiuntiva contro la pressione sul mesopiede, che riduce al minimo il rischio di lesioni da impatto e fratture. Allacciatura con lacci. Puntale in materiale composito. Protezione contro la penetrazione dei chiodi in tessuto speciale. Suola in PU\/gomma, estremamente resistente allo scivolamento. Solette sostituibili, antistatiche e resistenti. Protezione della punta in PU, sagomata. Suola resistente agli oli e alla benzina. Suola resistente al calore fino a 300\u00b0C. Bordo del tallone. Soletta ammortizzante. Gambale in materiale esterno idrorepellente e traspirante. Adatto per lavori in ginocchio. Puntale.<\/p>\n<p>Classe di sicurezza S3; suola antiscivolo; EN ISO 20345<br \/>\nTomaia in pelle di bufalo pieno fiore<br \/>\nTaglia 1042: 747 g<\/p>\n<p><a href=\"https:\/\/mascotsitecore-1ccb8.kxcdn.com\/pdf\/F0221-902-09-de.pdf\" target=\"_blank\" rel=\"noopener\"><u>Aprire la scheda tecnica del prodotto<\/u><\/a><\/p>","protected":false},"excerpt":{"rendered":"<ul>\n<li>Protezione metatarsale. Nella parte superiore, protezione aggiuntiva contro la pressione sul metatarso, che riduce al minimo il rischio di lesioni da impatto e fratture.<\/li>\n<li>Il puntale protettivo \u00e8 realizzato in composito. Il composito non conduce il freddo o il calore e i puntali in composito offrono quindi un maggiore comfort sia in ambienti caldi che freddi.<\/li>\n<li>Le solette ammortizzanti sono sostituibili, resistenti e antistatiche.<\/li>\n<li>La suola in PU\/gomma \u00e8 stata sviluppata appositamente per gli ambienti pi\u00f9 difficili. \u00c8 resistente al calore fino a 300\u00b0C per contatto.<\/li>\n<li>La suola \u00e8 resistente all'olio e alla benzina.<\/li>\n<\/ul>","protected":false},"featured_media":558619,"template":"","meta":[],"product_brand":[],"product_cat":[9643,4197],"product_tag":[],"class_list":{"0":"post-558565","1":"product","2":"type-product","3":"status-publish","4":"has-post-thumbnail","6":"product_cat-equipment","7":"product_cat-schuhe-sandalen","8":"pa_brand-mascot","9":"pa_brand-type-workwear","10":"pa_filter-color-schwarz","12":"first","13":"instock","14":"sale","15":"taxable","16":"shipping-taxable","17":"purchasable","18":"product-type-variable","19":"add-to-wishlist-before_image"},"exclude_global_add_ons":[],"addons":[],"acf":[],"_links":{"self":[{"href":"https:\/\/shop.kustom.ch\/it\/wp-json\/wp\/v2\/product\/558565"}],"collection":[{"href":"https:\/\/shop.kustom.ch\/it\/wp-json\/wp\/v2\/product"}],"about":[{"href":"https:\/\/shop.kustom.ch\/it\/wp-json\/wp\/v2\/types\/product"}],"wp:featuredmedia":[{"embeddable":true,"href":"https:\/\/shop.kustom.ch\/it\/wp-json\/wp\/v2\/media\/558619"}],"wp:attachment":[{"href":"https:\/\/shop.kustom.ch\/it\/wp-json\/wp\/v2\/media?parent=558565"}],"wp:term":[{"taxonomy":"product_brand","embeddable":true,"href":"https:\/\/shop.kustom.ch\/it\/wp-json\/wp\/v2\/product_brand?post=558565"},{"taxonomy":"product_cat","embeddable":true,"href":"https:\/\/shop.kustom.ch\/it\/wp-json\/wp\/v2\/product_cat?post=558565"},{"taxonomy":"product_tag","embeddable":true,"href":"https:\/\/shop.kustom.ch\/it\/wp-json\/wp\/v2\/product_tag?post=558565"}],"curies":[{"name":"wp","href":"https:\/\/api.w.org\/{rel}","templated":true}]}}