{"id":558542,"date":"2025-03-04T03:20:01","date_gmt":"2025-03-04T02:20:01","guid":{"rendered":"https:\/\/shop.kustom.ch\/?post_type=product&#038;p=558542"},"modified":"2026-03-30T14:39:15","modified_gmt":"2026-03-30T13:39:15","slug":"sicherheitsstiefel-footwear-industry-4","status":"publish","type":"product","link":"https:\/\/shop.kustom.ch\/it\/prodotto\/sicherheitsstiefel-footwear-industry-4\/","title":{"rendered":"INDUSTRIA CALZATURE stivali di sicurezza"},"content":{"rendered":"<p>Puntale in alluminio, di forma ergonomica. Protezione contro la penetrazione delle unghie in tessuto speciale. Con snodo multifunzionale stabilizzante con schiuma comfort integrata. La protezione della caviglia protegge dagli impatti e dalle pressioni laterali. Suola in PU\/gomma, estremamente resistente allo scivolamento. I sottopiedi sono sostituibili, antistatici e resistenti. L'umidit\u00e0 viene assorbita e rilasciata nuovamente in modo efficace. Protezione della punta in PU, sagomata. Adatto per lavori in ginocchio. Suola resistente a olio e benzina. Suola resistente al calore fino a 300\u00b0C. Bordo del tallone. Suola comfort, ammortizzante. Talloniera in TPU. Fodera interna in Drylex\u00ae che assorbe l'umidit\u00e0. Gambale in materiale esterno idrorepellente e traspirante. Cuciture in filato Nomex\u00ae ignifugo nella parte anteriore della scarpa. Lacci in Nomex\u00ae ignifugo. Puntale posteriore. L'aletta antipolvere impedisce l'ingresso dello sporco. Allacciatura con ganci metallici privi di nichel. Profondit\u00e0 del battistrada 3,5 mm.<\/p>\n<p>Classe di sicurezza S3; suola antiscivolo; EN ISO 20345; calzature ortopediche: adatte alle modifiche<br \/>\nTomaia in pelle pieno fiore<br \/>\nTaglia 42: 940 g<\/p>\n<p><a href=\"https:\/\/mascotsitecore-1ccb8.kxcdn.com\/pdf\/F0165-902-0907-de.pdf\" target=\"_blank\" rel=\"noopener\"><u>Aprire la scheda tecnica del prodotto<\/u><\/a><\/p>","protected":false},"excerpt":{"rendered":"<ul>\n<li>Puntale in alluminio di forma ergonomica con grande libert\u00e0 di movimento.<\/li>\n<li>La protezione della caviglia a tre strati assorbe e distribuisce la pressione e l'impatto sulla caviglia, certificata secondo la norma EN ISO 20345.<\/li>\n<li>Particolarmente indicato per le attivit\u00e0 in ginocchio, grazie alla protezione della punta in PU estremamente resistente all'usura.<\/li>\n<li>La suola in PU\/gomma \u00e8 stata sviluppata appositamente per gli ambienti pi\u00f9 difficili. \u00c8 resistente al calore fino a 300\u00b0C per contatto.<\/li>\n<li>Lacci in Nomex\u00ae ignifugo.<\/li>\n<li>Suola antiscivolo e antiusura (certificata SRC) - resistente agli olii e ai carburanti e a determinati prodotti chimici.<\/li>\n<\/ul>","protected":false},"featured_media":558572,"template":"","meta":[],"product_brand":[],"product_cat":[9643,4197],"product_tag":[],"class_list":{"0":"post-558542","1":"product","2":"type-product","3":"status-publish","4":"has-post-thumbnail","6":"product_cat-equipment","7":"product_cat-schuhe-sandalen","8":"pa_brand-mascot","9":"pa_brand-type-workwear","10":"pa_filter-color-gelb","11":"pa_filter-color-schwarz","13":"first","14":"instock","15":"sale","16":"taxable","17":"shipping-taxable","18":"purchasable","19":"product-type-variable","20":"add-to-wishlist-before_image"},"exclude_global_add_ons":[],"addons":[],"acf":[],"_links":{"self":[{"href":"https:\/\/shop.kustom.ch\/it\/wp-json\/wp\/v2\/product\/558542"}],"collection":[{"href":"https:\/\/shop.kustom.ch\/it\/wp-json\/wp\/v2\/product"}],"about":[{"href":"https:\/\/shop.kustom.ch\/it\/wp-json\/wp\/v2\/types\/product"}],"wp:featuredmedia":[{"embeddable":true,"href":"https:\/\/shop.kustom.ch\/it\/wp-json\/wp\/v2\/media\/558572"}],"wp:attachment":[{"href":"https:\/\/shop.kustom.ch\/it\/wp-json\/wp\/v2\/media?parent=558542"}],"wp:term":[{"taxonomy":"product_brand","embeddable":true,"href":"https:\/\/shop.kustom.ch\/it\/wp-json\/wp\/v2\/product_brand?post=558542"},{"taxonomy":"product_cat","embeddable":true,"href":"https:\/\/shop.kustom.ch\/it\/wp-json\/wp\/v2\/product_cat?post=558542"},{"taxonomy":"product_tag","embeddable":true,"href":"https:\/\/shop.kustom.ch\/it\/wp-json\/wp\/v2\/product_tag?post=558542"}],"curies":[{"name":"wp","href":"https:\/\/api.w.org\/{rel}","templated":true}]}}