{"id":558520,"date":"2025-03-04T03:19:58","date_gmt":"2025-03-04T02:19:58","guid":{"rendered":"https:\/\/shop.kustom.ch\/?post_type=product&#038;p=558520"},"modified":"2026-03-30T14:39:14","modified_gmt":"2026-03-30T13:39:14","slug":"sicherheitsstiefel-footwear-industry-2","status":"publish","type":"product","link":"https:\/\/shop.kustom.ch\/it\/prodotto\/sicherheitsstiefel-footwear-industry-2\/","title":{"rendered":"INDUSTRIA CALZATURE stivali di sicurezza"},"content":{"rendered":"<p>Allacciatura con lacci. Puntale in alluminio, di forma ergonomica. Protezione contro la penetrazione delle unghie in tessuto speciale. Con snodo multifunzionale stabilizzante con schiuma comfort integrata. Suola in PU\/gomma, estremamente resistente allo scivolamento. Solette sostituibili, antistatiche e resistenti. L'umidit\u00e0 viene assorbita e rilasciata nuovamente in modo efficace. Protezione della punta in PU, sagomata. Suola resistente agli oli e alla benzina. Suola resistente al calore fino a 300\u00b0C. Bordo del tallone. Suola comfort, ammortizzante. Gambale in materiale esterno idrorepellente e traspirante. L'aletta antipolvere impedisce l'ingresso dello sporco, combinata pelle\/tessuto. Fodera in tessuto, traspirante. Adatto per lavori in ginocchio. Stabilizzazione del tallone in TPU. Tappo posteriore. Profondit\u00e0 del battistrada 3,5 mm. Inserti riflettenti.<\/p>\n<p>Classe di sicurezza S3; suola antiscivolo; EN ISO 20345; calzature ortopediche: adatte alle modifiche<br \/>\nTomaia in pelle di bufalo<br \/>\nTaglia 42: 761 g<\/p>\n<p><a href=\"https:\/\/mascotsitecore-1ccb8.kxcdn.com\/pdf\/F0074-902-0907-de.pdf\" target=\"_blank\" rel=\"noopener\"><u>Aprire la scheda tecnica del prodotto<\/u><\/a><\/p>","protected":false},"excerpt":{"rendered":"<ul>\n<li>Il puntale in alluminio dalla forma ergonomica protegge meglio le dita dei piedi e previene i punti di pressione quando ci si inginocchia.<\/li>\n<li>La suola in PU\/gomma \u00e8 stata sviluppata appositamente per gli ambienti pi\u00f9 difficili. \u00c8 resistente al calore fino a 300\u00b0C per contatto.<\/li>\n<li>Particolarmente indicato per le attivit\u00e0 in ginocchio, grazie alla protezione della punta in PU estremamente resistente all'usura.<\/li>\n<li>Molto confortevoli e con suola comfort ammortizzante.<\/li>\n<li>Essere visti - gli effetti riflessi aumentano la sicurezza nella vita di tutti i giorni.<\/li>\n<li>Lo snodo multifunzione stabilizzante, brevettato da MASCOT, lo rende particolarmente adatto a lavorare su superfici irregolari e scale.<\/li>\n<\/ul>","protected":false},"featured_media":558570,"template":"","meta":[],"product_brand":[],"product_cat":[9643,4197],"product_tag":[],"class_list":{"0":"post-558520","1":"product","2":"type-product","3":"status-publish","4":"has-post-thumbnail","6":"product_cat-equipment","7":"product_cat-schuhe-sandalen","8":"pa_brand-mascot","9":"pa_brand-type-workwear","10":"pa_filter-color-gelb","11":"pa_filter-color-schwarz","13":"first","14":"instock","15":"sale","16":"taxable","17":"shipping-taxable","18":"purchasable","19":"product-type-variable","20":"add-to-wishlist-before_image"},"exclude_global_add_ons":[],"addons":[],"acf":[],"_links":{"self":[{"href":"https:\/\/shop.kustom.ch\/it\/wp-json\/wp\/v2\/product\/558520"}],"collection":[{"href":"https:\/\/shop.kustom.ch\/it\/wp-json\/wp\/v2\/product"}],"about":[{"href":"https:\/\/shop.kustom.ch\/it\/wp-json\/wp\/v2\/types\/product"}],"wp:featuredmedia":[{"embeddable":true,"href":"https:\/\/shop.kustom.ch\/it\/wp-json\/wp\/v2\/media\/558570"}],"wp:attachment":[{"href":"https:\/\/shop.kustom.ch\/it\/wp-json\/wp\/v2\/media?parent=558520"}],"wp:term":[{"taxonomy":"product_brand","embeddable":true,"href":"https:\/\/shop.kustom.ch\/it\/wp-json\/wp\/v2\/product_brand?post=558520"},{"taxonomy":"product_cat","embeddable":true,"href":"https:\/\/shop.kustom.ch\/it\/wp-json\/wp\/v2\/product_cat?post=558520"},{"taxonomy":"product_tag","embeddable":true,"href":"https:\/\/shop.kustom.ch\/it\/wp-json\/wp\/v2\/product_tag?post=558520"}],"curies":[{"name":"wp","href":"https:\/\/api.w.org\/{rel}","templated":true}]}}