{"id":557719,"date":"2025-03-04T03:13:22","date_gmt":"2025-03-04T02:13:22","guid":{"rendered":"https:\/\/shop.kustom.ch\/?post_type=product&#038;p=557719"},"modified":"2026-03-30T14:38:22","modified_gmt":"2026-03-30T13:38:22","slug":"sicherheitsschuhe-footwear-customized-2","status":"publish","type":"product","link":"https:\/\/shop.kustom.ch\/it\/prodotto\/sicherheitsschuhe-footwear-customized-2\/","title":{"rendered":"CALZATURE Scarpe di sicurezza personalizzate"},"content":{"rendered":"<p>La parte anteriore della scarpa \u00e8 estremamente flessibile. Tomaia in tessuto resistente. Il materiale della tomaia \u00e8 traspirante e allontana l'umidit\u00e0 e il calore dai piedi. Chiusura e apertura con BOA\u00ae Fit System, un sistema composto da pomello, corda e guide per il laccio. Puntale in materiale composito. Protezione contro la penetrazione delle unghie in tessuto speciale. Soletta ammortizzante, morbida e flessibile. Le solette sono sostituibili. Intersuola in TPU e eTPU. Adatta per lavori in ginocchio. Suola in gomma, estremamente resistente allo scivolamento. La suola \u00e8 resistente agli oli e alla benzina. Testato ESD in conformit\u00e0 alle norme EN IEC 61340-4-3: 2018, EN 61340-5-1: 2016.<\/p>\n<p>Classe di sicurezza S1PL; resistenza allo scivolamento (SR); suola resistente agli oli e alla benzina (FO); scariche elettrostatiche (ESD) EN IEC 61340-4-3: 2018, EN 61340-5-1: 2016; EN ISO 20345: 2022<br \/>\nPoliammide<br \/>\nTaglia 42: 498 g<\/p>\n<p><a href=\"https:\/\/mascotsitecore-1ccb8.kxcdn.com\/pdf\/F0660-709-09-de.pdf\" target=\"_blank\" rel=\"noopener\"><u>Aprire la scheda tecnica del prodotto<\/u><\/a><\/p>","protected":false},"excerpt":{"rendered":"<ul>\n<li>Comfort particolarmente elevato grazie all'intersuola ammortizzante in TPU e eTPU.<\/li>\n<li>L'elevato ritorno di energia garantisce una sensazione di leggerezza per tutta la giornata lavorativa.<\/li>\n<li>Calzata stabile grazie alla suola in gomma eccezionalmente antiscivolo.<\/li>\n<li>Scarpa leggera e flessibile con tomaia in materiale tessile resistente, testata per il lavoro quotidiano di artigiano.<\/li>\n<li>Buona vestibilit\u00e0 grazie al BOA\u00ae Fit System.<\/li>\n<li>Disponibile anche in taglie da donna.<\/li>\n<\/ul>","protected":false},"featured_media":557748,"template":"","meta":[],"product_brand":[],"product_cat":[9643,4197],"product_tag":[],"class_list":{"0":"post-557719","1":"product","2":"type-product","3":"status-publish","4":"has-post-thumbnail","6":"product_cat-equipment","7":"product_cat-schuhe-sandalen","8":"pa_brand-mascot","9":"pa_brand-type-workwear","10":"pa_filter-color-schwarz","12":"first","13":"instock","14":"sale","15":"taxable","16":"shipping-taxable","17":"purchasable","18":"product-type-variable","19":"add-to-wishlist-before_image"},"exclude_global_add_ons":[],"addons":[],"acf":[],"_links":{"self":[{"href":"https:\/\/shop.kustom.ch\/it\/wp-json\/wp\/v2\/product\/557719"}],"collection":[{"href":"https:\/\/shop.kustom.ch\/it\/wp-json\/wp\/v2\/product"}],"about":[{"href":"https:\/\/shop.kustom.ch\/it\/wp-json\/wp\/v2\/types\/product"}],"wp:featuredmedia":[{"embeddable":true,"href":"https:\/\/shop.kustom.ch\/it\/wp-json\/wp\/v2\/media\/557748"}],"wp:attachment":[{"href":"https:\/\/shop.kustom.ch\/it\/wp-json\/wp\/v2\/media?parent=557719"}],"wp:term":[{"taxonomy":"product_brand","embeddable":true,"href":"https:\/\/shop.kustom.ch\/it\/wp-json\/wp\/v2\/product_brand?post=557719"},{"taxonomy":"product_cat","embeddable":true,"href":"https:\/\/shop.kustom.ch\/it\/wp-json\/wp\/v2\/product_cat?post=557719"},{"taxonomy":"product_tag","embeddable":true,"href":"https:\/\/shop.kustom.ch\/it\/wp-json\/wp\/v2\/product_tag?post=557719"}],"curies":[{"name":"wp","href":"https:\/\/api.w.org\/{rel}","templated":true}]}}