{"id":556843,"date":"2025-03-04T03:05:54","date_gmt":"2025-03-04T02:05:54","guid":{"rendered":"https:\/\/shop.kustom.ch\/?post_type=product&#038;p=556843"},"modified":"2026-03-30T14:36:56","modified_gmt":"2026-03-30T13:36:56","slug":"kittel-lang-food-care-3","status":"publish","type":"product","link":"https:\/\/shop.kustom.ch\/it\/prodotto\/kittel-lang-food-care-3\/","title":{"rendered":"Camice, lungo ALIMENTAZIONE E CURA"},"content":{"rendered":"<p>Chiusura con bottoni a pressione nascosti. Regolazione dei polsi con bottoni a pressione. Bottoni a pressione in metallo. Fessure sui lati. Possibilit\u00e0 di inserire badge, chip HF e chip UHF. Codici colore per ogni taglia. Il prodotto \u00e8 adatto al lavaggio industriale.<\/p>\n<p>OEKO-TEX\u00ae STANDARD 100; ProWash\u00ae - EN ISO 15797; HACCP DIN 10524<br \/>\n50% cotone\/50% poliestere<br \/>\nTwill. Pu\u00f2 restringersi al massimo. 2%.<br \/>\n205 g\/m\u00b2<br \/>\nLavaggio colorato, max. 60\u00b0 C; non candeggiare; resiste all'asciugatura in tamburo - temperatura iniziale max. 80\u00b0 C; stiratura a media temperatura, max. 150\u00b0 C; tollera la normale pulizia<\/p>\n<p><a href=\"https:\/\/mascotsitecore-1ccb8.kxcdn.com\/pdf\/20554-230-06-de.pdf\" target=\"_blank\" rel=\"noopener\"><u>Aprire la scheda tecnica del prodotto<\/u><\/a><\/p>","protected":false},"excerpt":{"rendered":"<ul>\n<li>Il prodotto \u00e8 adatto al lavaggio industriale.<\/li>\n<li>Polsini regolabili.<\/li>\n<li>Possibilit\u00e0 di inserimento di targhette identificative e di chip HF e UHF.<\/li>\n<li>Il prodotto \u00e8 conforme ai principi del sistema HACCP ed \u00e8 approvato in conformit\u00e0 alla norma DIN 10524.<\/li>\n<\/ul>","protected":false},"featured_media":556871,"template":"","meta":[],"product_brand":[],"product_cat":[10704],"product_tag":[],"class_list":{"0":"post-556843","1":"product","2":"type-product","3":"status-publish","4":"has-post-thumbnail","6":"product_cat-kittel","7":"pa_brand-mascot","8":"pa_brand-type-workwear","9":"pa_filter-color-weiss","11":"first","12":"instock","13":"sale","14":"taxable","15":"shipping-taxable","16":"purchasable","17":"product-type-variable","18":"add-to-wishlist-before_image"},"exclude_global_add_ons":[],"addons":[],"acf":[],"_links":{"self":[{"href":"https:\/\/shop.kustom.ch\/it\/wp-json\/wp\/v2\/product\/556843"}],"collection":[{"href":"https:\/\/shop.kustom.ch\/it\/wp-json\/wp\/v2\/product"}],"about":[{"href":"https:\/\/shop.kustom.ch\/it\/wp-json\/wp\/v2\/types\/product"}],"wp:featuredmedia":[{"embeddable":true,"href":"https:\/\/shop.kustom.ch\/it\/wp-json\/wp\/v2\/media\/556871"}],"wp:attachment":[{"href":"https:\/\/shop.kustom.ch\/it\/wp-json\/wp\/v2\/media?parent=556843"}],"wp:term":[{"taxonomy":"product_brand","embeddable":true,"href":"https:\/\/shop.kustom.ch\/it\/wp-json\/wp\/v2\/product_brand?post=556843"},{"taxonomy":"product_cat","embeddable":true,"href":"https:\/\/shop.kustom.ch\/it\/wp-json\/wp\/v2\/product_cat?post=556843"},{"taxonomy":"product_tag","embeddable":true,"href":"https:\/\/shop.kustom.ch\/it\/wp-json\/wp\/v2\/product_tag?post=556843"}],"curies":[{"name":"wp","href":"https:\/\/api.w.org\/{rel}","templated":true}]}}