{"id":556347,"date":"2025-03-04T03:02:03","date_gmt":"2025-03-04T02:02:03","guid":{"rendered":"https:\/\/shop.kustom.ch\/?post_type=product&#038;p=556347"},"modified":"2026-03-30T14:36:31","modified_gmt":"2026-03-30T13:36:31","slug":"hose-food-care-3","status":"publish","type":"product","link":"https:\/\/shop.kustom.ch\/it\/prodotto\/hose-food-care-3\/","title":{"rendered":"Pantaloni per l'alimentazione e l'assistenza"},"content":{"rendered":"<p>Vita elasticizzata e coulisse. Tasche anteriori con chiusura a pressione nascosta. Bottoni a pressione in metallo. Polsini a coste alle caviglie. Codici colore per ogni taglia. Possibilit\u00e0 di inserire badge, chip HF e UHF. Il prodotto \u00e8 adatto al lavaggio industriale.<\/p>\n<p>OEKO-TEX\u00ae STANDARD 100; ProWash\u00ae - EN ISO 15797; HACCP DIN 10524; HACCP<br \/>\n65% poliestere\/35% cotone<br \/>\nTwill. Pu\u00f2 restringersi al massimo. 5%.<br \/>\n270 g\/m\u00b2<br \/>\nLavaggio colorato, max. 60\u00b0 C; non candeggiare; resiste all'asciugatura in tamburo - temperatura iniziale max. 80\u00b0 C; stiratura a media temperatura, max. 150\u00b0 C; tollera la normale pulizia<\/p>\n<p><a href=\"https:\/\/mascotsitecore-1ccb8.kxcdn.com\/pdf\/20239-442-010-de.pdf\" target=\"_blank\" rel=\"noopener\"><u>Aprire la scheda tecnica del prodotto<\/u><\/a><\/p>","protected":false},"excerpt":{"rendered":"<ul>\n<li>Il prodotto \u00e8 adatto al lavaggio industriale.<\/li>\n<li>Il materiale \u00e8 opaco.<\/li>\n<li>Vita elastica e coulisse.<\/li>\n<li>Possibilit\u00e0 di inserimento di targhette identificative e di chip HF e UHF.<\/li>\n<li>Il prodotto \u00e8 conforme ai principi del sistema HACCP ed \u00e8 approvato in conformit\u00e0 alla norma DIN 10524.<\/li>\n<\/ul>","protected":false},"featured_media":556361,"template":"","meta":[],"product_brand":[],"product_cat":[4185],"product_tag":[],"class_list":{"0":"post-556347","1":"product","2":"type-product","3":"status-publish","4":"has-post-thumbnail","6":"product_cat-hosen","7":"pa_brand-mascot","8":"pa_brand-type-workwear","9":"pa_filter-color-schwarz","10":"pa_filter-color-weiss","12":"first","13":"instock","14":"sale","15":"taxable","16":"shipping-taxable","17":"purchasable","18":"product-type-variable","19":"add-to-wishlist-before_image"},"exclude_global_add_ons":[],"addons":[],"acf":[],"_links":{"self":[{"href":"https:\/\/shop.kustom.ch\/it\/wp-json\/wp\/v2\/product\/556347"}],"collection":[{"href":"https:\/\/shop.kustom.ch\/it\/wp-json\/wp\/v2\/product"}],"about":[{"href":"https:\/\/shop.kustom.ch\/it\/wp-json\/wp\/v2\/types\/product"}],"wp:featuredmedia":[{"embeddable":true,"href":"https:\/\/shop.kustom.ch\/it\/wp-json\/wp\/v2\/media\/556361"}],"wp:attachment":[{"href":"https:\/\/shop.kustom.ch\/it\/wp-json\/wp\/v2\/media?parent=556347"}],"wp:term":[{"taxonomy":"product_brand","embeddable":true,"href":"https:\/\/shop.kustom.ch\/it\/wp-json\/wp\/v2\/product_brand?post=556347"},{"taxonomy":"product_cat","embeddable":true,"href":"https:\/\/shop.kustom.ch\/it\/wp-json\/wp\/v2\/product_cat?post=556347"},{"taxonomy":"product_tag","embeddable":true,"href":"https:\/\/shop.kustom.ch\/it\/wp-json\/wp\/v2\/product_tag?post=556347"}],"curies":[{"name":"wp","href":"https:\/\/api.w.org\/{rel}","templated":true}]}}