{"id":556316,"date":"2025-03-04T03:01:59","date_gmt":"2025-03-04T02:01:59","guid":{"rendered":"https:\/\/shop.kustom.ch\/?post_type=product&#038;p=556316"},"modified":"2026-03-30T14:36:28","modified_gmt":"2026-03-30T13:36:28","slug":"hose-mit-schenkeltaschen-food-care","status":"publish","type":"product","link":"https:\/\/shop.kustom.ch\/it\/prodotto\/hose-mit-schenkeltaschen-food-care\/","title":{"rendered":"Pantaloni con tasche sulla coscia CIBO E CURA"},"content":{"rendered":"<p>Tessuto elasticizzato di ultima generazione con peso ridotto e buona durata. Asciugatura rapida. Vita elasticizzata e coulisse. Tasche anteriori con chiusura a pressione nascosta. Tasca sulla coscia con tasca per cellulare, patta e bottoni a pressione nascosti. Tasca sulla coscia con cerniera e tasca aggiuntiva all'interno. Regolazione con bottoni a pressione alle caviglie. Bottoni a pressione in metallo. Codifica dei colori per ogni taglia. Possibilit\u00e0 di inserire badge e chip HF e UHF. Il prodotto \u00e8 adatto al lavaggio industriale.<\/p>\n<p>OEKO-TEX\u00ae STANDARD 100; ProWash\u00ae - EN ISO 15797; HACCP DIN 10524; HACCP<br \/>\n88% poliestere\/12% elastolefina<br \/>\nESTENSIONE FINALE. Pu\u00f2 restringersi al massimo. 5%.<br \/>\n275 g\/m\u00b2<br \/>\nLavaggio colorato, max. 60\u00b0 C; Non candeggiare; Resiste all'asciugatrice - temperatura massima di uscita 80\u00b0 C; Non stirare; Non adatto al lavaggio a secco<\/p>\n<p><a href=\"https:\/\/mascotsitecore-1ccb8.kxcdn.com\/pdf\/20159-511-06-de.pdf\" target=\"_blank\" rel=\"noopener\"><u>Aprire la scheda tecnica del prodotto<\/u><\/a><\/p>","protected":false},"excerpt":{"rendered":"<ul>\n<li>Il prodotto \u00e8 adatto al lavaggio industriale.<\/li>\n<li>Il materiale \u00e8 opaco.<\/li>\n<li>Il tessuto elasticizzato \u00e8 elastico in tutte le direzioni e offre un'impareggiabile libert\u00e0 di movimento, dove nulla si allunga o intralcia.<\/li>\n<li>Il tessuto elasticizzato multifunzionale combina un peso ridotto con un'elevata durata.<\/li>\n<li>Asciugatura rapida.<\/li>\n<li>Possibilit\u00e0 di inserimento di targhette identificative e di chip HF e UHF.<\/li>\n<li>Il prodotto \u00e8 conforme ai principi del sistema HACCP ed \u00e8 approvato in conformit\u00e0 alla norma DIN 10524.<\/li>\n<\/ul>","protected":false},"featured_media":556360,"template":"","meta":[],"product_brand":[],"product_cat":[4185],"product_tag":[],"class_list":{"0":"post-556316","1":"product","2":"type-product","3":"status-publish","4":"has-post-thumbnail","6":"product_cat-hosen","7":"pa_brand-mascot","8":"pa_brand-type-workwear","9":"pa_filter-color-weiss","11":"first","12":"instock","13":"sale","14":"taxable","15":"shipping-taxable","16":"purchasable","17":"product-type-variable","18":"add-to-wishlist-before_image"},"exclude_global_add_ons":[],"addons":[],"acf":[],"_links":{"self":[{"href":"https:\/\/shop.kustom.ch\/it\/wp-json\/wp\/v2\/product\/556316"}],"collection":[{"href":"https:\/\/shop.kustom.ch\/it\/wp-json\/wp\/v2\/product"}],"about":[{"href":"https:\/\/shop.kustom.ch\/it\/wp-json\/wp\/v2\/types\/product"}],"wp:featuredmedia":[{"embeddable":true,"href":"https:\/\/shop.kustom.ch\/it\/wp-json\/wp\/v2\/media\/556360"}],"wp:attachment":[{"href":"https:\/\/shop.kustom.ch\/it\/wp-json\/wp\/v2\/media?parent=556316"}],"wp:term":[{"taxonomy":"product_brand","embeddable":true,"href":"https:\/\/shop.kustom.ch\/it\/wp-json\/wp\/v2\/product_brand?post=556316"},{"taxonomy":"product_cat","embeddable":true,"href":"https:\/\/shop.kustom.ch\/it\/wp-json\/wp\/v2\/product_cat?post=556316"},{"taxonomy":"product_tag","embeddable":true,"href":"https:\/\/shop.kustom.ch\/it\/wp-json\/wp\/v2\/product_tag?post=556316"}],"curies":[{"name":"wp","href":"https:\/\/api.w.org\/{rel}","templated":true}]}}