{"id":556243,"date":"2025-03-04T03:01:21","date_gmt":"2025-03-04T02:01:21","guid":{"rendered":"https:\/\/shop.kustom.ch\/?post_type=product&#038;p=556243"},"modified":"2026-03-30T14:36:23","modified_gmt":"2026-03-30T13:36:23","slug":"thermohose-food-care","status":"publish","type":"product","link":"https:\/\/shop.kustom.ch\/it\/prodotto\/thermohose-food-care\/","title":{"rendered":"Pantaloni termici FOOD &amp; CARE"},"content":{"rendered":"<p>Idrorepellente. Vita elasticizzata e coulisse. Polsini a coste alle caviglie. Tasche anteriori con chiusura a pressione nascosta. Bottoni a pressione in metallo. Possibilit\u00e0 di inserire badge, chip HF e UHF. Codici colore per ogni taglia. Il prodotto \u00e8 adatto al lavaggio industriale.<\/p>\n<p>OEKO-TEX\u00ae STANDARD 100; ProWash\u00ae - EN ISO 15797; HACCP<br \/>\n100% Poliestere<br \/>\nTessuto trapuntato a metraggio. Pu\u00f2 restringersi al massimo. 2%.<br \/>\n260 g\/m\u00b2<br \/>\nLavaggio colorato, max. 60\u00b0 C; non candeggiare; resiste all'asciugatrice - temperatura massima di uscita 80\u00b0 C; non stirare; resiste alla normale pulizia<\/p>\n<p><a href=\"https:\/\/mascotsitecore-1ccb8.kxcdn.com\/pdf\/20090-318-06-de.pdf\" target=\"_blank\" rel=\"noopener\"><u>Aprire la scheda tecnica del prodotto<\/u><\/a><\/p>","protected":false},"excerpt":{"rendered":"<ul>\n<li>Il prodotto \u00e8 adatto al lavaggio industriale.<\/li>\n<li>Idrorepellente.<\/li>\n<li>Particolarmente morbido, poich\u00e9 il prodotto \u00e8 cucito anzich\u00e9 saldato.<\/li>\n<li>Possibilit\u00e0 di inserimento di targhette identificative e di chip HF e UHF.<\/li>\n<li>Tasche anteriori con chiusura a pressione nascosta.<\/li>\n<li>Il prodotto \u00e8 conforme ai principi HACCP.<\/li>\n<\/ul>","protected":false},"featured_media":556293,"template":"","meta":[],"product_brand":[],"product_cat":[4185],"product_tag":[],"class_list":{"0":"post-556243","1":"product","2":"type-product","3":"status-publish","4":"has-post-thumbnail","6":"product_cat-hosen","7":"pa_brand-mascot","8":"pa_brand-type-workwear","9":"pa_filter-color-weiss","11":"first","12":"instock","13":"sale","14":"taxable","15":"shipping-taxable","16":"purchasable","17":"product-type-variable","18":"add-to-wishlist-before_image"},"exclude_global_add_ons":[],"addons":[],"acf":[],"_links":{"self":[{"href":"https:\/\/shop.kustom.ch\/it\/wp-json\/wp\/v2\/product\/556243"}],"collection":[{"href":"https:\/\/shop.kustom.ch\/it\/wp-json\/wp\/v2\/product"}],"about":[{"href":"https:\/\/shop.kustom.ch\/it\/wp-json\/wp\/v2\/types\/product"}],"wp:featuredmedia":[{"embeddable":true,"href":"https:\/\/shop.kustom.ch\/it\/wp-json\/wp\/v2\/media\/556293"}],"wp:attachment":[{"href":"https:\/\/shop.kustom.ch\/it\/wp-json\/wp\/v2\/media?parent=556243"}],"wp:term":[{"taxonomy":"product_brand","embeddable":true,"href":"https:\/\/shop.kustom.ch\/it\/wp-json\/wp\/v2\/product_brand?post=556243"},{"taxonomy":"product_cat","embeddable":true,"href":"https:\/\/shop.kustom.ch\/it\/wp-json\/wp\/v2\/product_cat?post=556243"},{"taxonomy":"product_tag","embeddable":true,"href":"https:\/\/shop.kustom.ch\/it\/wp-json\/wp\/v2\/product_tag?post=556243"}],"curies":[{"name":"wp","href":"https:\/\/api.w.org\/{rel}","templated":true}]}}