{"id":551590,"date":"2025-03-04T01:47:37","date_gmt":"2025-03-04T00:47:37","guid":{"rendered":"https:\/\/shop.kustom.ch\/?post_type=product&#038;p=551590"},"modified":"2026-03-30T13:39:44","modified_gmt":"2026-03-30T12:39:44","slug":"hose-mit-knietaschen-customized-4","status":"publish","type":"product","link":"https:\/\/shop.kustom.ch\/it\/prodotto\/hose-mit-knietaschen-customized-4\/","title":{"rendered":"Pantaloni con tasche al ginocchio PERSONALIZZATI"},"content":{"rendered":"<p>Vestibilit\u00e0 donna DIAMOND. Tessuto elasticizzato di ultima generazione con peso ridotto ed elevata durata. Con finitura idrorepellente. Predisposizione per tasche pendenti con sistema di tasche a scatto. Doppie e triple impunture su gambe e cavallo. Gambe dei pantaloni dalla forma ergonomica. Fori di ventilazione sul retro delle ginocchia e sul retro della cintura. Passanti per la cintura. Passante per martello nascosto sul lato sinistro. Chiusura con cerniera. Ventilazione in rete con cerniera sui lati. Tasche anteriori. Due tasche posteriori, una con patta. Tasca per righello rinforzata con tessuto CORDURA\u00ae e piccola tasca esterna. Bottone (staccabile) per agganciare un portacoltelli. Tasca sulla coscia con scomparto per cellulare, chiusura magnetica e porta carte d'identit\u00e0 integrato. Il portacarta d'identit\u00e0 \u00e8 staccabile. Tasche con patta sulla parte anteriore della coscia. Tasche al ginocchio regolabili e ventilate in CORDURA\u00ae altamente resistente. Regolazione semplice e individuale dell'altezza delle tasche per le ginocchia. Regolazione dei bottoni a pressione alle caviglie. Effetti riflettenti. Per questo modello si consigliano le seguenti protezioni per le ginocchia: 00418-100, 00718-100, 50451-916 o 20118-915.<\/p>\n<p>OEKO-TEX\u00ae STANDARD 100<br \/>\n89% Poliammide riciclata\/11% Spandex<br \/>\nESTENSIONE FINALE. Pu\u00f2 restringersi al massimo. 3%.<br \/>\n180 g\/m\u00b2<br \/>\nLavaggio delicato max. 40\u00b0 C; non candeggiare; non asciugare in tamburo; non stirare; resiste ai normali lavaggi<\/p>\n<p><a href=\"https:\/\/mascotsitecore-1ccb8.kxcdn.com\/pdf\/22278-605-09-de.pdf\" target=\"_blank\" rel=\"noopener\"><u>Aprire la scheda tecnica del prodotto<\/u><\/a><\/p>","protected":false},"excerpt":{"rendered":"<ul>\n<li>Tessuto elasticizzato resistente e ultraleggero per una libert\u00e0 di movimento senza pari.<\/li>\n<li>Vestibilit\u00e0 femminile ottimizzata che si avvicina al corpo.<\/li>\n<li>Il sistema Click Pocket System consente di applicare esattamente le tasche sospese desiderate.<\/li>\n<li>Massimo comfort grazie alla ventilazione supplementare, giorno dopo giorno.<\/li>\n<li>Le tasche per ginocchia in CORDURA\u00ae, estremamente resistenti, proteggono le ginocchia senza compromettere la qualit\u00e0.<\/li>\n<li>Rivestimento idrorepellente e antisporco.<\/li>\n<\/ul>","protected":false},"featured_media":551607,"template":"","meta":[],"product_brand":[],"product_cat":[4185],"product_tag":[],"class_list":{"0":"post-551590","1":"product","2":"type-product","3":"status-publish","4":"has-post-thumbnail","6":"product_cat-hosen","7":"pa_brand-mascot","8":"pa_brand-type-workwear","9":"pa_filter-color-blau","10":"pa_filter-color-braun","11":"pa_filter-color-gruen","12":"pa_filter-color-schwarz","14":"first","15":"instock","16":"sale","17":"taxable","18":"shipping-taxable","19":"purchasable","20":"product-type-variable","21":"add-to-wishlist-before_image"},"exclude_global_add_ons":[],"addons":[],"acf":[],"_links":{"self":[{"href":"https:\/\/shop.kustom.ch\/it\/wp-json\/wp\/v2\/product\/551590"}],"collection":[{"href":"https:\/\/shop.kustom.ch\/it\/wp-json\/wp\/v2\/product"}],"about":[{"href":"https:\/\/shop.kustom.ch\/it\/wp-json\/wp\/v2\/types\/product"}],"wp:featuredmedia":[{"embeddable":true,"href":"https:\/\/shop.kustom.ch\/it\/wp-json\/wp\/v2\/media\/551607"}],"wp:attachment":[{"href":"https:\/\/shop.kustom.ch\/it\/wp-json\/wp\/v2\/media?parent=551590"}],"wp:term":[{"taxonomy":"product_brand","embeddable":true,"href":"https:\/\/shop.kustom.ch\/it\/wp-json\/wp\/v2\/product_brand?post=551590"},{"taxonomy":"product_cat","embeddable":true,"href":"https:\/\/shop.kustom.ch\/it\/wp-json\/wp\/v2\/product_cat?post=551590"},{"taxonomy":"product_tag","embeddable":true,"href":"https:\/\/shop.kustom.ch\/it\/wp-json\/wp\/v2\/product_tag?post=551590"}],"curies":[{"name":"wp","href":"https:\/\/api.w.org\/{rel}","templated":true}]}}