{"id":551094,"date":"2025-03-04T01:44:19","date_gmt":"2025-03-04T00:44:19","guid":{"rendered":"https:\/\/shop.kustom.ch\/?post_type=product&#038;p=551094"},"modified":"2026-03-30T13:38:20","modified_gmt":"2026-03-30T12:38:20","slug":"hose-mit-knietaschen-customized-3","status":"publish","type":"product","link":"https:\/\/shop.kustom.ch\/it\/prodotto\/hose-mit-knietaschen-customized-3\/","title":{"rendered":"Pantaloni con tasche al ginocchio PERSONALIZZATI"},"content":{"rendered":"<p>Tessuto elasticizzato di ultima generazione con peso ridotto ed elevata durata. Con finitura idrorepellente. Predisposizione per tasche sospese con sistema Click Pocket. Doppie e triple impunture sulle gambe e sul cavallo. Gambe dei pantaloni dalla forma ergonomica. Passanti per cintura. Chiusura con zip. Passante per martello nascosto. Tasche anteriori. Due tasche posteriori, una con patta. Tasca per il metro pieghevole rinforzata con tessuto CORDURA\u00ae e piccola tasca esterna. Bottone (staccabile) per il fissaggio di un portacoltelli. Tasca sulla coscia con scomparto per cellulare, chiusura magnetica e porta carte d'identit\u00e0 integrato. Il portacarta d'identit\u00e0 \u00e8 staccabile. Tasche con patta sulla parte anteriore della coscia. Tasche al ginocchio regolabili e ventilate in CORDURA\u00ae altamente resistente. Regolazione semplice e individuale dell'altezza delle tasche per le ginocchia. Regolazione dei bottoni a pressione alle caviglie. Effetti riflettenti. Per questo modello si consigliano le seguenti protezioni per le ginocchia: 00418-100, 00718-100, 50451-916 o 20118-915.<\/p>\n<p>OEKO-TEX\u00ae STANDARD 100<br \/>\n95% Poliammide riciclata\/5% Elastam<br \/>\nESTENSIONE FINALE. Pu\u00f2 restringersi al massimo. 3%.<br \/>\n316 g\/m\u00b2<br \/>\nLavaggio delicato max. 40\u00b0 C; non candeggiare; non asciugare in tamburo; non stirare; resiste ai normali lavaggi<\/p>\n<p><a href=\"https:\/\/mascotsitecore-1ccb8.kxcdn.com\/pdf\/22179-652-010-de.pdf\" target=\"_blank\" rel=\"noopener\"><u>Aprire la scheda tecnica del prodotto<\/u><\/a><\/p>","protected":false},"excerpt":{"rendered":"<ul>\n<li>Qualit\u00e0 del tessuto pi\u00f9 resistente per pantaloni pi\u00f9 caldi.<\/li>\n<li>L'elasticit\u00e0 particolarmente resistente offre un'impareggiabile libert\u00e0 di movimento.<\/li>\n<li>Le tasche per ginocchia in CORDURA\u00ae, estremamente resistenti, proteggono le ginocchia senza compromettere la qualit\u00e0.<\/li>\n<li>Il sistema Click Pocket System consente di applicare esattamente le tasche sospese desiderate.<\/li>\n<li>Rivestimento idrorepellente e antisporco.<\/li>\n<\/ul>","protected":false},"featured_media":551154,"template":"","meta":[],"product_brand":[],"product_cat":[4185],"product_tag":[],"class_list":{"0":"post-551094","1":"product","2":"type-product","3":"status-publish","4":"has-post-thumbnail","6":"product_cat-hosen","7":"pa_brand-mascot","8":"pa_brand-type-workwear","9":"pa_filter-color-grau","10":"pa_filter-color-gruen","11":"pa_filter-color-schwarz","13":"first","14":"instock","15":"sale","16":"taxable","17":"shipping-taxable","18":"purchasable","19":"product-type-variable","20":"add-to-wishlist-before_image"},"exclude_global_add_ons":[],"addons":[],"acf":[],"_links":{"self":[{"href":"https:\/\/shop.kustom.ch\/it\/wp-json\/wp\/v2\/product\/551094"}],"collection":[{"href":"https:\/\/shop.kustom.ch\/it\/wp-json\/wp\/v2\/product"}],"about":[{"href":"https:\/\/shop.kustom.ch\/it\/wp-json\/wp\/v2\/types\/product"}],"wp:featuredmedia":[{"embeddable":true,"href":"https:\/\/shop.kustom.ch\/it\/wp-json\/wp\/v2\/media\/551154"}],"wp:attachment":[{"href":"https:\/\/shop.kustom.ch\/it\/wp-json\/wp\/v2\/media?parent=551094"}],"wp:term":[{"taxonomy":"product_brand","embeddable":true,"href":"https:\/\/shop.kustom.ch\/it\/wp-json\/wp\/v2\/product_brand?post=551094"},{"taxonomy":"product_cat","embeddable":true,"href":"https:\/\/shop.kustom.ch\/it\/wp-json\/wp\/v2\/product_cat?post=551094"},{"taxonomy":"product_tag","embeddable":true,"href":"https:\/\/shop.kustom.ch\/it\/wp-json\/wp\/v2\/product_tag?post=551094"}],"curies":[{"name":"wp","href":"https:\/\/api.w.org\/{rel}","templated":true}]}}