{"id":550412,"date":"2025-03-04T01:39:16","date_gmt":"2025-03-04T00:39:16","guid":{"rendered":"https:\/\/shop.kustom.ch\/?post_type=product&#038;p=550412"},"modified":"2026-03-30T13:35:48","modified_gmt":"2026-03-30T12:35:48","slug":"hose-mit-knietaschen-customized-2","status":"publish","type":"product","link":"https:\/\/shop.kustom.ch\/it\/prodotto\/hose-mit-knietaschen-customized-2\/","title":{"rendered":"Pantaloni con tasche al ginocchio PERSONALIZZATI"},"content":{"rendered":"<p>Sviluppato con particolare attenzione al settore della verniciatura, ad esempio sotto forma di tasche speciali. Tessuto elasticizzato di ultima generazione con peso ridotto ed elevata durata. Con finitura idrorepellente. Predisposto per tasche sospese con sistema Click Pocket. Doppie e triple impunture sulle gambe e sul cavallo. Gambe dei pantaloni dalla forma ergonomica. Fori di ventilazione sul retro delle ginocchia e sul retro della cintura. Passanti per cintura. Chiusura con cerniera. Ventilazione in rete con cerniera ai lati. Tasche anteriori. Due tasche posteriori, una con patta. Tasca aperta sul lato della coscia con una piccola tasca esterna con spazio per un pennello. Tasca sulla coscia con scomparto per il cellulare, chiusura magnetica e porta carte d'identit\u00e0 integrato. Il portacarta d'identit\u00e0 \u00e8 staccabile. Tasche con patta sulla parte anteriore della coscia. Tasche al ginocchio regolabili e ventilate in CORDURA\u00ae altamente resistente. Regolazione semplice e individuale dell'altezza delle tasche per le ginocchia. La lunghezza del cavallo pu\u00f2 essere allungata di 3 cm srotolando la cucitura rossa sul lato interno della gamba. Effetti riflettenti. Per questo modello si consigliano le seguenti protezioni per le ginocchia: 00418-100, 00718-100, 50451-916 o 20118-915. Certificato insieme alla ginocchiera di tipo SHORT o LONG in conformit\u00e0 alla norma EN 14404.<\/p>\n<p>OEKO-TEX\u00ae STANDARD 100<br \/>\n89% Poliammide riciclata\/11% Spandex<br \/>\nESTENSIONE FINALE. Pu\u00f2 restringersi fino a un massimo di 3%. Colore 0689: 83% poliestere riciclato\/17% elastan.<br \/>\n180 g\/m\u00b2<br \/>\nLavaggio delicato max. 40\u00b0 C; non candeggiare; non asciugare in tamburo; non stirare; resiste ai normali lavaggi<\/p>\n<p><a href=\"https:\/\/mascotsitecore-1ccb8.kxcdn.com\/pdf\/22079-605-06-de.pdf\" target=\"_blank\" rel=\"noopener\"><u>Aprire la scheda tecnica del prodotto<\/u><\/a><\/p>","protected":false},"excerpt":{"rendered":"<ul>\n<li>Sviluppato con particolare attenzione al settore della pittura, ad esempio sotto forma di borse speciali.<\/li>\n<li>Tessuto elasticizzato resistente e ultraleggero per una libert\u00e0 di movimento senza pari.<\/li>\n<li>Il sistema Click Pocket System consente di applicare esattamente le tasche sospese desiderate.<\/li>\n<li>Massimo comfort grazie alla ventilazione supplementare, giorno dopo giorno.<\/li>\n<li>Le tasche per ginocchia in CORDURA\u00ae, estremamente resistenti, proteggono le ginocchia senza compromettere la qualit\u00e0.<\/li>\n<li>Rivestimento idrorepellente e antisporco.<\/li>\n<li>Le gambe dei pantaloni possono essere facilmente rimosse e allungate di 3 cm.<\/li>\n<\/ul>","protected":false},"featured_media":550456,"template":"","meta":[],"product_brand":[],"product_cat":[4185],"product_tag":[],"class_list":{"0":"post-550412","1":"product","2":"type-product","3":"status-publish","4":"has-post-thumbnail","6":"product_cat-hosen","7":"pa_brand-mascot","8":"pa_brand-type-workwear","9":"pa_filter-color-grau","10":"pa_filter-color-weiss","12":"first","13":"instock","14":"sale","15":"taxable","16":"shipping-taxable","17":"purchasable","18":"product-type-variable","19":"add-to-wishlist-before_image"},"exclude_global_add_ons":[],"addons":[],"acf":[],"_links":{"self":[{"href":"https:\/\/shop.kustom.ch\/it\/wp-json\/wp\/v2\/product\/550412"}],"collection":[{"href":"https:\/\/shop.kustom.ch\/it\/wp-json\/wp\/v2\/product"}],"about":[{"href":"https:\/\/shop.kustom.ch\/it\/wp-json\/wp\/v2\/types\/product"}],"wp:featuredmedia":[{"embeddable":true,"href":"https:\/\/shop.kustom.ch\/it\/wp-json\/wp\/v2\/media\/550456"}],"wp:attachment":[{"href":"https:\/\/shop.kustom.ch\/it\/wp-json\/wp\/v2\/media?parent=550412"}],"wp:term":[{"taxonomy":"product_brand","embeddable":true,"href":"https:\/\/shop.kustom.ch\/it\/wp-json\/wp\/v2\/product_brand?post=550412"},{"taxonomy":"product_cat","embeddable":true,"href":"https:\/\/shop.kustom.ch\/it\/wp-json\/wp\/v2\/product_cat?post=550412"},{"taxonomy":"product_tag","embeddable":true,"href":"https:\/\/shop.kustom.ch\/it\/wp-json\/wp\/v2\/product_tag?post=550412"}],"curies":[{"name":"wp","href":"https:\/\/api.w.org\/{rel}","templated":true}]}}