{"id":550240,"date":"2025-03-04T01:37:55","date_gmt":"2025-03-04T00:37:55","guid":{"rendered":"https:\/\/shop.kustom.ch\/?post_type=product&#038;p=550240"},"modified":"2026-03-30T13:35:27","modified_gmt":"2026-03-30T12:35:27","slug":"kombihose-mit-knietaschen-customized","status":"publish","type":"product","link":"https:\/\/shop.kustom.ch\/it\/prodotto\/kombihose-mit-knietaschen-customized\/","title":{"rendered":"Pantaloni combinati con tasche al ginocchio PERSONALIZZATI"},"content":{"rendered":"<p>Tessuto elasticizzato di ultima generazione con peso ridotto ed elevata durata. Con finitura idrorepellente. Predisposizione per tasche sospese con sistema Click Pocket. Doppie e triple impunture sulle gambe e sul cavallo. Gambe dei pantaloni dalla forma ergonomica. Passanti per cintura. Chiusura con zip bidirezionale e patta di protezione dalle intemperie. Tasche anteriori. Due tasche posteriori, una con patta. Ventilazione sui lati. Bottone (staccabile) per il fissaggio di un portacoltelli. Passante per martello nascosto. Tasca per il metro pieghevole e piccola tasca esterna rinforzata con tessuto CORDURA\u00ae. Tasca sulla coscia con scomparto per cellulare, chiusura magnetica e porta carte d'identit\u00e0 integrato. Il portacarta d'identit\u00e0 \u00e8 staccabile. Tasche con patta sulla parte anteriore della coscia. Fori di ventilazione sul retro della cintura. Tasche al ginocchio regolabili e ventilate in CORDURA\u00ae altamente resistente. Regolazione semplice e individuale dell'altezza delle tasche per le ginocchia. Effetti riflettenti. Ventilazione nella parte posteriore. Tasche sul petto, di cui due aperte, una con patta e chiusura magnetica e una con zip. Spallacci regolabili con chiusura a velcro. Regolazione dei bottoni a pressione alle caviglie. Per questo modello si consigliano le seguenti protezioni per le ginocchia: 00418-100, 00718-100, 50451-916 o 20118-915. Certificato insieme alla ginocchiera di tipo SHORT o LONG in conformit\u00e0 alla norma EN 14404.<\/p>\n<p>OEKO-TEX\u00ae STANDARD 100<br \/>\n92% poliammide\/8% elastan<br \/>\nESTENSIONE FINALE. Pu\u00f2 restringersi al massimo. 2%.<br \/>\n235 g\/m\u00b2<br \/>\nLavaggio delicato max. 40\u00b0 C; non candeggiare; non asciugare in tamburo; stirare a bassa temperatura max. 100\u00b0 C; resiste alla normale pulizia<\/p>\n<p><a href=\"https:\/\/mascotsitecore-1ccb8.kxcdn.com\/pdf\/22069-311-010-de.pdf\" target=\"_blank\" rel=\"noopener\"><u>Aprire la scheda tecnica del prodotto<\/u><\/a><\/p>","protected":false},"excerpt":{"rendered":"<ul>\n<li>Peso ridotto, elevata durata e ULTIMATE STRETCH garantiscono un'ampia libert\u00e0 di movimento.<\/li>\n<li>Il sistema Click Pocket System consente di applicare esattamente le tasche sospese desiderate.<\/li>\n<li>Massimo comfort grazie alla ventilazione supplementare, giorno dopo giorno.<\/li>\n<li>Le tasche per ginocchia in CORDURA\u00ae, estremamente resistenti, proteggono le ginocchia senza compromettere la qualit\u00e0.<\/li>\n<li>Rivestimento idrorepellente e antisporco.<\/li>\n<\/ul>","protected":false},"featured_media":550270,"template":"","meta":[],"product_brand":[],"product_cat":[4185],"product_tag":[],"class_list":{"0":"post-550240","1":"product","2":"type-product","3":"status-publish","4":"has-post-thumbnail","6":"product_cat-hosen","7":"pa_brand-mascot","8":"pa_brand-type-workwear","9":"pa_filter-color-braun","10":"pa_filter-color-grau","11":"pa_filter-color-schwarz","13":"first","14":"instock","15":"sale","16":"taxable","17":"shipping-taxable","18":"purchasable","19":"product-type-variable","20":"add-to-wishlist-before_image"},"exclude_global_add_ons":[],"addons":[],"acf":[],"_links":{"self":[{"href":"https:\/\/shop.kustom.ch\/it\/wp-json\/wp\/v2\/product\/550240"}],"collection":[{"href":"https:\/\/shop.kustom.ch\/it\/wp-json\/wp\/v2\/product"}],"about":[{"href":"https:\/\/shop.kustom.ch\/it\/wp-json\/wp\/v2\/types\/product"}],"wp:featuredmedia":[{"embeddable":true,"href":"https:\/\/shop.kustom.ch\/it\/wp-json\/wp\/v2\/media\/550270"}],"wp:attachment":[{"href":"https:\/\/shop.kustom.ch\/it\/wp-json\/wp\/v2\/media?parent=550240"}],"wp:term":[{"taxonomy":"product_brand","embeddable":true,"href":"https:\/\/shop.kustom.ch\/it\/wp-json\/wp\/v2\/product_brand?post=550240"},{"taxonomy":"product_cat","embeddable":true,"href":"https:\/\/shop.kustom.ch\/it\/wp-json\/wp\/v2\/product_cat?post=550240"},{"taxonomy":"product_tag","embeddable":true,"href":"https:\/\/shop.kustom.ch\/it\/wp-json\/wp\/v2\/product_tag?post=550240"}],"curies":[{"name":"wp","href":"https:\/\/api.w.org\/{rel}","templated":true}]}}