{"id":546139,"date":"2025-03-04T01:03:12","date_gmt":"2025-03-04T00:03:12","guid":{"rendered":"https:\/\/shop.kustom.ch\/?post_type=product&#038;p=546139"},"modified":"2026-03-30T13:20:55","modified_gmt":"2026-03-30T12:20:55","slug":"polo-shirt-crossover-2","status":"publish","type":"product","link":"https:\/\/shop.kustom.ch\/it\/prodotto\/polo-shirt-crossover-2\/","title":{"rendered":"Polo CROSSOVER"},"content":{"rendered":"<p>Prestazioni premium. Vestibilit\u00e0 moderna. Qualit\u00e0 robusta. Polsini a coste sul colletto. Abbottonatura con bottoni a pressione nascosti. Nastro per il collo. Possibilit\u00e0 di inserire badge, chip HF e UHF. Adatto al lavaggio industriale.<\/p>\n<p>OEKO-TEX\u00ae STANDARD 100; ProWash\u00ae - EN ISO 15797<br \/>\n60% cotone\/40% poliestere<br \/>\nPiqu\u00e9 al metro.<br \/>\n210 g\/m\u00b2<br \/>\nLavaggio colorato, max. 60\u00b0 C; non candeggiare; resiste all'asciugatura in tamburo - temperatura iniziale max. 80\u00b0 C; stiratura a media temperatura, max. 150\u00b0 C; tollera la normale pulizia<\/p>\n<p><a href=\"https:\/\/mascotsitecore-1ccb8.kxcdn.com\/pdf\/20183-961-010-de.pdf\" target=\"_blank\" rel=\"noopener\"><u>Aprire la scheda tecnica del prodotto<\/u><\/a><\/p>","protected":false},"excerpt":{"rendered":"<ul>\n<li>Il prodotto \u00e8 adatto al lavaggio industriale.<\/li>\n<li>Il prodotto mantiene il suo colore e la sua forma chic anche dopo il lavaggio.<\/li>\n<li>Preparato per l'uso di chip HF.<\/li>\n<li>Vestibilit\u00e0 moderna e aderente con ampia libert\u00e0 di movimento.<\/li>\n<li>Le cuciture del collo sono coperte da un materiale morbido e imbottito, in modo da non intralciare il movimento.<\/li>\n<\/ul>","protected":false},"featured_media":546192,"template":"","meta":[],"product_brand":[],"product_cat":[4193],"product_tag":[],"class_list":{"0":"post-546139","1":"product","2":"type-product","3":"status-publish","4":"has-post-thumbnail","6":"product_cat-polos","7":"pa_brand-mascot","8":"pa_brand-type-workwear","9":"pa_filter-color-blau","10":"pa_filter-color-gelb","11":"pa_filter-color-grau","12":"pa_filter-color-gruen","13":"pa_filter-color-rot","14":"pa_filter-color-schwarz","15":"pa_filter-color-weiss","17":"first","18":"instock","19":"sale","20":"taxable","21":"shipping-taxable","22":"purchasable","23":"product-type-variable","24":"add-to-wishlist-before_image"},"exclude_global_add_ons":[],"addons":[],"acf":[],"_links":{"self":[{"href":"https:\/\/shop.kustom.ch\/it\/wp-json\/wp\/v2\/product\/546139"}],"collection":[{"href":"https:\/\/shop.kustom.ch\/it\/wp-json\/wp\/v2\/product"}],"about":[{"href":"https:\/\/shop.kustom.ch\/it\/wp-json\/wp\/v2\/types\/product"}],"wp:featuredmedia":[{"embeddable":true,"href":"https:\/\/shop.kustom.ch\/it\/wp-json\/wp\/v2\/media\/546192"}],"wp:attachment":[{"href":"https:\/\/shop.kustom.ch\/it\/wp-json\/wp\/v2\/media?parent=546139"}],"wp:term":[{"taxonomy":"product_brand","embeddable":true,"href":"https:\/\/shop.kustom.ch\/it\/wp-json\/wp\/v2\/product_brand?post=546139"},{"taxonomy":"product_cat","embeddable":true,"href":"https:\/\/shop.kustom.ch\/it\/wp-json\/wp\/v2\/product_cat?post=546139"},{"taxonomy":"product_tag","embeddable":true,"href":"https:\/\/shop.kustom.ch\/it\/wp-json\/wp\/v2\/product_tag?post=546139"}],"curies":[{"name":"wp","href":"https:\/\/api.w.org\/{rel}","templated":true}]}}