{"id":544987,"date":"2025-03-04T00:49:45","date_gmt":"2025-03-03T23:49:45","guid":{"rendered":"https:\/\/shop.kustom.ch\/?post_type=product&#038;p=544987"},"modified":"2026-03-30T13:15:49","modified_gmt":"2026-03-30T12:15:49","slug":"haengetaschen-complete-2","status":"publish","type":"product","link":"https:\/\/shop.kustom.ch\/it\/prodotto\/haengetaschen-complete-2\/","title":{"rendered":"Borse appese COMPLETE"},"content":{"rendered":"<p>Tessuto elasticizzato di ultima generazione con peso ridotto e buona durata. Tasca interna appesa con chiusura a bottone a pressione. Tasca foderata per cellulare e chiusura magnetica. Molto resistente e ricco di tasche. Rinforzi in tessuto Kevlar\u00ae e CORDURA\u00ae su varie parti del prodotto. Pu\u00f2 essere agganciato a qualsiasi cintura. Da agganciare a una cintura solida, ad esempio 0352A-990. Dimensioni 20 x 24 cm.<\/p>\n<p>OEKO-TEX\u00ae STANDARD 100<br \/>\n92% poliestere\/8% spandex<br \/>\nESTENSIONE FINALE. Pu\u00f2 restringersi al massimo di 2%. Il prodotto \u00e8 certificato per mantenere le sue propriet\u00e0 dopo 50 lavaggi.<br \/>\n265 g\/m\u00b2<br \/>\nLavaggio delicato max. 40\u00b0 C; non candeggiare; non asciugare in tamburo; non stirare; resiste ai normali lavaggi<\/p>\n<p><a href=\"https:\/\/mascotsitecore-1ccb8.kxcdn.com\/pdf\/19050-711-14-de.pdf\" target=\"_blank\" rel=\"noopener\"><u>Aprire la scheda tecnica del prodotto<\/u><\/a><\/p>","protected":false},"excerpt":{"rendered":"<ul>\n<li>Il tessuto elasticizzato multifunzionale combina un peso ridotto con un'elevata resistenza ed \u00e8 anche idrorepellente.<\/li>\n<li>Rinforzi in tessuto Kevlar\u00ae e CORDURA\u00ae su varie parti del prodotto.<\/li>\n<li>Per il fissaggio a una cintura solida, ad esempio MASCOT\u00ae Zanzibar.<\/li>\n<li>Pu\u00f2 essere agganciato alla cintura secondo le necessit\u00e0.<\/li>\n<li>Particolarmente resistente, numerose tasche con fondo chiuso.<\/li>\n<\/ul>","protected":false},"featured_media":545078,"template":"","meta":[],"product_brand":[],"product_cat":[9643,10507],"product_tag":[],"class_list":{"0":"post-544987","1":"product","2":"type-product","3":"status-publish","4":"has-post-thumbnail","6":"product_cat-equipment","7":"product_cat-haengetaschen","8":"pa_brand-mascot","9":"pa_brand-type-workwear","10":"pa_filter-color-gelb","11":"pa_filter-color-orange","12":"pa_filter-color-rot","14":"first","15":"instock","16":"sale","17":"taxable","18":"shipping-taxable","19":"purchasable","20":"product-type-variable","21":"add-to-wishlist-before_image"},"exclude_global_add_ons":[],"addons":[],"acf":[],"_links":{"self":[{"href":"https:\/\/shop.kustom.ch\/it\/wp-json\/wp\/v2\/product\/544987"}],"collection":[{"href":"https:\/\/shop.kustom.ch\/it\/wp-json\/wp\/v2\/product"}],"about":[{"href":"https:\/\/shop.kustom.ch\/it\/wp-json\/wp\/v2\/types\/product"}],"wp:featuredmedia":[{"embeddable":true,"href":"https:\/\/shop.kustom.ch\/it\/wp-json\/wp\/v2\/media\/545078"}],"wp:attachment":[{"href":"https:\/\/shop.kustom.ch\/it\/wp-json\/wp\/v2\/media?parent=544987"}],"wp:term":[{"taxonomy":"product_brand","embeddable":true,"href":"https:\/\/shop.kustom.ch\/it\/wp-json\/wp\/v2\/product_brand?post=544987"},{"taxonomy":"product_cat","embeddable":true,"href":"https:\/\/shop.kustom.ch\/it\/wp-json\/wp\/v2\/product_cat?post=544987"},{"taxonomy":"product_tag","embeddable":true,"href":"https:\/\/shop.kustom.ch\/it\/wp-json\/wp\/v2\/product_tag?post=544987"}],"curies":[{"name":"wp","href":"https:\/\/api.w.org\/{rel}","templated":true}]}}