{"id":544375,"date":"2025-03-04T00:44:26","date_gmt":"2025-03-03T23:44:26","guid":{"rendered":"https:\/\/shop.kustom.ch\/?post_type=product&#038;p=544375"},"modified":"2026-03-30T13:13:04","modified_gmt":"2026-03-30T12:13:04","slug":"hose-mit-knietaschen-advanced-4","status":"publish","type":"product","link":"https:\/\/shop.kustom.ch\/it\/prodotto\/hose-mit-knietaschen-advanced-4\/","title":{"rendered":"Pantaloni con tasche al ginocchio AVANZATO"},"content":{"rendered":"<p>Vestibilit\u00e0 PEARL da donna. Con finitura idrorepellente. Tessuto elasticizzato di ultima generazione con peso ridotto ed elevata durata. Il tessuto \u00e8 quasi impercettibile sulla pelle perch\u00e9 le tasche sono integrate nel design. Doppie impunture sulle gambe e sul cavallo. Vita bassa. Le gambe dei pantaloni hanno una forma ergonomica. Passanti per cintura. Chiusura con zip. Tasche anteriori. Tasche posteriori. Tasca sulla coscia con scomparto per cellulare, chiusura magnetica e porta carte d'identit\u00e0 integrato. Il portacarta d'identit\u00e0 \u00e8 staccabile. Tasca a soffietto in tessuto CORDURA\u00ae con tasche extra. Tasche per ginocchia resistenti e ventilate in CORDURA\u00ae (500 D). Effetti riflettenti. Per questo modello si consigliano le seguenti protezioni per le ginocchia: 00718-100, 50451-916 o 20118-915. Certificato insieme alla ginocchiera tipo LONG in conformit\u00e0 alla norma EN 14404.<\/p>\n<p>OEKO-TEX\u00ae STANDARD 100<br \/>\n92% poliammide\/8% elastan<br \/>\nESTENSIONE FINALE. Pu\u00f2 restringersi al massimo. 2%.<br \/>\n235 g\/m\u00b2<br \/>\nLavaggio delicato max. 40\u00b0 C; non candeggiare; non asciugare in tamburo; stirare a bassa temperatura max. 100\u00b0 C; resiste alla normale pulizia<\/p>\n<p><a href=\"https:\/\/mascotsitecore-1ccb8.kxcdn.com\/pdf\/18388-311-06-de.pdf\" target=\"_blank\" rel=\"noopener\"><u>Aprire la scheda tecnica del prodotto<\/u><\/a><\/p>","protected":false},"excerpt":{"rendered":"<ul>\n<li>Pearl Fit \u00e8 stato progettato appositamente per le donne con meno di 20 cm di differenza tra le misure della vita e dei fianchi.<\/li>\n<li>Il tessuto elasticizzato \u00e8 elastico in tutte le direzioni e offre un'impareggiabile libert\u00e0 di movimento, dove nulla si allunga o intralcia.<\/li>\n<li>Il tessuto elasticizzato multifunzionale combina un peso ridotto con una durata molto elevata ed \u00e8 anche idrorepellente.<\/li>\n<li>Le tasche per le ginocchia in resistente tessuto CORDURA\u00ae sono regolabili in modo che la protezione del ginocchio sia sempre posizionata in modo ottimale.<\/li>\n<li>Tasca sulla coscia con portacellulare e porta carte d'identit\u00e0 integrato.<\/li>\n<li>Migliore visibilit\u00e0 dell'ambiente circostante grazie agli effetti di riflesso.<\/li>\n<li>Certificato per l'uso con la ginocchiera MASCOT di tipo SHORT o LONG, poich\u00e9 la tasca della ginocchiera \u00e8 regolabile in altezza.<\/li>\n<\/ul>","protected":false},"featured_media":544409,"template":"","meta":[],"product_brand":[],"product_cat":[4185],"product_tag":[],"class_list":{"0":"post-544375","1":"product","2":"type-product","3":"status-publish","4":"has-post-thumbnail","6":"product_cat-hosen","7":"pa_brand-mascot","8":"pa_brand-type-workwear","9":"pa_filter-color-weiss","11":"first","12":"instock","13":"sale","14":"taxable","15":"shipping-taxable","16":"purchasable","17":"product-type-variable","18":"add-to-wishlist-before_image"},"exclude_global_add_ons":[],"addons":[],"acf":[],"_links":{"self":[{"href":"https:\/\/shop.kustom.ch\/it\/wp-json\/wp\/v2\/product\/544375"}],"collection":[{"href":"https:\/\/shop.kustom.ch\/it\/wp-json\/wp\/v2\/product"}],"about":[{"href":"https:\/\/shop.kustom.ch\/it\/wp-json\/wp\/v2\/types\/product"}],"wp:featuredmedia":[{"embeddable":true,"href":"https:\/\/shop.kustom.ch\/it\/wp-json\/wp\/v2\/media\/544409"}],"wp:attachment":[{"href":"https:\/\/shop.kustom.ch\/it\/wp-json\/wp\/v2\/media?parent=544375"}],"wp:term":[{"taxonomy":"product_brand","embeddable":true,"href":"https:\/\/shop.kustom.ch\/it\/wp-json\/wp\/v2\/product_brand?post=544375"},{"taxonomy":"product_cat","embeddable":true,"href":"https:\/\/shop.kustom.ch\/it\/wp-json\/wp\/v2\/product_cat?post=544375"},{"taxonomy":"product_tag","embeddable":true,"href":"https:\/\/shop.kustom.ch\/it\/wp-json\/wp\/v2\/product_tag?post=544375"}],"curies":[{"name":"wp","href":"https:\/\/api.w.org\/{rel}","templated":true}]}}