{"id":544268,"date":"2025-03-04T00:43:17","date_gmt":"2025-03-03T23:43:17","guid":{"rendered":"https:\/\/shop.kustom.ch\/?post_type=product&#038;p=544268"},"modified":"2026-03-30T13:12:50","modified_gmt":"2026-03-30T12:12:50","slug":"sweatshirt-mit-reissverschluss-advanced","status":"publish","type":"product","link":"https:\/\/shop.kustom.ch\/it\/prodotto\/sweatshirt-mit-reissverschluss-advanced\/","title":{"rendered":"Felpa con zip ADVANCED"},"content":{"rendered":"<p>Premium. Vestibilit\u00e0 moderna e aderente con ampia libert\u00e0 di movimento. Le maniche dal taglio ergonomico consentono una grande libert\u00e0 di movimento. Chiusura con zip e striscia interna di protezione dalle intemperie. Tasche anteriori con zip. Tasca sul petto con zip. Tasche interne. Colletto rialzato con cordoncini elastici regolabili. Ventilazione sotto le maniche. Tessuto elasticizzato sui lati. Orlo inferiore elasticizzato regolabile.<\/p>\n<p>OEKO-TEX\u00ae STANDARD 100<br \/>\n69% cotone\/26% poliestere\/5% elastane<br \/>\nMaglieria a metraggio.<br \/>\n380 g\/m\u00b2<br \/>\nLavaggio delicato max. 40\u00b0 C; non candeggiare; non asciugare in tamburo; non stirare; resiste ai normali lavaggi<\/p>\n<p><a href=\"https:\/\/mascotsitecore-1ccb8.kxcdn.com\/pdf\/17484-319-01009-de.pdf\" target=\"_blank\" rel=\"noopener\"><u>Aprire la scheda tecnica del prodotto<\/u><\/a><\/p>","protected":false},"excerpt":{"rendered":"<ul>\n<li>Vestibilit\u00e0 moderna e aderente con ampia libert\u00e0 di movimento.<\/li>\n<li>Colletto extra alto e regolabile - i fermacorda sono nascosti nel colletto e non interferiscono con la vestizione.<\/li>\n<li>Con cerniera e striscia di protezione dalle intemperie all'interno per tenere lontano il vento.<\/li>\n<li>Aperture di ventilazione sotto le braccia.<\/li>\n<li>Orlo elasticizzato regolabile.<\/li>\n<\/ul>","protected":false},"featured_media":544280,"template":"","meta":[],"product_brand":[],"product_cat":[4191],"product_tag":[],"class_list":{"0":"post-544268","1":"product","2":"type-product","3":"status-publish","4":"has-post-thumbnail","6":"product_cat-longsleeves-sweatshirts","7":"pa_brand-mascot","8":"pa_brand-type-workwear","9":"pa_filter-color-schwarz","11":"first","12":"instock","13":"sale","14":"taxable","15":"shipping-taxable","16":"purchasable","17":"product-type-variable","18":"add-to-wishlist-before_image"},"exclude_global_add_ons":[],"addons":[],"acf":[],"_links":{"self":[{"href":"https:\/\/shop.kustom.ch\/it\/wp-json\/wp\/v2\/product\/544268"}],"collection":[{"href":"https:\/\/shop.kustom.ch\/it\/wp-json\/wp\/v2\/product"}],"about":[{"href":"https:\/\/shop.kustom.ch\/it\/wp-json\/wp\/v2\/types\/product"}],"wp:featuredmedia":[{"embeddable":true,"href":"https:\/\/shop.kustom.ch\/it\/wp-json\/wp\/v2\/media\/544280"}],"wp:attachment":[{"href":"https:\/\/shop.kustom.ch\/it\/wp-json\/wp\/v2\/media?parent=544268"}],"wp:term":[{"taxonomy":"product_brand","embeddable":true,"href":"https:\/\/shop.kustom.ch\/it\/wp-json\/wp\/v2\/product_brand?post=544268"},{"taxonomy":"product_cat","embeddable":true,"href":"https:\/\/shop.kustom.ch\/it\/wp-json\/wp\/v2\/product_cat?post=544268"},{"taxonomy":"product_tag","embeddable":true,"href":"https:\/\/shop.kustom.ch\/it\/wp-json\/wp\/v2\/product_tag?post=544268"}],"curies":[{"name":"wp","href":"https:\/\/api.w.org\/{rel}","templated":true}]}}