{"id":544153,"date":"2025-03-04T00:42:37","date_gmt":"2025-03-03T23:42:37","guid":{"rendered":"https:\/\/shop.kustom.ch\/?post_type=product&#038;p=544153"},"modified":"2026-03-30T13:12:34","modified_gmt":"2026-03-30T12:12:34","slug":"t-shirt-langarm-advanced","status":"publish","type":"product","link":"https:\/\/shop.kustom.ch\/it\/prodotto\/t-shirt-langarm-advanced\/","title":{"rendered":"Maglietta, manica lunga ADVANCED"},"content":{"rendered":"<p>Premium. Traspirazione dell'umidit\u00e0. Asciugatura rapida. Antibatterico. Vestibilit\u00e0 moderna e aderente con ampia libert\u00e0 di movimento. Nastro sul collo. Polsini a coste sul collo.<\/p>\n<p>OEKO-TEX\u00ae STANDARD 100<br \/>\n92% poliestere\/8% spandex<br \/>\nMaglia singola al metro.<br \/>\n160 g\/m\u00b2<br \/>\nLavaggio delicato max. 40\u00b0 C; non candeggiare; non asciugare in tamburo; non stirare; resiste ai normali lavaggi<\/p>\n<p><a href=\"https:\/\/mascotsitecore-1ccb8.kxcdn.com\/pdf\/17281-944-010-de.pdf\" target=\"_blank\" rel=\"noopener\"><u>Aprire la scheda tecnica del prodotto<\/u><\/a><\/p>","protected":false},"excerpt":{"rendered":"<ul>\n<li>Antibatterico e traspirante.<\/li>\n<li>Asciugatura rapida - importante per evitare che il corpo si raffreddi.<\/li>\n<li>Vestibilit\u00e0 moderna e aderente con ampia libert\u00e0 di movimento.<\/li>\n<li>Le cuciture del collo sono coperte da un materiale morbido e imbottito, in modo da non intralciare il movimento.<\/li>\n<li>Polsini a coste sul collo.<\/li>\n<\/ul>","protected":false},"featured_media":544207,"template":"","meta":[],"product_brand":[],"product_cat":[4201],"product_tag":[],"class_list":{"0":"post-544153","1":"product","2":"type-product","3":"status-publish","4":"has-post-thumbnail","6":"product_cat-t-shirts","7":"pa_brand-mascot","8":"pa_brand-type-workwear","9":"pa_filter-color-schwarz","11":"first","12":"instock","13":"sale","14":"taxable","15":"shipping-taxable","16":"purchasable","17":"product-type-variable","18":"add-to-wishlist-before_image"},"exclude_global_add_ons":[],"addons":[],"acf":[],"_links":{"self":[{"href":"https:\/\/shop.kustom.ch\/it\/wp-json\/wp\/v2\/product\/544153"}],"collection":[{"href":"https:\/\/shop.kustom.ch\/it\/wp-json\/wp\/v2\/product"}],"about":[{"href":"https:\/\/shop.kustom.ch\/it\/wp-json\/wp\/v2\/types\/product"}],"wp:featuredmedia":[{"embeddable":true,"href":"https:\/\/shop.kustom.ch\/it\/wp-json\/wp\/v2\/media\/544207"}],"wp:attachment":[{"href":"https:\/\/shop.kustom.ch\/it\/wp-json\/wp\/v2\/media?parent=544153"}],"wp:term":[{"taxonomy":"product_brand","embeddable":true,"href":"https:\/\/shop.kustom.ch\/it\/wp-json\/wp\/v2\/product_brand?post=544153"},{"taxonomy":"product_cat","embeddable":true,"href":"https:\/\/shop.kustom.ch\/it\/wp-json\/wp\/v2\/product_cat?post=544153"},{"taxonomy":"product_tag","embeddable":true,"href":"https:\/\/shop.kustom.ch\/it\/wp-json\/wp\/v2\/product_tag?post=544153"}],"curies":[{"name":"wp","href":"https:\/\/api.w.org\/{rel}","templated":true}]}}