{"id":543436,"date":"2025-03-04T00:37:41","date_gmt":"2025-03-03T23:37:41","guid":{"rendered":"https:\/\/shop.kustom.ch\/?post_type=product&#038;p=543436"},"modified":"2026-03-30T13:11:22","modified_gmt":"2026-03-30T12:11:22","slug":"strickjacke-mit-reissverschluss-advanced","status":"publish","type":"product","link":"https:\/\/shop.kustom.ch\/it\/prodotto\/strickjacke-mit-reissverschluss-advanced\/","title":{"rendered":"Cardigan con zip AVANZATO"},"content":{"rendered":"<p>Traspirante, antivento e idrorepellente. Vestibilit\u00e0 moderna e aderente con ampia libert\u00e0 di movimento. Le maniche dal taglio ergonomico consentono una grande libert\u00e0 di movimento. Chiusura a zip con striscia interna di protezione dalle intemperie. Tasca sul petto con zip. Tasche anteriori con zip. Tasche interne. Colletto rialzato con cordoncini elastici regolabili. Polsi elasticizzati. Orlo inferiore elasticizzato regolabile. Ventilazione sotto le maniche. Tessuto elasticizzato sui lati. Effetti riflettenti.<\/p>\n<p>OEKO-TEX\u00ae STANDARD 100<br \/>\n78% poliestere\/15% poliacrilico\/5% viscosa\/2% lana<br \/>\nTessuto a maglia al metro. Pu\u00f2 restringersi fino a un massimo di 3%.<br \/>\n460 g\/m\u00b2<br \/>\nLavaggio delicato max. 40\u00b0 C; non candeggiare; non asciugare in tamburo; non stirare; resiste alla normale pulizia<\/p>\n<p><a href=\"https:\/\/mascotsitecore-1ccb8.kxcdn.com\/pdf\/17105-309-01009-de.pdf\" target=\"_blank\" rel=\"noopener\"><u>Aprire la scheda tecnica del prodotto<\/u><\/a><\/p>","protected":false},"excerpt":{"rendered":"<ul>\n<li>Il materiale a maglia \u00e8 saldato insieme da tre strati di tessuto: maglia all'esterno, morbido pile all'interno e una membrana antivento e idrorepellente in mezzo.<\/li>\n<li>Traspirante, antivento e idrorepellente.<\/li>\n<li>Vestibilit\u00e0 moderna e aderente con ampia libert\u00e0 di movimento.<\/li>\n<li>Colletto extra alto e regolabile - i fermacorda sono nascosti nel colletto e non interferiscono con la vestizione.<\/li>\n<li>Migliore visibilit\u00e0 dell'ambiente circostante grazie agli effetti di riflesso.<\/li>\n<\/ul>","protected":false},"featured_media":543457,"template":"","meta":[],"product_brand":[],"product_cat":[4186],"product_tag":[],"class_list":{"0":"post-543436","1":"product","2":"type-product","3":"status-publish","4":"has-post-thumbnail","6":"product_cat-jacken","7":"pa_brand-mascot","8":"pa_brand-type-workwear","9":"pa_filter-color-blau","10":"pa_filter-color-gruen","11":"pa_filter-color-schwarz","13":"first","14":"instock","15":"sale","16":"taxable","17":"shipping-taxable","18":"purchasable","19":"product-type-variable","20":"add-to-wishlist-before_image"},"exclude_global_add_ons":[],"addons":[],"acf":[],"_links":{"self":[{"href":"https:\/\/shop.kustom.ch\/it\/wp-json\/wp\/v2\/product\/543436"}],"collection":[{"href":"https:\/\/shop.kustom.ch\/it\/wp-json\/wp\/v2\/product"}],"about":[{"href":"https:\/\/shop.kustom.ch\/it\/wp-json\/wp\/v2\/types\/product"}],"wp:featuredmedia":[{"embeddable":true,"href":"https:\/\/shop.kustom.ch\/it\/wp-json\/wp\/v2\/media\/543457"}],"wp:attachment":[{"href":"https:\/\/shop.kustom.ch\/it\/wp-json\/wp\/v2\/media?parent=543436"}],"wp:term":[{"taxonomy":"product_brand","embeddable":true,"href":"https:\/\/shop.kustom.ch\/it\/wp-json\/wp\/v2\/product_brand?post=543436"},{"taxonomy":"product_cat","embeddable":true,"href":"https:\/\/shop.kustom.ch\/it\/wp-json\/wp\/v2\/product_cat?post=543436"},{"taxonomy":"product_tag","embeddable":true,"href":"https:\/\/shop.kustom.ch\/it\/wp-json\/wp\/v2\/product_tag?post=543436"}],"curies":[{"name":"wp","href":"https:\/\/api.w.org\/{rel}","templated":true}]}}