{"id":542932,"date":"2025-03-04T00:34:37","date_gmt":"2025-03-03T23:34:37","guid":{"rendered":"https:\/\/shop.kustom.ch\/?post_type=product&#038;p=542932"},"modified":"2026-03-30T13:10:36","modified_gmt":"2026-03-30T12:10:36","slug":"dreiviertel-hose-mit-haengetaschen-advanced","status":"publish","type":"product","link":"https:\/\/shop.kustom.ch\/it\/prodotto\/dreiviertel-hose-mit-haengetaschen-advanced\/","title":{"rendered":"Pantaloni a tre quarti con tasche pendenti ADVANCED"},"content":{"rendered":"<p>Con finitura idrorepellente. Tessuto elasticizzato di ultima generazione con peso ridotto ed elevata durata. Il tessuto \u00e8 quasi impercettibile sulla pelle, poich\u00e9 le tasche sono integrate nel design. Doppie impunture sulle gambe e sul cavallo. Vita bassa. Le gambe dei pantaloni hanno una forma ergonomica. Passanti per cintura. Chiusura con zip. Tasche pendenti staccabili in robusto tessuto CORDURA\u00ae - la sezione anteriore della tasca pendente destra \u00e8 dotata di rinforzi in Kevlar\u00ae antiperforazione alla base. Tasche anteriori. Tasche posteriori. Passanti per attrezzi su entrambi i lati della cintura. Tasca sulla coscia con scomparto per cellulare, chiusura magnetica e porta carte d'identit\u00e0 integrato. Il portacarta d'identit\u00e0 \u00e8 staccabile. Tasca porta metro pieghevole in tessuto CORDURA\u00ae con tasche supplementari. Tasche per le ginocchia in CORDURA\u00ae\/Kevlar\u00ae\/Dyneema\u00ae, durevoli e resistenti alle forature, elasticizzate e ventilate. Regolazione semplice e individuale dell'altezza delle tasche per le ginocchia. Effetti riflettenti. Per questo modello si consigliano le seguenti protezioni per le ginocchia: 00718-100, 50451-916 o 20118-915. Certificato insieme alla ginocchiera tipo LONG in conformit\u00e0 alla norma EN 14404.<\/p>\n<p>OEKO-TEX\u00ae STANDARD 100<br \/>\n92% poliammide\/8% elastan<br \/>\nESTENSIONE FINALE. Pu\u00f2 restringersi al massimo. 2%.<br \/>\n235 g\/m\u00b2<br \/>\nLavaggio delicato max. 40\u00b0 C; non candeggiare; non asciugare in tamburo; stirare a bassa temperatura max. 100\u00b0 C; resiste alla normale pulizia<\/p>\n<p><a href=\"https:\/\/mascotsitecore-1ccb8.kxcdn.com\/pdf\/17049-311-010-de.pdf\" target=\"_blank\" rel=\"noopener\"><u>Aprire la scheda tecnica del prodotto<\/u><\/a><\/p>","protected":false},"excerpt":{"rendered":"<ul>\n<li>Il tessuto elasticizzato multifunzionale combina un peso ridotto con una durata molto elevata ed \u00e8 anche idrorepellente.<\/li>\n<li>Il tessuto elasticizzato \u00e8 elastico in tutte le direzioni e offre un'impareggiabile libert\u00e0 di movimento, dove nulla si allunga o intralcia.<\/li>\n<li>Le tasche appese, ben suddivise e realizzate in resistente tessuto CORDURA\u00ae, possono essere chiuse facilmente con una zip quando non vengono utilizzate, per essere svuotate o prima di lavare i pantaloni.<\/li>\n<li>Tasca sulla coscia con portacellulare e porta carte d'identit\u00e0 integrato.<\/li>\n<li>Le tasche elastiche per le ginocchia sono realizzate con una combinazione di CORDURA\u00ae, Kevlar\u00ae e fibra Dyneema\u00ae estremamente resistente.<\/li>\n<li>Migliore visibilit\u00e0 dell'ambiente circostante grazie agli effetti di riflesso.<\/li>\n<li>Certificato per l'uso con la ginocchiera MASCOT di tipo SHORT o LONG, poich\u00e9 la tasca della ginocchiera \u00e8 regolabile in altezza.<\/li>\n<\/ul>","protected":false},"featured_media":542957,"template":"","meta":[],"product_brand":[],"product_cat":[4185],"product_tag":[],"class_list":{"0":"post-542932","1":"product","2":"type-product","3":"status-publish","4":"has-post-thumbnail","6":"product_cat-hosen","7":"pa_brand-mascot","8":"pa_brand-type-workwear","9":"pa_filter-color-beige","10":"pa_filter-color-grau","11":"pa_filter-color-gruen","12":"pa_filter-color-schwarz","13":"pa_filter-color-weiss","15":"first","16":"instock","17":"sale","18":"taxable","19":"shipping-taxable","20":"purchasable","21":"product-type-variable","22":"add-to-wishlist-before_image"},"exclude_global_add_ons":[],"addons":[],"acf":[],"_links":{"self":[{"href":"https:\/\/shop.kustom.ch\/it\/wp-json\/wp\/v2\/product\/542932"}],"collection":[{"href":"https:\/\/shop.kustom.ch\/it\/wp-json\/wp\/v2\/product"}],"about":[{"href":"https:\/\/shop.kustom.ch\/it\/wp-json\/wp\/v2\/types\/product"}],"wp:featuredmedia":[{"embeddable":true,"href":"https:\/\/shop.kustom.ch\/it\/wp-json\/wp\/v2\/media\/542957"}],"wp:attachment":[{"href":"https:\/\/shop.kustom.ch\/it\/wp-json\/wp\/v2\/media?parent=542932"}],"wp:term":[{"taxonomy":"product_brand","embeddable":true,"href":"https:\/\/shop.kustom.ch\/it\/wp-json\/wp\/v2\/product_brand?post=542932"},{"taxonomy":"product_cat","embeddable":true,"href":"https:\/\/shop.kustom.ch\/it\/wp-json\/wp\/v2\/product_cat?post=542932"},{"taxonomy":"product_tag","embeddable":true,"href":"https:\/\/shop.kustom.ch\/it\/wp-json\/wp\/v2\/product_tag?post=542932"}],"curies":[{"name":"wp","href":"https:\/\/api.w.org\/{rel}","templated":true}]}}