{"id":542396,"date":"2025-03-04T00:31:04","date_gmt":"2025-03-03T23:31:04","guid":{"rendered":"https:\/\/shop.kustom.ch\/?post_type=product&#038;p=542396"},"modified":"2026-03-30T13:06:55","modified_gmt":"2026-03-30T12:06:55","slug":"t-shirt-accelerate-safe-4","status":"publish","type":"product","link":"https:\/\/shop.kustom.ch\/it\/prodotto\/t-shirt-accelerate-safe-4\/","title":{"rendered":"Maglietta ACCELERATE SAFE"},"content":{"rendered":"<p>Premium. Colore di contrasto fluorescente. Bicolore. Vestibilit\u00e0 moderna. Confortevole cotone all'interno e resistente poliestere elasticizzato all'esterno. Motivo jacquard quadrato. Scollo rotondo. Polsini a coste sul collo. Nastro al collo.<\/p>\n<p>OEKO-TEX\u00ae STANDARD 100; EN 17353 (Tipo A); EN 13758-2 UPF 40+<br \/>\n50% poliestere\/50% cotone<br \/>\nTessuto a maglia al metro. Pu\u00f2 restringersi fino a un massimo di 5%. Il prodotto \u00e8 certificato per mantenere le sue propriet\u00e0 dopo 50 lavaggi domestici.<br \/>\n150 g\/m\u00b2<br \/>\nLavaggio colorato, max. 60\u00b0 C; non candeggiare; resiste all'asciugatrice - temperatura massima di uscita 60\u00b0 C; non stirare; resiste alla normale pulizia<\/p>\n<p><a href=\"https:\/\/mascotsitecore-1ccb8.kxcdn.com\/pdf\/22082-771-01014-de.pdf\" target=\"_blank\" rel=\"noopener\"><u>Aprire la scheda tecnica del prodotto<\/u><\/a><\/p>","protected":false},"excerpt":{"rendered":"<ul>\n<li>Questo tessuto \u00e8 composto da poliestere all'esterno per una maggiore durata e solidit\u00e0 dei colori e da cotone all'interno per un maggiore comfort.<\/li>\n<li>Vestibilit\u00e0 moderna e aderente con ampia libert\u00e0 di movimento.<\/li>\n<li>Le cuciture del collo sono coperte da un materiale morbido e imbottito, in modo da non intralciare il movimento.<\/li>\n<\/ul>","protected":false},"featured_media":542445,"template":"","meta":[],"product_brand":[],"product_cat":[4201],"product_tag":[],"class_list":{"0":"post-542396","1":"product","2":"type-product","3":"status-publish","4":"has-post-thumbnail","6":"product_cat-t-shirts","7":"pa_brand-mascot","8":"pa_brand-type-workwear","9":"pa_filter-color-gelb","10":"pa_filter-color-orange","11":"pa_filter-color-schwarz","13":"first","14":"instock","15":"sale","16":"taxable","17":"shipping-taxable","18":"purchasable","19":"product-type-variable","20":"add-to-wishlist-before_image"},"exclude_global_add_ons":[],"addons":[],"acf":[],"_links":{"self":[{"href":"https:\/\/shop.kustom.ch\/it\/wp-json\/wp\/v2\/product\/542396"}],"collection":[{"href":"https:\/\/shop.kustom.ch\/it\/wp-json\/wp\/v2\/product"}],"about":[{"href":"https:\/\/shop.kustom.ch\/it\/wp-json\/wp\/v2\/types\/product"}],"wp:featuredmedia":[{"embeddable":true,"href":"https:\/\/shop.kustom.ch\/it\/wp-json\/wp\/v2\/media\/542445"}],"wp:attachment":[{"href":"https:\/\/shop.kustom.ch\/it\/wp-json\/wp\/v2\/media?parent=542396"}],"wp:term":[{"taxonomy":"product_brand","embeddable":true,"href":"https:\/\/shop.kustom.ch\/it\/wp-json\/wp\/v2\/product_brand?post=542396"},{"taxonomy":"product_cat","embeddable":true,"href":"https:\/\/shop.kustom.ch\/it\/wp-json\/wp\/v2\/product_cat?post=542396"},{"taxonomy":"product_tag","embeddable":true,"href":"https:\/\/shop.kustom.ch\/it\/wp-json\/wp\/v2\/product_tag?post=542396"}],"curies":[{"name":"wp","href":"https:\/\/api.w.org\/{rel}","templated":true}]}}