{"id":541979,"date":"2025-03-04T00:27:07","date_gmt":"2025-03-03T23:27:07","guid":{"rendered":"https:\/\/shop.kustom.ch\/?post_type=product&#038;p=541979"},"modified":"2026-03-30T13:05:47","modified_gmt":"2026-03-30T12:05:47","slug":"hose-mit-knietaschen-accelerate-safe-9","status":"publish","type":"product","link":"https:\/\/shop.kustom.ch\/it\/prodotto\/hose-mit-knietaschen-accelerate-safe-9\/","title":{"rendered":"Pantaloni con tasche al ginocchio ACCELERATE SAFE"},"content":{"rendered":"<p>Vestibilit\u00e0 da donna DIAMOND. Colore fluorescente a contrasto e con riflessi. Bicolore. Parti del prodotto in tessuto elasticizzato. Combinazione di tessuto leggero di qualit\u00e0 236 e tessuto ULTIMATE STRETCH di qualit\u00e0 511. Doppie impunture sulle gambe e sul cavallo. Chiusura con bottoni nascosti. Chiusura con zip. Gambe dei pantaloni dalla forma ergonomica. Passanti per cintura. Anello a D. Tasche anteriori. Tasche posteriori rinforzate. Passante nascosto per il martello sul lato destro. Tasca rinforzata per il metro pieghevole. Tasche con patta sul davanti della coscia. Tasche per le ginocchia in resistente CORDURA\u00ae (500 D), regolabili in altezza. Regolazione semplice e individuale dell'altezza delle tasche per le ginocchia. Tasca sulla coscia con portacellulare, patta e bottoni a pressione nascosti. Con effetti di stampa. Predisposto per le tasche pendenti 19450-126, che si chiudono con bottoni. Il cavallo pu\u00f2 essere allungato di 3 cm allentando la cucitura rossa sul lato interno della gamba. Per questo modello si consigliano le seguenti protezioni per le ginocchia: 00418-100, 00718-100, 50451-916 o 20118-915. Certificato insieme alla ginocchiera di tipo SHORT o LONG in conformit\u00e0 alla norma EN 14404.<\/p>\n<p>OEKO-TEX\u00ae STANDARD 100; EN ISO 20471 - Classe 1; Gruppo Hi-Vis Z; ProWash\u00ae.<br \/>\n70% poliestere\/30% cotone<br \/>\nTwill\/ripstop. Pu\u00f2 restringersi fino a un massimo di 2%. Il prodotto \u00e8 certificato per mantenere le sue propriet\u00e0 dopo 50 lavaggi domestici o \u2265 25 lavaggi industriali.<br \/>\n215 g\/m\u00b2<br \/>\nLavaggio colorato, max. 60\u00b0 C; non candeggiare; resiste all'asciugatrice - temperatura massima di uscita 80\u00b0 C; non stirare; resiste alla normale pulizia<\/p>\n<p><a href=\"https:\/\/mascotsitecore-1ccb8.kxcdn.com\/pdf\/19678-236-01014-de.pdf\" target=\"_blank\" rel=\"noopener\"><u>Aprire la scheda tecnica del prodotto<\/u><\/a><\/p>","protected":false},"excerpt":{"rendered":"<ul>\n<li>Diamond Fit \u00e8 stato progettato appositamente per le donne che hanno una differenza di oltre 20 cm tra le misure della vita e dei fianchi.<\/li>\n<li>Qualit\u00e0 del tessuto leggero e resistente con ripstop. Il ripstop \u00e8 una trama particolarmente resistente agli strappi che garantisce una lunga durata del tessuto.<\/li>\n<li>Il prodotto \u00e8 una combinazione di tessuto rigido e tessuto elastico. Il tessuto elasticizzato si trova nei punti in cui \u00e8 richiesta una maggiore libert\u00e0 di movimento.<\/li>\n<li>Gambe dei pantaloni dal taglio ergonomico, modellate secondo i movimenti naturali del corpo.<\/li>\n<li>Le tasche per le ginocchia in resistente tessuto CORDURA\u00ae sono regolabili in modo che la protezione del ginocchio sia sempre posizionata in modo ottimale.<\/li>\n<li>Predisposto per appendere le borse 19450-126, che si chiudono con bottoni.<\/li>\n<li>Certificato per l'uso con la ginocchiera MASCOT di tipo SHORT o LONG, poich\u00e9 la tasca della ginocchiera \u00e8 regolabile in altezza.<\/li>\n<li>Il prodotto \u00e8 adatto al lavaggio industriale.<\/li>\n<\/ul>","protected":false},"featured_media":542014,"template":"","meta":[],"product_brand":[],"product_cat":[4185],"product_tag":[],"class_list":{"0":"post-541979","1":"product","2":"type-product","3":"status-publish","4":"has-post-thumbnail","6":"product_cat-hosen","7":"pa_brand-mascot","8":"pa_brand-type-workwear","9":"pa_filter-color-gelb","10":"pa_filter-color-grau","11":"pa_filter-color-orange","12":"pa_filter-color-rot","13":"pa_filter-color-schwarz","15":"first","16":"instock","17":"sale","18":"taxable","19":"shipping-taxable","20":"purchasable","21":"product-type-variable","22":"add-to-wishlist-before_image"},"exclude_global_add_ons":[],"addons":[],"acf":[],"_links":{"self":[{"href":"https:\/\/shop.kustom.ch\/it\/wp-json\/wp\/v2\/product\/541979"}],"collection":[{"href":"https:\/\/shop.kustom.ch\/it\/wp-json\/wp\/v2\/product"}],"about":[{"href":"https:\/\/shop.kustom.ch\/it\/wp-json\/wp\/v2\/types\/product"}],"wp:featuredmedia":[{"embeddable":true,"href":"https:\/\/shop.kustom.ch\/it\/wp-json\/wp\/v2\/media\/542014"}],"wp:attachment":[{"href":"https:\/\/shop.kustom.ch\/it\/wp-json\/wp\/v2\/media?parent=541979"}],"wp:term":[{"taxonomy":"product_brand","embeddable":true,"href":"https:\/\/shop.kustom.ch\/it\/wp-json\/wp\/v2\/product_brand?post=541979"},{"taxonomy":"product_cat","embeddable":true,"href":"https:\/\/shop.kustom.ch\/it\/wp-json\/wp\/v2\/product_cat?post=541979"},{"taxonomy":"product_tag","embeddable":true,"href":"https:\/\/shop.kustom.ch\/it\/wp-json\/wp\/v2\/product_tag?post=541979"}],"curies":[{"name":"wp","href":"https:\/\/api.w.org\/{rel}","templated":true}]}}