{"id":541890,"date":"2025-03-04T00:26:35","date_gmt":"2025-03-03T23:26:35","guid":{"rendered":"https:\/\/shop.kustom.ch\/?post_type=product&#038;p=541890"},"modified":"2026-03-30T13:05:29","modified_gmt":"2026-03-30T12:05:29","slug":"ueberziehhose-accelerate-safe","status":"publish","type":"product","link":"https:\/\/shop.kustom.ch\/it\/prodotto\/ueberziehhose-accelerate-safe\/","title":{"rendered":"Pantalone ACCELERATE SAFE"},"content":{"rendered":"<p>Fluorescente con elementi riflettenti. Tessuto altamente resistente, traspirante, antivento e impermeabile. Cuciture nastrate. Aperture frontali con cerniera su entrambi i lati, in modo che le tasche sulle cosce possano essere tirate attraverso le aperture dai pantaloni sottostanti. Gambe dei pantaloni dalla forma ergonomica. Passanti per cintura. Anello a D. Vita elasticizzata e coulisse. Tasca rinforzata per il righello con taschino esterno. Tasche per ginocchia in poliestere regolabili in altezza. Regolazione semplice e individuale dell'altezza delle tasche per le ginocchia. Zip con striscia di protezione dalle intemperie sull'estremit\u00e0 esterna della gamba. Fascia a coste in vita sul fondo dei pantaloni. Per questo modello si consigliano le seguenti protezioni per le ginocchia: 00418-100, 00718-100, 50451-916 o 20118-915. Certificato insieme alla ginocchiera di tipo SHORT o LONG in conformit\u00e0 alla norma EN 14404.<\/p>\n<p>OEKO-TEX\u00ae STANDARD 100; Gruppo Hi-Vis Y; EN ISO 20471 - Classe 2; EN 343 4-4-X<br \/>\n100% Poliestere<br \/>\nRipstop. Pu\u00f2 restringersi fino a un massimo di 2%. Il prodotto \u00e8 certificato secondo la norma EN ISO 20471 per mantenere le sue propriet\u00e0 per 50 lavaggi domestici.<br \/>\n210 g\/m\u00b2<br \/>\nLavaggio delicato max. 40\u00b0 C; non candeggiare; non asciugare in tamburo; non stirare; resiste ai normali lavaggi<\/p>\n<p><a href=\"https:\/\/mascotsitecore-1ccb8.kxcdn.com\/pdf\/19590-449-14-de.pdf\" target=\"_blank\" rel=\"noopener\"><u>Aprire la scheda tecnica del prodotto<\/u><\/a><\/p>","protected":false},"excerpt":{"rendered":"<ul>\n<li>Traspirante, antivento e impermeabile con cuciture nastrate.<\/li>\n<li>Estremamente resistente.<\/li>\n<li>Gambe dei pantaloni dal taglio ergonomico, modellate secondo i movimenti naturali del corpo.<\/li>\n<li>Vita elastica e coulisse.<\/li>\n<li>Zip sul lato esterno della gamba.<\/li>\n<li>Certificato per l'uso con la ginocchiera MASCOT di tipo SHORT o LONG, poich\u00e9 la tasca della ginocchiera \u00e8 regolabile in altezza.<\/li>\n<\/ul>","protected":false},"featured_media":541949,"template":"","meta":[],"product_brand":[],"product_cat":[4185],"product_tag":[],"class_list":{"0":"post-541890","1":"product","2":"type-product","3":"status-publish","4":"has-post-thumbnail","6":"product_cat-hosen","7":"pa_brand-mascot","8":"pa_brand-type-workwear","9":"pa_filter-color-gelb","10":"pa_filter-color-orange","11":"pa_filter-color-rot","13":"first","14":"instock","15":"sale","16":"taxable","17":"shipping-taxable","18":"purchasable","19":"product-type-variable","20":"add-to-wishlist-before_image"},"exclude_global_add_ons":[],"addons":[],"acf":[],"_links":{"self":[{"href":"https:\/\/shop.kustom.ch\/it\/wp-json\/wp\/v2\/product\/541890"}],"collection":[{"href":"https:\/\/shop.kustom.ch\/it\/wp-json\/wp\/v2\/product"}],"about":[{"href":"https:\/\/shop.kustom.ch\/it\/wp-json\/wp\/v2\/types\/product"}],"wp:featuredmedia":[{"embeddable":true,"href":"https:\/\/shop.kustom.ch\/it\/wp-json\/wp\/v2\/media\/541949"}],"wp:attachment":[{"href":"https:\/\/shop.kustom.ch\/it\/wp-json\/wp\/v2\/media?parent=541890"}],"wp:term":[{"taxonomy":"product_brand","embeddable":true,"href":"https:\/\/shop.kustom.ch\/it\/wp-json\/wp\/v2\/product_brand?post=541890"},{"taxonomy":"product_cat","embeddable":true,"href":"https:\/\/shop.kustom.ch\/it\/wp-json\/wp\/v2\/product_cat?post=541890"},{"taxonomy":"product_tag","embeddable":true,"href":"https:\/\/shop.kustom.ch\/it\/wp-json\/wp\/v2\/product_tag?post=541890"}],"curies":[{"name":"wp","href":"https:\/\/api.w.org\/{rel}","templated":true}]}}