{"id":541712,"date":"2025-03-04T00:24:56","date_gmt":"2025-03-03T23:24:56","guid":{"rendered":"https:\/\/shop.kustom.ch\/?post_type=product&#038;p=541712"},"modified":"2026-03-30T13:05:20","modified_gmt":"2026-03-30T12:05:20","slug":"hose-mit-knietaschen-accelerate-safe-8","status":"publish","type":"product","link":"https:\/\/shop.kustom.ch\/it\/prodotto\/hose-mit-knietaschen-accelerate-safe-8\/","title":{"rendered":"Pantaloni con tasche al ginocchio ACCELERATE SAFE"},"content":{"rendered":"<p>Fluorescente con riflessi. Bicolore. Parti del prodotto in tessuto elasticizzato. Combinazione di tessuto leggero di qualit\u00e0 236 e tessuto ULTIMATE STRETCH di qualit\u00e0 511. Doppia impuntura sulle gambe e sul cavallo. Chiusura con bottoni nascosti. Gambe dei pantaloni dalla forma ergonomica. Passanti per cintura. Anello a D. Chiusura con cerniera. Tasche anteriori. Tasche posteriori rinforzate. Passante per martello nascosto sul lato destro. Tasca rinforzata per il metro pieghevole. Tasche anteriori sulle cosce con patta. Tasche per le ginocchia in resistente CORDURA\u00ae (500 D), regolabili in altezza. Regolazione semplice e individuale dell'altezza delle tasche per le ginocchia. Tasca sulla coscia con portacellulare, patta e bottoni a pressione nascosti. Con effetti di stampa. Predisposto per le tasche pendenti 19450-126, che si chiudono con bottoni. Il cavallo pu\u00f2 essere allungato di 3 cm allentando la cucitura rossa sul lato interno della gamba. Per questo modello si consigliano le seguenti protezioni per le ginocchia: 00418-100, 00718-100, 50451-916 o 20118-915. Certificato insieme alla ginocchiera di tipo SHORT o LONG secondo la norma EN 14404.<\/p>\n<p>OEKO-TEX\u00ae STANDARD 100; EN ISO 20471 - Classe 2; Gruppo Hi-Vis Y; ProWash\u00ae.<br \/>\n70% poliestere\/30% cotone<br \/>\nTwill\/ripstop. Pu\u00f2 restringersi fino a un massimo di 2%. Il prodotto \u00e8 certificato per mantenere le sue propriet\u00e0 dopo 50 lavaggi domestici o \u2265 25 lavaggi industriali.<br \/>\n215 g\/m\u00b2<br \/>\nLavaggio colorato, max. 60\u00b0 C; non candeggiare; resiste all'asciugatrice - temperatura massima di uscita 80\u00b0 C; non stirare; resiste alla normale pulizia<\/p>\n<p><a href=\"https:\/\/mascotsitecore-1ccb8.kxcdn.com\/pdf\/19579-236-14010-de.pdf\" target=\"_blank\" rel=\"noopener\"><u>Aprire la scheda tecnica del prodotto<\/u><\/a><\/p>","protected":false},"excerpt":{"rendered":"<ul>\n<li>Qualit\u00e0 del tessuto leggero e resistente con ripstop. Il ripstop \u00e8 una trama particolarmente resistente agli strappi che garantisce una lunga durata del tessuto.<\/li>\n<li>Il prodotto \u00e8 una combinazione di tessuto rigido e tessuto elastico. Il tessuto elasticizzato si trova nei punti in cui \u00e8 richiesta una maggiore libert\u00e0 di movimento.<\/li>\n<li>Predisposto per appendere le borse 19450-126, che si chiudono con bottoni.<\/li>\n<li>Gambe dei pantaloni dal taglio ergonomico, modellate secondo i movimenti naturali del corpo.<\/li>\n<li>Le tasche per le ginocchia in resistente tessuto CORDURA\u00ae sono regolabili in modo che la protezione del ginocchio sia sempre posizionata in modo ottimale.<\/li>\n<li>Certificato per l'uso con la ginocchiera MASCOT di tipo SHORT o LONG, poich\u00e9 la tasca della ginocchiera \u00e8 regolabile in altezza.<\/li>\n<li>Disponibile di serie in tre diverse lunghezze di cavallo, per la migliore vestibilit\u00e0 individuale e per i dettagli meglio posizionati.<\/li>\n<li>Il prodotto \u00e8 adatto al lavaggio industriale.<\/li>\n<\/ul>","protected":false},"featured_media":541762,"template":"","meta":[],"product_brand":[],"product_cat":[4185],"product_tag":[],"class_list":{"0":"post-541712","1":"product","2":"type-product","3":"status-publish","4":"has-post-thumbnail","6":"product_cat-hosen","7":"pa_brand-mascot","8":"pa_brand-type-workwear","9":"pa_filter-color-blau","10":"pa_filter-color-gelb","11":"pa_filter-color-grau","12":"pa_filter-color-orange","13":"pa_filter-color-rot","14":"pa_filter-color-schwarz","16":"first","17":"instock","18":"sale","19":"taxable","20":"shipping-taxable","21":"purchasable","22":"product-type-variable","23":"add-to-wishlist-before_image"},"exclude_global_add_ons":[],"addons":[],"acf":[],"_links":{"self":[{"href":"https:\/\/shop.kustom.ch\/it\/wp-json\/wp\/v2\/product\/541712"}],"collection":[{"href":"https:\/\/shop.kustom.ch\/it\/wp-json\/wp\/v2\/product"}],"about":[{"href":"https:\/\/shop.kustom.ch\/it\/wp-json\/wp\/v2\/types\/product"}],"wp:featuredmedia":[{"embeddable":true,"href":"https:\/\/shop.kustom.ch\/it\/wp-json\/wp\/v2\/media\/541762"}],"wp:attachment":[{"href":"https:\/\/shop.kustom.ch\/it\/wp-json\/wp\/v2\/media?parent=541712"}],"wp:term":[{"taxonomy":"product_brand","embeddable":true,"href":"https:\/\/shop.kustom.ch\/it\/wp-json\/wp\/v2\/product_brand?post=541712"},{"taxonomy":"product_cat","embeddable":true,"href":"https:\/\/shop.kustom.ch\/it\/wp-json\/wp\/v2\/product_cat?post=541712"},{"taxonomy":"product_tag","embeddable":true,"href":"https:\/\/shop.kustom.ch\/it\/wp-json\/wp\/v2\/product_tag?post=541712"}],"curies":[{"name":"wp","href":"https:\/\/api.w.org\/{rel}","templated":true}]}}