{"id":541364,"date":"2025-03-04T00:22:16","date_gmt":"2025-03-03T23:22:16","guid":{"rendered":"https:\/\/shop.kustom.ch\/?post_type=product&#038;p=541364"},"modified":"2026-03-30T13:04:33","modified_gmt":"2026-03-30T12:04:33","slug":"jacke-accelerate-safe-3","status":"publish","type":"product","link":"https:\/\/shop.kustom.ch\/it\/prodotto\/jacke-accelerate-safe-3\/","title":{"rendered":"Giacca ACCELERATE SAFE"},"content":{"rendered":"<p>Fluorescente e con riflessi diagonali. Parti del prodotto sono realizzate in tessuto elasticizzato. Combinazione di tessuto leggero di qualit\u00e0 236 e tessuto ULTIMATE STRETCH di qualit\u00e0 511. Bicolore. Colletto rialzato. Chiusura con cerniera e striscia interna di protezione dalle intemperie. Anello a D. Tasca sul petto con cerniera. Tasche anteriori con cerniera. Tasche interne. Bordo inferiore elasticizzato ai lati. Polsi elasticizzati. Con effetti di stampa.<\/p>\n<p>OEKO-TEX\u00ae STANDARD 100; EN ISO 20471 - Classe 2; Gruppo Hi-Vis A; ProWash\u00ae.<br \/>\n70% poliestere\/30% cotone<br \/>\nTwill\/ripstop. Pu\u00f2 restringersi fino a un massimo di 2%. Il prodotto \u00e8 certificato per mantenere le sue propriet\u00e0 dopo 50 lavaggi domestici o \u2265 25 lavaggi industriali.<br \/>\n215 g\/m\u00b2<br \/>\nLavaggio colorato, max. 60\u00b0 C; non candeggiare; resiste all'asciugatrice - temperatura massima di uscita 80\u00b0 C; non stirare; resiste alla normale pulizia<\/p>\n<p><a href=\"https:\/\/mascotsitecore-1ccb8.kxcdn.com\/pdf\/19509-236-14010-de.pdf\" target=\"_blank\" rel=\"noopener\"><u>Aprire la scheda tecnica del prodotto<\/u><\/a><\/p>","protected":false},"excerpt":{"rendered":"<ul>\n<li>Vestibilit\u00e0 moderna e aderente con ampia libert\u00e0 di movimento.<\/li>\n<li>Il prodotto \u00e8 una combinazione di tessuto rigido e tessuto elastico. Il tessuto elasticizzato si trova nei punti in cui \u00e8 richiesta una maggiore libert\u00e0 di movimento.<\/li>\n<li>Con cerniera e striscia di protezione dalle intemperie all'interno per tenere lontano il vento.<\/li>\n<li>Anello a D per chiavi o carte d'identit\u00e0.<\/li>\n<li>Tasche con zip.<\/li>\n<li>Fondo manica elasticizzato.<\/li>\n<li>Il prodotto \u00e8 adatto al lavaggio industriale.<\/li>\n<\/ul>","protected":false},"featured_media":541385,"template":"","meta":[],"product_brand":[],"product_cat":[4186],"product_tag":[],"class_list":{"0":"post-541364","1":"product","2":"type-product","3":"status-publish","4":"has-post-thumbnail","6":"product_cat-jacken","7":"pa_brand-mascot","8":"pa_brand-type-workwear","9":"pa_filter-color-blau","10":"pa_filter-color-gelb","11":"pa_filter-color-grau","12":"pa_filter-color-orange","13":"pa_filter-color-rot","14":"pa_filter-color-schwarz","16":"first","17":"instock","18":"sale","19":"taxable","20":"shipping-taxable","21":"purchasable","22":"product-type-variable","23":"add-to-wishlist-before_image"},"exclude_global_add_ons":[],"addons":[],"acf":[],"_links":{"self":[{"href":"https:\/\/shop.kustom.ch\/it\/wp-json\/wp\/v2\/product\/541364"}],"collection":[{"href":"https:\/\/shop.kustom.ch\/it\/wp-json\/wp\/v2\/product"}],"about":[{"href":"https:\/\/shop.kustom.ch\/it\/wp-json\/wp\/v2\/types\/product"}],"wp:featuredmedia":[{"embeddable":true,"href":"https:\/\/shop.kustom.ch\/it\/wp-json\/wp\/v2\/media\/541385"}],"wp:attachment":[{"href":"https:\/\/shop.kustom.ch\/it\/wp-json\/wp\/v2\/media?parent=541364"}],"wp:term":[{"taxonomy":"product_brand","embeddable":true,"href":"https:\/\/shop.kustom.ch\/it\/wp-json\/wp\/v2\/product_brand?post=541364"},{"taxonomy":"product_cat","embeddable":true,"href":"https:\/\/shop.kustom.ch\/it\/wp-json\/wp\/v2\/product_cat?post=541364"},{"taxonomy":"product_tag","embeddable":true,"href":"https:\/\/shop.kustom.ch\/it\/wp-json\/wp\/v2\/product_tag?post=541364"}],"curies":[{"name":"wp","href":"https:\/\/api.w.org\/{rel}","templated":true}]}}