{"id":541169,"date":"2025-03-04T00:20:39","date_gmt":"2025-03-03T23:20:39","guid":{"rendered":"https:\/\/shop.kustom.ch\/?post_type=product&#038;p=541169"},"modified":"2026-03-30T13:04:12","modified_gmt":"2026-03-30T12:04:12","slug":"fleecepullover-mit-reissverschluss-accelerate-safe-4","status":"publish","type":"product","link":"https:\/\/shop.kustom.ch\/it\/prodotto\/fleecepullover-mit-reissverschluss-accelerate-safe-4\/","title":{"rendered":"Maglia in pile con cerniera ACCELERATE SAFE"},"content":{"rendered":"<p>Vestibilit\u00e0 femminile. Vestibilit\u00e0 moderna e aderente con ampia libert\u00e0 di movimento. Colletto rialzato. Bicolore. Chiusura con zip e striscia interna di protezione dalle intemperie. Tasche anteriori con zip. Tasche interne. Polsi e bordo inferiore elasticizzati. Porta carte d'identit\u00e0 rimovibile. Effetti riflettenti.<\/p>\n<p>OEKO-TEX\u00ae STANDARD 100<br \/>\n94% poliestere\/6% elastan<br \/>\nPile al metro. Pu\u00f2 restringersi al massimo. 3%.<br \/>\n260 g\/m\u00b2<br \/>\nLavaggio delicato max. 40\u00b0 C; non candeggiare; non asciugare in tamburo; non stirare; resiste ai normali lavaggi<\/p>\n<p><a href=\"https:\/\/mascotsitecore-1ccb8.kxcdn.com\/pdf\/19453-316-14010-de.pdf\" target=\"_blank\" rel=\"noopener\"><u>Aprire la scheda tecnica del prodotto<\/u><\/a><\/p>","protected":false},"excerpt":{"rendered":"<ul>\n<li>Appositamente progettato per le donne con un taglio sartoriale.<\/li>\n<li>Con cerniera e striscia di protezione dalle intemperie all'interno per tenere lontano il vento.<\/li>\n<li>Tasche anteriori con cerniera per una conservazione sicura.<\/li>\n<li>Tasche interne.<\/li>\n<li>Il supporto per la carta d'identit\u00e0 \u00e8 rimovibile.<\/li>\n<li>Migliore visibilit\u00e0 dell'ambiente circostante grazie agli effetti di riflesso.<\/li>\n<\/ul>","protected":false},"featured_media":541195,"template":"","meta":[],"product_brand":[],"product_cat":[4184],"product_tag":[],"class_list":{"0":"post-541169","1":"product","2":"type-product","3":"status-publish","4":"has-post-thumbnail","6":"product_cat-hoodies-pullover","7":"pa_brand-mascot","8":"pa_brand-type-workwear","9":"pa_filter-color-blau","10":"pa_filter-color-gelb","11":"pa_filter-color-grau","12":"pa_filter-color-gruen","13":"pa_filter-color-orange","14":"pa_filter-color-rot","15":"pa_filter-color-schwarz","17":"first","18":"instock","19":"sale","20":"taxable","21":"shipping-taxable","22":"purchasable","23":"product-type-variable","24":"add-to-wishlist-before_image"},"exclude_global_add_ons":[],"addons":[],"acf":[],"_links":{"self":[{"href":"https:\/\/shop.kustom.ch\/it\/wp-json\/wp\/v2\/product\/541169"}],"collection":[{"href":"https:\/\/shop.kustom.ch\/it\/wp-json\/wp\/v2\/product"}],"about":[{"href":"https:\/\/shop.kustom.ch\/it\/wp-json\/wp\/v2\/types\/product"}],"wp:featuredmedia":[{"embeddable":true,"href":"https:\/\/shop.kustom.ch\/it\/wp-json\/wp\/v2\/media\/541195"}],"wp:attachment":[{"href":"https:\/\/shop.kustom.ch\/it\/wp-json\/wp\/v2\/media?parent=541169"}],"wp:term":[{"taxonomy":"product_brand","embeddable":true,"href":"https:\/\/shop.kustom.ch\/it\/wp-json\/wp\/v2\/product_brand?post=541169"},{"taxonomy":"product_cat","embeddable":true,"href":"https:\/\/shop.kustom.ch\/it\/wp-json\/wp\/v2\/product_cat?post=541169"},{"taxonomy":"product_tag","embeddable":true,"href":"https:\/\/shop.kustom.ch\/it\/wp-json\/wp\/v2\/product_tag?post=541169"}],"curies":[{"name":"wp","href":"https:\/\/api.w.org\/{rel}","templated":true}]}}