{"id":541141,"date":"2025-03-04T00:20:35","date_gmt":"2025-03-03T23:20:35","guid":{"rendered":"https:\/\/shop.kustom.ch\/?post_type=product&#038;p=541141"},"modified":"2026-03-30T13:04:04","modified_gmt":"2026-03-30T12:04:04","slug":"winterjacke-accelerate-safe-4","status":"publish","type":"product","link":"https:\/\/shop.kustom.ch\/it\/prodotto\/winterjacke-accelerate-safe-4\/","title":{"rendered":"Giacca invernale ACCELERATE SAFE"},"content":{"rendered":"<p>Fluorescente e con riflessi diagonali. Traspirante, antivento e idrorepellente. Con isolamento leggero CLIMASCOT\u00ae. Bicolore. Colletto rialzato. Chiusura con cerniera e striscia interna di protezione dalle intemperie. Tasca interna in rete. Tasca sul petto con zip. Anello a D. Tasche anteriori con chiusura a pressione nascosta. Polsi elasticizzati. Bordo inferiore elasticizzato ai lati. Zip nella fodera posteriore per l'applicazione di un logo\/ricamo. Per rispettare la norma EN ISO 20471 classe 3, le taglie XS e S non hanno un colore a contrasto.<\/p>\n<p>OEKO-TEX\u00ae STANDARD 100; EN ISO 20471 - Classe 3; EN 342 3\/WP (2.12 clo); Hi-Vis Gruppo A<br \/>\n100% Poliestere<br \/>\nRipstop. Colonna d'acqua &gt; 10.000 mm secondo la norma EN ISO 811. Il prodotto \u00e8 certificato secondo la norma EN ISO 20471 per mantenere le sue propriet\u00e0 per 50 lavaggi domestici. Pu\u00f2 restringersi fino a 2%.<br \/>\n210 g\/m\u00b2<br \/>\nLavaggio colorato, max. 60\u00b0 C; non candeggiare; non asciugare in tamburo; non stirare; resiste alla normale pulizia<\/p>\n<p><a href=\"https:\/\/mascotsitecore-1ccb8.kxcdn.com\/pdf\/19435-231-14010-de.pdf\" target=\"_blank\" rel=\"noopener\"><u>Aprire la scheda tecnica del prodotto<\/u><\/a><\/p>","protected":false},"excerpt":{"rendered":"<ul>\n<li>Traspirante, antivento e idrorepellente.<\/li>\n<li>L'esclusivo isolamento CLIMASCOT\u00ae riscalda efficacemente, \u00e8 leggero, morbido e pu\u00f2 essere compresso in un volume ridotto.<\/li>\n<li>Con cerniera e striscia di protezione dalle intemperie all'interno per tenere lontano il vento.<\/li>\n<li>Zip nella fodera posteriore per l'applicazione di stampe\/ricami.<\/li>\n<\/ul>","protected":false},"featured_media":541192,"template":"","meta":[],"product_brand":[],"product_cat":[4186],"product_tag":[],"class_list":{"0":"post-541141","1":"product","2":"type-product","3":"status-publish","4":"has-post-thumbnail","6":"product_cat-jacken","7":"pa_brand-mascot","8":"pa_brand-type-workwear","9":"pa_filter-color-blau","10":"pa_filter-color-gelb","11":"pa_filter-color-orange","12":"pa_filter-color-schwarz","14":"first","15":"instock","16":"sale","17":"taxable","18":"shipping-taxable","19":"purchasable","20":"product-type-variable","21":"add-to-wishlist-before_image"},"exclude_global_add_ons":[],"addons":[],"acf":[],"_links":{"self":[{"href":"https:\/\/shop.kustom.ch\/it\/wp-json\/wp\/v2\/product\/541141"}],"collection":[{"href":"https:\/\/shop.kustom.ch\/it\/wp-json\/wp\/v2\/product"}],"about":[{"href":"https:\/\/shop.kustom.ch\/it\/wp-json\/wp\/v2\/types\/product"}],"wp:featuredmedia":[{"embeddable":true,"href":"https:\/\/shop.kustom.ch\/it\/wp-json\/wp\/v2\/media\/541192"}],"wp:attachment":[{"href":"https:\/\/shop.kustom.ch\/it\/wp-json\/wp\/v2\/media?parent=541141"}],"wp:term":[{"taxonomy":"product_brand","embeddable":true,"href":"https:\/\/shop.kustom.ch\/it\/wp-json\/wp\/v2\/product_brand?post=541141"},{"taxonomy":"product_cat","embeddable":true,"href":"https:\/\/shop.kustom.ch\/it\/wp-json\/wp\/v2\/product_cat?post=541141"},{"taxonomy":"product_tag","embeddable":true,"href":"https:\/\/shop.kustom.ch\/it\/wp-json\/wp\/v2\/product_tag?post=541141"}],"curies":[{"name":"wp","href":"https:\/\/api.w.org\/{rel}","templated":true}]}}