{"id":540897,"date":"2025-03-04T00:18:59","date_gmt":"2025-03-03T23:18:59","guid":{"rendered":"https:\/\/shop.kustom.ch\/?post_type=product&#038;p=540897"},"modified":"2026-03-30T13:02:19","modified_gmt":"2026-03-30T12:02:19","slug":"hose-mit-schenkeltaschen-accelerate-safe","status":"publish","type":"product","link":"https:\/\/shop.kustom.ch\/it\/prodotto\/hose-mit-schenkeltaschen-accelerate-safe\/","title":{"rendered":"Pantaloni con tasche sulla coscia ACCELERATE SAFE"},"content":{"rendered":"<p>Colore fluorescente a contrasto e con elementi riflettenti. Il poliestere \u00e8 realizzato con materiali riciclati. Con finitura idrorepellente. Bicolore. Leggero. Tessuto elasticizzato di ultima generazione, particolarmente leggero e resistente. Doppie impunture sulle gambe e sul cavallo. Chiusura con bottoni nascosti. Gambe dei pantaloni dalla forma ergonomica. Passanti per cintura. Chiusura con cerniera. Tasche anteriori. Tasche posteriori rinforzate. Tasche anteriori sulla coscia con patta. Tasca sulla coscia con tasca per cellulare, patta e bottone a pressione nascosto e porta carte d'identit\u00e0 integrato. Il portacarta d'identit\u00e0 \u00e8 staccabile. Tasca sulla coscia con spazio per scanner manuale. Rinforzo in CORDURA\u00ae (1000 D) sulle ginocchia. Con effetti di stampa. La lunghezza del cavallo pu\u00f2 essere estesa di 3 cm srotolando la cucitura rossa sul lato interno della gamba.<\/p>\n<p>OEKO-TEX\u00ae STANDARD 100; EN ISO 20471 - Classe 1; Gruppo Hi-Vis Z; ProWash\u00ae.<br \/>\n83% Poliestere riciclato\/17% Elastolefina<br \/>\nESTREMAMENTE ELASTICO. Pu\u00f2 restringersi fino a un massimo di 2%. Il prodotto \u00e8 certificato per mantenere le sue propriet\u00e0 per 50 lavaggi domestici o \u2265 25 lavaggi industriali.<br \/>\n205 g\/m\u00b2<br \/>\nLavaggio colorato, max. 60\u00b0 C; Non candeggiare; Resiste all'asciugatrice - temperatura massima di uscita 80\u00b0 C; Non stirare; Non adatto al lavaggio a secco<\/p>\n<p><a href=\"https:\/\/mascotsitecore-1ccb8.kxcdn.com\/pdf\/19379-510-01014-de.pdf\" target=\"_blank\" rel=\"noopener\"><u>Aprire la scheda tecnica del prodotto<\/u><\/a><\/p>","protected":false},"excerpt":{"rendered":"<ul>\n<li>Il tessuto elasticizzato \u00e8 elastico in tutte le direzioni e offre un'impareggiabile libert\u00e0 di movimento, dove nulla si allunga o intralcia.<\/li>\n<li>Il tessuto elasticizzato multifunzionale combina un peso ridotto con una durata molto elevata ed \u00e8 anche idrorepellente.<\/li>\n<li>Gambe dei pantaloni dal taglio ergonomico, modellate secondo i movimenti naturali del corpo.<\/li>\n<li>Rinforzo in CORDURA\u00ae (1000 D) sulle ginocchia.<\/li>\n<li>Disponibile di serie in tre diverse lunghezze di cavallo, per la migliore vestibilit\u00e0 individuale e per i dettagli meglio posizionati.<\/li>\n<li>Il prodotto \u00e8 adatto al lavaggio industriale.<\/li>\n<\/ul>","protected":false},"featured_media":540939,"template":"","meta":[],"product_brand":[],"product_cat":[4185],"product_tag":[],"class_list":{"0":"post-540897","1":"product","2":"type-product","3":"status-publish","4":"has-post-thumbnail","6":"product_cat-hosen","7":"pa_brand-mascot","8":"pa_brand-type-workwear","9":"pa_filter-color-gelb","10":"pa_filter-color-orange","11":"pa_filter-color-rot","12":"pa_filter-color-schwarz","14":"first","15":"instock","16":"sale","17":"taxable","18":"shipping-taxable","19":"purchasable","20":"product-type-variable","21":"add-to-wishlist-before_image"},"exclude_global_add_ons":[],"addons":[],"acf":[],"_links":{"self":[{"href":"https:\/\/shop.kustom.ch\/it\/wp-json\/wp\/v2\/product\/540897"}],"collection":[{"href":"https:\/\/shop.kustom.ch\/it\/wp-json\/wp\/v2\/product"}],"about":[{"href":"https:\/\/shop.kustom.ch\/it\/wp-json\/wp\/v2\/types\/product"}],"wp:featuredmedia":[{"embeddable":true,"href":"https:\/\/shop.kustom.ch\/it\/wp-json\/wp\/v2\/media\/540939"}],"wp:attachment":[{"href":"https:\/\/shop.kustom.ch\/it\/wp-json\/wp\/v2\/media?parent=540897"}],"wp:term":[{"taxonomy":"product_brand","embeddable":true,"href":"https:\/\/shop.kustom.ch\/it\/wp-json\/wp\/v2\/product_brand?post=540897"},{"taxonomy":"product_cat","embeddable":true,"href":"https:\/\/shop.kustom.ch\/it\/wp-json\/wp\/v2\/product_cat?post=540897"},{"taxonomy":"product_tag","embeddable":true,"href":"https:\/\/shop.kustom.ch\/it\/wp-json\/wp\/v2\/product_tag?post=540897"}],"curies":[{"name":"wp","href":"https:\/\/api.w.org\/{rel}","templated":true}]}}