{"id":540314,"date":"2025-03-04T00:14:48","date_gmt":"2025-03-03T23:14:48","guid":{"rendered":"https:\/\/shop.kustom.ch\/?post_type=product&#038;p=540314"},"modified":"2026-03-30T13:01:08","modified_gmt":"2026-03-30T12:01:08","slug":"hose-mit-knietaschen-accelerate-safe-5","status":"publish","type":"product","link":"https:\/\/shop.kustom.ch\/it\/prodotto\/hose-mit-knietaschen-accelerate-safe-5\/","title":{"rendered":"Pantaloni con tasche al ginocchio ACCELERATE SAFE"},"content":{"rendered":"<p>Fluorescente con riflessi. Il poliestere \u00e8 realizzato con materiali riciclati. Con finitura idrorepellente. Bicolore. Leggero. Tessuto elasticizzato di ultima generazione, particolarmente leggero e resistente. Doppie impunture sulle gambe e sul cavallo. Chiusura con bottoni nascosti. Gambe dei pantaloni dalla forma ergonomica. Passanti per cintura. Chiusura con cerniera. Tasche anteriori. Tasche posteriori rinforzate. Passante per martello nascosto sul lato destro. Tasca porta metro pieghevole con rinforzi in Kevlar\u00ae. Tasche anteriori sulle cosce con patta. Tasche sulle ginocchia in CORDURA\u00ae (1000 D) super resistente, regolabili in altezza. Tasca sulla coscia con tasca per cellulare foderata, chiusura con bottoni a pressione nascosta e portacarta d'identit\u00e0 integrato. Il portadocumenti \u00e8 staccabile. Cerniera verticale per la ventilazione sul retro della coscia. Con effetti di stampa. Predisposizione per tasche pendenti 19450-126, chiuse da bottoni. Il cavallo pu\u00f2 essere allungato di 3 cm srotolando la cucitura rossa sul lato interno della gamba. Per questo modello si consigliano le seguenti protezioni per le ginocchia: 00418-100, 00718-100, 50451-916 o 20118-915. Certificato insieme alla ginocchiera di tipo SHORT o LONG in conformit\u00e0 alla norma EN 14404.<\/p>\n<p>OEKO-TEX\u00ae STANDARD 100; EN ISO 20471 - Classe 2; Gruppo Hi-Vis Y; ProWash\u00ae.<br \/>\n83% Poliestere riciclato\/17% Elastolefina<br \/>\nESTREMAMENTE ELASTICO. Pu\u00f2 restringersi fino a un massimo di 2%. Il prodotto \u00e8 certificato per mantenere le sue propriet\u00e0 per 50 lavaggi domestici o \u2265 25 lavaggi industriali.<br \/>\n205 g\/m\u00b2<br \/>\nLavaggio colorato, max. 60\u00b0 C; Non candeggiare; Resiste all'asciugatrice - temperatura massima di uscita 80\u00b0 C; Non stirare; Non adatto al lavaggio a secco<\/p>\n<p><a href=\"https:\/\/mascotsitecore-1ccb8.kxcdn.com\/pdf\/19279-510-14010-de.pdf\" target=\"_blank\" rel=\"noopener\"><u>Aprire la scheda tecnica del prodotto<\/u><\/a><\/p>","protected":false},"excerpt":{"rendered":"<ul>\n<li>Il tessuto elasticizzato \u00e8 elastico in tutte le direzioni e offre un'impareggiabile libert\u00e0 di movimento, dove nulla si allunga o intralcia.<\/li>\n<li>Il tessuto elasticizzato multifunzionale combina un peso ridotto con una durata molto elevata ed \u00e8 anche idrorepellente.<\/li>\n<li>Gambe dei pantaloni dal taglio ergonomico, modellate secondo i movimenti naturali del corpo.<\/li>\n<li>Tasca porta metro pieghevole con rinforzi in Kevlar\u00ae - particolarmente resistente agli oggetti appuntiti e taglienti.<\/li>\n<li>Predisposto per appendere le borse 19450-126, che si chiudono con bottoni.<\/li>\n<li>Ventilazione efficace sulla gamba grazie alla zip sulla coscia.<\/li>\n<li>Le tasche per le ginocchia in resistente tessuto CORDURA\u00ae sono regolabili in modo che la protezione del ginocchio sia sempre posizionata in modo ottimale.<\/li>\n<li>Certificato per l'uso con la ginocchiera MASCOT di tipo SHORT o LONG, poich\u00e9 la tasca della ginocchiera \u00e8 regolabile in altezza.<\/li>\n<li>Il prodotto \u00e8 adatto al lavaggio industriale.<\/li>\n<\/ul>","protected":false},"featured_media":540350,"template":"","meta":[],"product_brand":[],"product_cat":[4185],"product_tag":[],"class_list":{"0":"post-540314","1":"product","2":"type-product","3":"status-publish","4":"has-post-thumbnail","6":"product_cat-hosen","7":"pa_brand-mascot","8":"pa_brand-type-workwear","9":"pa_filter-color-blau","10":"pa_filter-color-gelb","11":"pa_filter-color-grau","12":"pa_filter-color-orange","13":"pa_filter-color-schwarz","15":"first","16":"instock","17":"sale","18":"taxable","19":"shipping-taxable","20":"purchasable","21":"product-type-variable","22":"add-to-wishlist-before_image"},"exclude_global_add_ons":[],"addons":[],"acf":[],"_links":{"self":[{"href":"https:\/\/shop.kustom.ch\/it\/wp-json\/wp\/v2\/product\/540314"}],"collection":[{"href":"https:\/\/shop.kustom.ch\/it\/wp-json\/wp\/v2\/product"}],"about":[{"href":"https:\/\/shop.kustom.ch\/it\/wp-json\/wp\/v2\/types\/product"}],"wp:featuredmedia":[{"embeddable":true,"href":"https:\/\/shop.kustom.ch\/it\/wp-json\/wp\/v2\/media\/540350"}],"wp:attachment":[{"href":"https:\/\/shop.kustom.ch\/it\/wp-json\/wp\/v2\/media?parent=540314"}],"wp:term":[{"taxonomy":"product_brand","embeddable":true,"href":"https:\/\/shop.kustom.ch\/it\/wp-json\/wp\/v2\/product_brand?post=540314"},{"taxonomy":"product_cat","embeddable":true,"href":"https:\/\/shop.kustom.ch\/it\/wp-json\/wp\/v2\/product_cat?post=540314"},{"taxonomy":"product_tag","embeddable":true,"href":"https:\/\/shop.kustom.ch\/it\/wp-json\/wp\/v2\/product_tag?post=540314"}],"curies":[{"name":"wp","href":"https:\/\/api.w.org\/{rel}","templated":true}]}}