{"id":539411,"date":"2025-03-04T00:08:16","date_gmt":"2025-03-03T23:08:16","guid":{"rendered":"https:\/\/shop.kustom.ch\/?post_type=product&#038;p=539411"},"modified":"2026-03-30T12:59:33","modified_gmt":"2026-03-30T11:59:33","slug":"hose-mit-knietaschen-accelerate-safe-3","status":"publish","type":"product","link":"https:\/\/shop.kustom.ch\/it\/prodotto\/hose-mit-knietaschen-accelerate-safe-3\/","title":{"rendered":"Pantaloni con tasche al ginocchio ACCELERATE SAFE"},"content":{"rendered":"<p>Vestibilit\u00e0 da donna DIAMOND. Colore fluorescente a contrasto e con riflessi. Con finitura idrorepellente. Bicolore. Tessuto elasticizzato di ultima generazione con peso ridotto e buona durata. Doppie impunture su gambe e cavallo. Chiusura con bottoni nascosti. Chiusura con zip. Passanti per cintura. Gambe dei pantaloni dalla forma ergonomica. Tasche anteriori. Tasche posteriori rinforzate. Passante per martello nascosto sul lato destro. Predisposizione per tasche sospese 19450-126, chiuse con bottoni. Tasca porta metro pieghevole con rinforzi in Kevlar\u00ae. Tasche con patta sul davanti della coscia. Tasche al ginocchio in CORDURA\u00ae (1000 D) super resistente, regolabili in altezza. Regolazione semplice e individuale dell'altezza delle tasche per le ginocchia. Tasca sulla coscia con tasca per cellulare foderata, chiusura con bottoni a pressione nascosta e porta carte d'identit\u00e0 integrato. Il portacarta d'identit\u00e0 \u00e8 staccabile. Cerniera verticale per la ventilazione sul retro della coscia. Con effetti di stampa. La lunghezza del cavallo pu\u00f2 essere estesa di 3 cm srotolando la cucitura rossa sul lato interno della gamba. Per questo modello si consigliano le seguenti protezioni per le ginocchia: 00418-100, 00718-100, 50451-916 o 20118-915. Certificato insieme alla ginocchiera di tipo SHORT o LONG in conformit\u00e0 alla norma EN 14404.<\/p>\n<p>OEKO-TEX\u00ae STANDARD 100; EN ISO 20471 - Classe 1; Gruppo Hi-Vis Z; ProWash\u00ae.<br \/>\n88% poliestere\/12% elastolefina<br \/>\nESTENSIONE FINALE. Pu\u00f2 restringersi al massimo di 2%. Il prodotto \u00e8 certificato per mantenere le sue propriet\u00e0 dopo 50 lavaggi domestici o 50 lavaggi industriali.<br \/>\n275 g\/m\u00b2<br \/>\nLavaggio colorato, max. 60\u00b0 C; Non candeggiare; Resiste all'asciugatrice - temperatura massima di uscita 80\u00b0 C; Non stirare; Non adatto al lavaggio a secco<\/p>\n<p><a href=\"https:\/\/mascotsitecore-1ccb8.kxcdn.com\/pdf\/19178-511-01014-de.pdf\" target=\"_blank\" rel=\"noopener\"><u>Aprire la scheda tecnica del prodotto<\/u><\/a><\/p>","protected":false},"excerpt":{"rendered":"<ul>\n<li>Diamond Fit \u00e8 stato progettato appositamente per le donne che hanno una differenza di oltre 20 cm tra le misure della vita e dei fianchi.<\/li>\n<li>Il tessuto elasticizzato \u00e8 elastico in tutte le direzioni e offre un'impareggiabile libert\u00e0 di movimento, dove nulla si allunga o intralcia.<\/li>\n<li>Il tessuto elasticizzato multifunzionale combina un peso ridotto con una durata molto elevata ed \u00e8 anche idrorepellente.<\/li>\n<li>Il prodotto \u00e8 adatto al lavaggio industriale.<\/li>\n<li>Le tasche per le ginocchia in resistente tessuto CORDURA\u00ae sono regolabili in modo che la protezione del ginocchio sia sempre posizionata in modo ottimale.<\/li>\n<li>Ventilazione efficace sulla gamba grazie alla zip sulla coscia.<\/li>\n<li>Predisposto per appendere le borse 19450-126, che si chiudono con bottoni.<\/li>\n<li>Certificato per l'uso con la ginocchiera MASCOT di tipo SHORT o LONG, poich\u00e9 la tasca della ginocchiera \u00e8 regolabile in altezza.<\/li>\n<\/ul>","protected":false},"featured_media":539458,"template":"","meta":[],"product_brand":[],"product_cat":[4185],"product_tag":[],"class_list":{"0":"post-539411","1":"product","2":"type-product","3":"status-publish","4":"has-post-thumbnail","6":"product_cat-hosen","7":"pa_brand-mascot","8":"pa_brand-type-workwear","9":"pa_filter-color-blau","10":"pa_filter-color-gelb","11":"pa_filter-color-grau","12":"pa_filter-color-gruen","13":"pa_filter-color-orange","14":"pa_filter-color-rot","15":"pa_filter-color-schwarz","17":"first","18":"instock","19":"sale","20":"taxable","21":"shipping-taxable","22":"purchasable","23":"product-type-variable","24":"add-to-wishlist-before_image"},"exclude_global_add_ons":[],"addons":[],"acf":[],"_links":{"self":[{"href":"https:\/\/shop.kustom.ch\/it\/wp-json\/wp\/v2\/product\/539411"}],"collection":[{"href":"https:\/\/shop.kustom.ch\/it\/wp-json\/wp\/v2\/product"}],"about":[{"href":"https:\/\/shop.kustom.ch\/it\/wp-json\/wp\/v2\/types\/product"}],"wp:featuredmedia":[{"embeddable":true,"href":"https:\/\/shop.kustom.ch\/it\/wp-json\/wp\/v2\/media\/539458"}],"wp:attachment":[{"href":"https:\/\/shop.kustom.ch\/it\/wp-json\/wp\/v2\/media?parent=539411"}],"wp:term":[{"taxonomy":"product_brand","embeddable":true,"href":"https:\/\/shop.kustom.ch\/it\/wp-json\/wp\/v2\/product_brand?post=539411"},{"taxonomy":"product_cat","embeddable":true,"href":"https:\/\/shop.kustom.ch\/it\/wp-json\/wp\/v2\/product_cat?post=539411"},{"taxonomy":"product_tag","embeddable":true,"href":"https:\/\/shop.kustom.ch\/it\/wp-json\/wp\/v2\/product_tag?post=539411"}],"curies":[{"name":"wp","href":"https:\/\/api.w.org\/{rel}","templated":true}]}}