{"id":539376,"date":"2025-03-04T00:07:53","date_gmt":"2025-03-03T23:07:53","guid":{"rendered":"https:\/\/shop.kustom.ch\/?post_type=product&#038;p=539376"},"modified":"2026-03-30T12:59:16","modified_gmt":"2026-03-30T11:59:16","slug":"kombihose-accelerate-safe-2","status":"publish","type":"product","link":"https:\/\/shop.kustom.ch\/it\/prodotto\/kombihose-accelerate-safe-2\/","title":{"rendered":"Pantaloni combinati ACCELERATE SAFE"},"content":{"rendered":"<p>Colore fluorescente a contrasto e con riflessi. Con finitura idrorepellente. Bicolore. Tessuto elasticizzato di ultima generazione con peso ridotto e buona durata. Doppie impunture sulle gambe e sul cavallo. Gambe dei pantaloni dalla forma ergonomica. Tasche pendenti staccabili. Tasca interna con chiusura a pressione. Tasca appesa con tasca per cellulare foderata e chiusura magnetica. Tasche appese con rinforzi in tessuto Kevlar\u00ae e CORDURA\u00ae. Passanti per cintura. Passanti per attrezzi su entrambi i lati della cintura. Chiusura con cerniera bidirezionale e doppia patta di protezione dalle intemperie. Tasche anteriori. Tasche posteriori, rinforzate e con patta.  Passanti per martello nascosti su entrambi i lati. Bottone (rimovibile) per il fissaggio di un portacoltelli. Tasca porta metro pieghevole con rinforzi in Kevlar\u00ae. Tasche anteriori sulla coscia con patta. Tasche sulle ginocchia in tessuto CORDURA\u00ae elasticizzato bidirezionale con ventilazione. Regolazione semplice e individuale dell'altezza delle tasche per le ginocchia. Tasca sulla coscia con tasca per cellulare foderata, chiusura magnetica e porta carte d'identit\u00e0 integrato. Il porta carte d'identit\u00e0 \u00e8 staccabile. Zip verticale per la ventilazione sul retro della coscia. Tasca sul petto con portapenne. Tasca portacellulare sul petto con patta. Spallacci regolabili con chiusura a velcro. Ventilazione nella parte posteriore. Con effetti di stampa. La lunghezza del cavallo pu\u00f2 essere estesa di 3 cm srotolando la cucitura rossa sul lato interno della gamba. Per questo modello si consigliano le seguenti protezioni per le ginocchia: 00418-100, 00718-100, 50451-916 o 20118-915. Certificato insieme alla ginocchiera di tipo SHORT o LONG in conformit\u00e0 alla norma EN 14404.<\/p>\n<p>OEKO-TEX\u00ae STANDARD 100; EN ISO 20471 - Classe 1; Gruppo Hi-Vis Z<br \/>\n92% poliestere\/8% spandex<br \/>\nESTENSIONE FINALE. Pu\u00f2 restringersi al massimo di 2%. Il prodotto \u00e8 certificato per mantenere le sue propriet\u00e0 dopo 50 lavaggi.<br \/>\n265 g\/m\u00b2<br \/>\nLavaggio delicato max. 40\u00b0 C; non candeggiare; non asciugare in asciugatrice; non stirare; non lavare a secco.<\/p>\n<p><a href=\"https:\/\/mascotsitecore-1ccb8.kxcdn.com\/pdf\/19169-711-0917-de.pdf\" target=\"_blank\" rel=\"noopener\"><u>Aprire la scheda tecnica del prodotto<\/u><\/a><\/p>","protected":false},"excerpt":{"rendered":"<ul>\n<li>Il tessuto elasticizzato \u00e8 elastico in tutte le direzioni e offre un'impareggiabile libert\u00e0 di movimento, dove nulla si allunga o intralcia.<\/li>\n<li>Il tessuto elasticizzato multifunzionale combina un peso ridotto con una durata molto elevata ed \u00e8 anche idrorepellente.<\/li>\n<li>Tasche appese con rinforzi in tessuto Kevlar\u00ae e CORDURA\u00ae.<\/li>\n<li>Tasche appese rimovibili.<\/li>\n<li>Tasca porta metro pieghevole con rinforzi in Kevlar\u00ae - particolarmente resistente agli oggetti appuntiti e taglienti.<\/li>\n<li>Ventilazione efficace sulla gamba grazie alla zip sulla coscia.<\/li>\n<li>Tasche per le ginocchia in CORDURA\u00ae che si allunga in due direzioni e offre una maggiore libert\u00e0 di movimento quando ci si inginocchia.<\/li>\n<li>Le tasche per le ginocchia sono regolabili in altezza in modo che la protezione sia posizionata in modo ottimale sulle ginocchia.<\/li>\n<li>Certificato per l'uso con la ginocchiera MASCOT di tipo SHORT o LONG, poich\u00e9 la tasca della ginocchiera \u00e8 regolabile in altezza.<\/li>\n<\/ul>","protected":false},"featured_media":539397,"template":"","meta":[],"product_brand":[],"product_cat":[4185],"product_tag":[],"class_list":{"0":"post-539376","1":"product","2":"type-product","3":"status-publish","4":"has-post-thumbnail","6":"product_cat-hosen","7":"pa_brand-mascot","8":"pa_brand-type-workwear","9":"pa_filter-color-gelb","10":"pa_filter-color-schwarz","12":"first","13":"instock","14":"sale","15":"taxable","16":"shipping-taxable","17":"purchasable","18":"product-type-variable","19":"add-to-wishlist-before_image"},"exclude_global_add_ons":[],"addons":[],"acf":[],"_links":{"self":[{"href":"https:\/\/shop.kustom.ch\/it\/wp-json\/wp\/v2\/product\/539376"}],"collection":[{"href":"https:\/\/shop.kustom.ch\/it\/wp-json\/wp\/v2\/product"}],"about":[{"href":"https:\/\/shop.kustom.ch\/it\/wp-json\/wp\/v2\/types\/product"}],"wp:featuredmedia":[{"embeddable":true,"href":"https:\/\/shop.kustom.ch\/it\/wp-json\/wp\/v2\/media\/539397"}],"wp:attachment":[{"href":"https:\/\/shop.kustom.ch\/it\/wp-json\/wp\/v2\/media?parent=539376"}],"wp:term":[{"taxonomy":"product_brand","embeddable":true,"href":"https:\/\/shop.kustom.ch\/it\/wp-json\/wp\/v2\/product_brand?post=539376"},{"taxonomy":"product_cat","embeddable":true,"href":"https:\/\/shop.kustom.ch\/it\/wp-json\/wp\/v2\/product_cat?post=539376"},{"taxonomy":"product_tag","embeddable":true,"href":"https:\/\/shop.kustom.ch\/it\/wp-json\/wp\/v2\/product_tag?post=539376"}],"curies":[{"name":"wp","href":"https:\/\/api.w.org\/{rel}","templated":true}]}}