{"id":538611,"date":"2025-03-04T00:02:36","date_gmt":"2025-03-03T23:02:36","guid":{"rendered":"https:\/\/shop.kustom.ch\/?post_type=product&#038;p=538611"},"modified":"2026-03-30T12:57:56","modified_gmt":"2026-03-30T11:57:56","slug":"winterhose-accelerate-safe","status":"publish","type":"product","link":"https:\/\/shop.kustom.ch\/it\/prodotto\/winterhose-accelerate-safe\/","title":{"rendered":"Pantaloni invernali ACCELERATE SAFE"},"content":{"rendered":"<p>Fluorescente con elementi riflettenti. Tessuto altamente resistente, traspirante, antivento e impermeabile. Con isolamento leggero CLIMASCOT\u00ae. Bicolore. Cuciture nastrate. Gambe dei pantaloni dalla forma ergonomica. Passanti per cintura. Chiusura con zip. Tasche anteriori. Tasche posteriori, rinforzate e con patta.  Passanti per martello nascosti su entrambi i lati. Tasca porta metro pieghevole con rinforzi in Kevlar\u00ae. Tasche anteriori sulla coscia con patta. Tasca sulla coscia con tasca per cellulare foderata, chiusura magnetica e portacarta d'identit\u00e0 integrato. Il portadocumenti \u00e8 staccabile. Spallacci in robusto materiale elasticizzato, regolabili e staccabili. Vita rialzata sul retro per una migliore protezione dal freddo. Cintura in vita con inserto elastico laterale. Tasche per le ginocchia in resistente CORDURA\u00ae (500 D), regolabili in altezza. Paraneve all'interno delle gambe. Zip con striscia di protezione dalle intemperie all'interno della gamba. Per questo modello si consigliano le seguenti protezioni per le ginocchia: 00418-100, 00718-100, 50451-916 o 20118-915. Certificato insieme alla ginocchiera tipo SHORT o LONG in conformit\u00e0 alla norma EN 14404.<\/p>\n<p>OEKO-TEX\u00ae STANDARD 100; EN ISO 20471 - Classe 2; Gruppo Hi-Vis Y; EN 342 3\/WP (1,7 clo); EN 343 4-1-X<br \/>\n100% Poliestere<br \/>\nRipstop. Pu\u00f2 restringersi fino a un massimo di 2%. Il prodotto \u00e8 certificato secondo la norma EN ISO 20471 per mantenere le sue propriet\u00e0 per 50 lavaggi domestici.<br \/>\n210 g\/m\u00b2<br \/>\nLavaggio delicato max. 40\u00b0 C; non candeggiare; non asciugare in tamburo; non stirare; resiste ai normali lavaggi<\/p>\n<p><a href=\"https:\/\/mascotsitecore-1ccb8.kxcdn.com\/pdf\/19090-449-14010-de.pdf\" target=\"_blank\" rel=\"noopener\"><u>Aprire la scheda tecnica del prodotto<\/u><\/a><\/p>","protected":false},"excerpt":{"rendered":"<ul>\n<li>Traspirante, antivento e impermeabile con cuciture nastrate.<\/li>\n<li>Estremamente resistente.<\/li>\n<li>L'esclusivo isolamento CLIMASCOT\u00ae riscalda efficacemente, \u00e8 leggero, morbido e pu\u00f2 essere compresso in un volume ridotto.<\/li>\n<li>Gambe dei pantaloni dal taglio ergonomico, modellate secondo i movimenti naturali del corpo.<\/li>\n<li>Tasca porta metro pieghevole con rinforzi in Kevlar\u00ae - particolarmente resistente agli oggetti appuntiti e taglienti.<\/li>\n<li>Le tasche per le ginocchia in resistente tessuto CORDURA\u00ae sono regolabili in modo che la protezione del ginocchio sia sempre posizionata in modo ottimale.<\/li>\n<li>La parte posteriore rialzata offre sostegno e protezione aggiuntiva contro il vento e il freddo nella parte bassa della schiena.<\/li>\n<li>Il paraneve sul lato interno della gamba impedisce l'ingresso di neve e sporcizia.<\/li>\n<li>Certificato per l'uso con la ginocchiera MASCOT di tipo SHORT o LONG, poich\u00e9 la tasca della ginocchiera \u00e8 regolabile in altezza.<\/li>\n<\/ul>","protected":false},"featured_media":538627,"template":"","meta":[],"product_brand":[],"product_cat":[4185],"product_tag":[],"class_list":{"0":"post-538611","1":"product","2":"type-product","3":"status-publish","4":"has-post-thumbnail","6":"product_cat-hosen","7":"pa_brand-mascot","8":"pa_brand-type-workwear","9":"pa_filter-color-blau","10":"pa_filter-color-gelb","11":"pa_filter-color-orange","12":"pa_filter-color-rot","13":"pa_filter-color-schwarz","15":"first","16":"instock","17":"sale","18":"taxable","19":"shipping-taxable","20":"purchasable","21":"product-type-variable","22":"add-to-wishlist-before_image"},"exclude_global_add_ons":[],"addons":[],"acf":[],"_links":{"self":[{"href":"https:\/\/shop.kustom.ch\/it\/wp-json\/wp\/v2\/product\/538611"}],"collection":[{"href":"https:\/\/shop.kustom.ch\/it\/wp-json\/wp\/v2\/product"}],"about":[{"href":"https:\/\/shop.kustom.ch\/it\/wp-json\/wp\/v2\/types\/product"}],"wp:featuredmedia":[{"embeddable":true,"href":"https:\/\/shop.kustom.ch\/it\/wp-json\/wp\/v2\/media\/538627"}],"wp:attachment":[{"href":"https:\/\/shop.kustom.ch\/it\/wp-json\/wp\/v2\/media?parent=538611"}],"wp:term":[{"taxonomy":"product_brand","embeddable":true,"href":"https:\/\/shop.kustom.ch\/it\/wp-json\/wp\/v2\/product_brand?post=538611"},{"taxonomy":"product_cat","embeddable":true,"href":"https:\/\/shop.kustom.ch\/it\/wp-json\/wp\/v2\/product_cat?post=538611"},{"taxonomy":"product_tag","embeddable":true,"href":"https:\/\/shop.kustom.ch\/it\/wp-json\/wp\/v2\/product_tag?post=538611"}],"curies":[{"name":"wp","href":"https:\/\/api.w.org\/{rel}","templated":true}]}}