{"id":538442,"date":"2025-03-04T00:01:38","date_gmt":"2025-03-03T23:01:38","guid":{"rendered":"https:\/\/shop.kustom.ch\/?post_type=product&#038;p=538442"},"modified":"2026-03-30T12:57:41","modified_gmt":"2026-03-30T11:57:41","slug":"polo-shirt-accelerate-safe","status":"publish","type":"product","link":"https:\/\/shop.kustom.ch\/it\/prodotto\/polo-shirt-accelerate-safe\/","title":{"rendered":"Polo ACCELERATE SAFE"},"content":{"rendered":"<p>Premium. Fluorescente e con riflessi diagonali. Bicolore. Vestibilit\u00e0 moderna. Confortevole cotone all'interno e resistente poliestere elasticizzato all'esterno. Motivo jacquard quadrato. Riflessi elasticizzati. Colletto in maglia. Abbottonatura con bottoni nascosti. Nastro sul collo.<\/p>\n<p>OEKO-TEX\u00ae STANDARD 100; EN ISO 20471 - Classe 2; Hi-Vis Gruppo B; EN 13758-2 UPF 40+<br \/>\n50% poliestere\/50% cotone<br \/>\nTessuto a maglia al metro. Pu\u00f2 restringersi fino a un massimo di 5%. Il prodotto \u00e8 certificato secondo la norma EN ISO 20471 per mantenere le sue propriet\u00e0 per 50 lavaggi domestici.<br \/>\n150 g\/m\u00b2<br \/>\nLavaggio colorato, max. 60\u00b0 C; non candeggiare; resiste all'asciugatrice - temperatura massima di uscita 60\u00b0 C; non stirare; resiste alla normale pulizia<\/p>\n<p><a href=\"https:\/\/mascotsitecore-1ccb8.kxcdn.com\/pdf\/19083-771-14010-de.pdf\" target=\"_blank\" rel=\"noopener\"><u>Aprire la scheda tecnica del prodotto<\/u><\/a><\/p>","protected":false},"excerpt":{"rendered":"<ul>\n<li>Questo tessuto \u00e8 composto da poliestere all'esterno per una maggiore durata e solidit\u00e0 dei colori e da cotone all'interno per un maggiore comfort.<\/li>\n<li>Vestibilit\u00e0 moderna e aderente con ampia libert\u00e0 di movimento.<\/li>\n<li>Maggiore libert\u00e0 di movimento grazie ai riflessi elastici.<\/li>\n<li>Le cuciture del collo sono coperte da un materiale morbido e imbottito, in modo da non intralciare il movimento.<\/li>\n<\/ul>","protected":false},"featured_media":538489,"template":"","meta":[],"product_brand":[],"product_cat":[4193],"product_tag":[],"class_list":{"0":"post-538442","1":"product","2":"type-product","3":"status-publish","4":"has-post-thumbnail","6":"product_cat-polos","7":"pa_brand-mascot","8":"pa_brand-type-workwear","9":"pa_filter-color-blau","10":"pa_filter-color-gelb","11":"pa_filter-color-grau","12":"pa_filter-color-gruen","13":"pa_filter-color-orange","14":"pa_filter-color-rot","15":"pa_filter-color-schwarz","17":"first","18":"instock","19":"sale","20":"taxable","21":"shipping-taxable","22":"purchasable","23":"product-type-variable","24":"add-to-wishlist-before_image"},"exclude_global_add_ons":[],"addons":[],"acf":[],"_links":{"self":[{"href":"https:\/\/shop.kustom.ch\/it\/wp-json\/wp\/v2\/product\/538442"}],"collection":[{"href":"https:\/\/shop.kustom.ch\/it\/wp-json\/wp\/v2\/product"}],"about":[{"href":"https:\/\/shop.kustom.ch\/it\/wp-json\/wp\/v2\/types\/product"}],"wp:featuredmedia":[{"embeddable":true,"href":"https:\/\/shop.kustom.ch\/it\/wp-json\/wp\/v2\/media\/538489"}],"wp:attachment":[{"href":"https:\/\/shop.kustom.ch\/it\/wp-json\/wp\/v2\/media?parent=538442"}],"wp:term":[{"taxonomy":"product_brand","embeddable":true,"href":"https:\/\/shop.kustom.ch\/it\/wp-json\/wp\/v2\/product_brand?post=538442"},{"taxonomy":"product_cat","embeddable":true,"href":"https:\/\/shop.kustom.ch\/it\/wp-json\/wp\/v2\/product_cat?post=538442"},{"taxonomy":"product_tag","embeddable":true,"href":"https:\/\/shop.kustom.ch\/it\/wp-json\/wp\/v2\/product_tag?post=538442"}],"curies":[{"name":"wp","href":"https:\/\/api.w.org\/{rel}","templated":true}]}}