{"id":537635,"date":"2025-03-03T23:56:37","date_gmt":"2025-03-03T22:56:37","guid":{"rendered":"https:\/\/shop.kustom.ch\/?post_type=product&#038;p=537635"},"modified":"2026-03-30T12:55:54","modified_gmt":"2026-03-30T11:55:54","slug":"dreiviertel-hose-mit-haengetaschen-accelerate-safe","status":"publish","type":"product","link":"https:\/\/shop.kustom.ch\/it\/prodotto\/dreiviertel-hose-mit-haengetaschen-accelerate-safe\/","title":{"rendered":"Pantaloni a tre quarti con tasche pendenti ACCELERARE SICURO"},"content":{"rendered":"<p>Fluorescente con riflessi. Con finitura idrorepellente. Bicolore. Tessuto elasticizzato di ultima generazione con peso ridotto e buona durata. Doppia impuntura sulle gambe e sul cavallo. Chiusura con bottoni nascosti. Gambe dei pantaloni dalla forma ergonomica. Tasche pendenti staccabili. Tasca interna con chiusura a pressione. Tasca appesa con tasca per cellulare foderata e chiusura magnetica. Tasche appese con rinforzi in tessuto Kevlar\u00ae e CORDURA\u00ae. Passanti per cintura. Passanti per attrezzi su entrambi i lati della cintura. Chiusura con cerniera. Tasche anteriori. Tasche posteriori, rinforzate e con patta.  Passanti per martello nascosti su entrambi i lati. Bottone (staccabile) per il fissaggio di un portacoltelli. Tasca porta metro pieghevole con rinforzi in Kevlar\u00ae. Tasche anteriori sulla coscia con patta. Tasche sulle ginocchia in tessuto CORDURA\u00ae elasticizzato bidirezionale con ventilazione. Tasca sulla coscia con tasca per cellulare foderata, chiusura magnetica e portacarta d'identit\u00e0 integrato. Il portadocumenti \u00e8 staccabile. Con effetti di stampa. Per questo modello si consiglia la seguente protezione per le ginocchia: 00418-100. Certificata insieme alla ginocchiera tipo SHORT in conformit\u00e0 alla norma EN 14404.<\/p>\n<p>OEKO-TEX\u00ae STANDARD 100; EN ISO 20471 - Classe 1; Hi-Vis Gruppo X<br \/>\n92% poliestere\/8% spandex<br \/>\nESTENSIONE FINALE. Pu\u00f2 restringersi al massimo di 2%. Il prodotto \u00e8 certificato per mantenere le sue propriet\u00e0 dopo 50 lavaggi.<br \/>\n265 g\/m\u00b2<br \/>\nLavaggio delicato max. 40\u00b0 C; non candeggiare; non asciugare in asciugatrice; non stirare; non lavare a secco.<\/p>\n<p><a href=\"https:\/\/mascotsitecore-1ccb8.kxcdn.com\/pdf\/19049-711-14010-de.pdf\" target=\"_blank\" rel=\"noopener\"><u>Aprire la scheda tecnica del prodotto<\/u><\/a><\/p>","protected":false},"excerpt":{"rendered":"<ul>\n<li>Il tessuto elasticizzato \u00e8 elastico in tutte le direzioni e offre un'impareggiabile libert\u00e0 di movimento, dove nulla si allunga o intralcia.<\/li>\n<li>Il tessuto elasticizzato multifunzionale combina un peso ridotto con una durata molto elevata ed \u00e8 anche idrorepellente.<\/li>\n<li>Tasche appese con rinforzi in tessuto Kevlar\u00ae e CORDURA\u00ae.<\/li>\n<li>Tasche appese rimovibili.<\/li>\n<li>Tasca porta metro pieghevole con rinforzi in Kevlar\u00ae - particolarmente resistente agli oggetti appuntiti e taglienti.<\/li>\n<li>Tasche per le ginocchia in CORDURA\u00ae che si allunga in due direzioni e offre una maggiore libert\u00e0 di movimento quando ci si inginocchia.<\/li>\n<li>L'apertura nella tasca del ginocchio consente inoltre la ventilazione della zona del ginocchio.<\/li>\n<li>Certificato per l'uso in combinazione con la ginocchiera MASCOT di tipo SHORT.<\/li>\n<\/ul>","protected":false},"featured_media":537670,"template":"","meta":[],"product_brand":[],"product_cat":[4185],"product_tag":[],"class_list":{"0":"post-537635","1":"product","2":"type-product","3":"status-publish","4":"has-post-thumbnail","6":"product_cat-hosen","7":"pa_brand-mascot","8":"pa_brand-type-workwear","9":"pa_filter-color-blau","10":"pa_filter-color-gelb","11":"pa_filter-color-orange","12":"pa_filter-color-rot","13":"pa_filter-color-schwarz","15":"first","16":"instock","17":"sale","18":"taxable","19":"shipping-taxable","20":"purchasable","21":"product-type-variable","22":"add-to-wishlist-before_image"},"exclude_global_add_ons":[],"addons":[],"acf":[],"_links":{"self":[{"href":"https:\/\/shop.kustom.ch\/it\/wp-json\/wp\/v2\/product\/537635"}],"collection":[{"href":"https:\/\/shop.kustom.ch\/it\/wp-json\/wp\/v2\/product"}],"about":[{"href":"https:\/\/shop.kustom.ch\/it\/wp-json\/wp\/v2\/types\/product"}],"wp:featuredmedia":[{"embeddable":true,"href":"https:\/\/shop.kustom.ch\/it\/wp-json\/wp\/v2\/media\/537670"}],"wp:attachment":[{"href":"https:\/\/shop.kustom.ch\/it\/wp-json\/wp\/v2\/media?parent=537635"}],"wp:term":[{"taxonomy":"product_brand","embeddable":true,"href":"https:\/\/shop.kustom.ch\/it\/wp-json\/wp\/v2\/product_brand?post=537635"},{"taxonomy":"product_cat","embeddable":true,"href":"https:\/\/shop.kustom.ch\/it\/wp-json\/wp\/v2\/product_cat?post=537635"},{"taxonomy":"product_tag","embeddable":true,"href":"https:\/\/shop.kustom.ch\/it\/wp-json\/wp\/v2\/product_tag?post=537635"}],"curies":[{"name":"wp","href":"https:\/\/api.w.org\/{rel}","templated":true}]}}