{"id":537088,"date":"2025-03-03T23:53:14","date_gmt":"2025-03-03T22:53:14","guid":{"rendered":"https:\/\/shop.kustom.ch\/?post_type=product&#038;p=537088"},"modified":"2026-03-30T12:54:47","modified_gmt":"2026-03-30T11:54:47","slug":"parka-accelerate-safe","status":"publish","type":"product","link":"https:\/\/shop.kustom.ch\/it\/prodotto\/parka-accelerate-safe\/","title":{"rendered":"Parka ACCELERATE SAFE"},"content":{"rendered":"<p>Fluorescente e con strisce riflettenti sulle spalle ed elementi riflettenti diagonali. Eccellenti propriet\u00e0 traspiranti, antivento e impermeabili. Con isolamento leggero CLIMASCOT\u00ae. Bicolore. Cuciture nastrate. Cappuccio foderato e staccabile con cordoncini elastici regolabili. Chiusura con cerniera e striscia di protezione dalle intemperie. Tasche interne: due con cerniera e una aperta in rete. Porta carte d'identit\u00e0 rimovibile. Tasca sul petto con cerniera impermeabile. Tasche anteriori con cerniere impermeabili. Colletto rialzato. Vita a coste sul davanti, orlo interno inferiore. Polsi elasticizzati. Zip nella fodera posteriore per l'applicazione di un logo\/ricamo. Con effetti di stampa.<\/p>\n<p>OEKO-TEX\u00ae STANDARD 100; EN ISO 20471 - Classe 3; Gruppo Hi-Vis A; EN 342 3\/WP (2.258 clo); EN 343 4-1-X<br \/>\n100% Poliestere<br \/>\nRipstop. Pu\u00f2 restringersi fino a un massimo di 2%. Il prodotto \u00e8 certificato secondo la norma EN ISO 20471 per mantenere le sue propriet\u00e0 per 50 lavaggi domestici.<br \/>\n210 g\/m\u00b2<br \/>\nLavaggio delicato max. 40\u00b0 C; non candeggiare; non asciugare in tamburo; non stirare; resiste ai normali lavaggi<\/p>\n<p><a href=\"https:\/\/mascotsitecore-1ccb8.kxcdn.com\/pdf\/19030-449-14010-de.pdf\" target=\"_blank\" rel=\"noopener\"><u>Aprire la scheda tecnica del prodotto<\/u><\/a><\/p>","protected":false},"excerpt":{"rendered":"<ul>\n<li>Traspirante, antivento e impermeabile con cuciture nastrate.<\/li>\n<li>L'esclusivo isolamento CLIMASCOT\u00ae riscalda efficacemente, \u00e8 leggero, morbido e pu\u00f2 essere compresso in un volume ridotto.<\/li>\n<li>Tasca sul petto con cerniera impermeabile.<\/li>\n<li>Tasche anteriori con cerniere impermeabili.<\/li>\n<li>Protezione aggiuntiva contro il freddo grazie alla schiena allungata.<\/li>\n<\/ul>","protected":false},"featured_media":537102,"template":"","meta":[],"product_brand":[],"product_cat":[4186],"product_tag":[],"class_list":{"0":"post-537088","1":"product","2":"type-product","3":"status-publish","4":"has-post-thumbnail","6":"product_cat-jacken","7":"pa_brand-mascot","8":"pa_brand-type-workwear","9":"pa_filter-color-blau","10":"pa_filter-color-gelb","11":"pa_filter-color-orange","12":"pa_filter-color-rot","13":"pa_filter-color-schwarz","15":"first","16":"instock","17":"sale","18":"taxable","19":"shipping-taxable","20":"purchasable","21":"product-type-variable","22":"add-to-wishlist-before_image"},"exclude_global_add_ons":[],"addons":[],"acf":[],"_links":{"self":[{"href":"https:\/\/shop.kustom.ch\/it\/wp-json\/wp\/v2\/product\/537088"}],"collection":[{"href":"https:\/\/shop.kustom.ch\/it\/wp-json\/wp\/v2\/product"}],"about":[{"href":"https:\/\/shop.kustom.ch\/it\/wp-json\/wp\/v2\/types\/product"}],"wp:featuredmedia":[{"embeddable":true,"href":"https:\/\/shop.kustom.ch\/it\/wp-json\/wp\/v2\/media\/537102"}],"wp:attachment":[{"href":"https:\/\/shop.kustom.ch\/it\/wp-json\/wp\/v2\/media?parent=537088"}],"wp:term":[{"taxonomy":"product_brand","embeddable":true,"href":"https:\/\/shop.kustom.ch\/it\/wp-json\/wp\/v2\/product_brand?post=537088"},{"taxonomy":"product_cat","embeddable":true,"href":"https:\/\/shop.kustom.ch\/it\/wp-json\/wp\/v2\/product_cat?post=537088"},{"taxonomy":"product_tag","embeddable":true,"href":"https:\/\/shop.kustom.ch\/it\/wp-json\/wp\/v2\/product_tag?post=537088"}],"curies":[{"name":"wp","href":"https:\/\/api.w.org\/{rel}","templated":true}]}}