{"id":537017,"date":"2025-03-03T23:52:46","date_gmt":"2025-03-03T22:52:46","guid":{"rendered":"https:\/\/shop.kustom.ch\/?post_type=product&#038;p=537017"},"modified":"2026-03-30T12:54:38","modified_gmt":"2026-03-30T11:54:38","slug":"softshell-jacke-accelerate-safe-2","status":"publish","type":"product","link":"https:\/\/shop.kustom.ch\/it\/prodotto\/softshell-jacke-accelerate-safe-2\/","title":{"rendered":"Giacca softshell ACCELERATE SAFE"},"content":{"rendered":"<p>Vestibilit\u00e0 femminile. Fluorescente e con riflessi diagonali. Traspirante, antivento e idrorepellente. Vestibilit\u00e0 moderna e aderente con ampia libert\u00e0 di movimento. Colletto rialzato. Bicolore. Chiusura con cerniera impermeabile e striscia interna di protezione dalle intemperie. Tasche anteriori con cerniera impermeabile. Tasche interne. Polsi elasticizzati. Orlo inferiore elasticizzato regolabile. Porta carte d'identit\u00e0 rimovibile.<\/p>\n<p>OEKO-TEX\u00ae STANDARD 100; EN ISO 20471 - Classe 2; Hi-Vis Gruppo A<br \/>\n100% Poliestere<br \/>\nSoftshell a 3 strati. Pu\u00f2 restringersi al massimo. 1%. Il prodotto \u00e8 certificato per mantenere le sue propriet\u00e0 dopo 50 lavaggi.<br \/>\n330 g\/m\u00b2<br \/>\nLavaggio delicato max. 40\u00b0 C; non candeggiare; non asciugare in tamburo; non stirare; resiste ai normali lavaggi<\/p>\n<p><a href=\"https:\/\/mascotsitecore-1ccb8.kxcdn.com\/pdf\/19012-143-14010-de.pdf\" target=\"_blank\" rel=\"noopener\"><u>Aprire la scheda tecnica del prodotto<\/u><\/a><\/p>","protected":false},"excerpt":{"rendered":"<ul>\n<li>Appositamente progettato per le donne con un taglio sartoriale.<\/li>\n<li>Traspirante, antivento e idrorepellente.<\/li>\n<li>Vestibilit\u00e0 moderna e aderente con ampia libert\u00e0 di movimento.<\/li>\n<li>Chiusura con cerniera impermeabile e striscia interna di protezione dalle intemperie.<\/li>\n<li>Tasche anteriori con cerniere impermeabili.<\/li>\n<li>Orlo elasticizzato regolabile.<\/li>\n<\/ul>","protected":false},"featured_media":537035,"template":"","meta":[],"product_brand":[],"product_cat":[4186],"product_tag":[],"class_list":{"0":"post-537017","1":"product","2":"type-product","3":"status-publish","4":"has-post-thumbnail","6":"product_cat-jacken","7":"pa_brand-mascot","8":"pa_brand-type-workwear","9":"pa_filter-color-blau","10":"pa_filter-color-gelb","11":"pa_filter-color-grau","12":"pa_filter-color-gruen","13":"pa_filter-color-orange","14":"pa_filter-color-rot","15":"pa_filter-color-schwarz","17":"first","18":"instock","19":"sale","20":"taxable","21":"shipping-taxable","22":"purchasable","23":"product-type-variable","24":"add-to-wishlist-before_image"},"exclude_global_add_ons":[],"addons":[],"acf":[],"_links":{"self":[{"href":"https:\/\/shop.kustom.ch\/it\/wp-json\/wp\/v2\/product\/537017"}],"collection":[{"href":"https:\/\/shop.kustom.ch\/it\/wp-json\/wp\/v2\/product"}],"about":[{"href":"https:\/\/shop.kustom.ch\/it\/wp-json\/wp\/v2\/types\/product"}],"wp:featuredmedia":[{"embeddable":true,"href":"https:\/\/shop.kustom.ch\/it\/wp-json\/wp\/v2\/media\/537035"}],"wp:attachment":[{"href":"https:\/\/shop.kustom.ch\/it\/wp-json\/wp\/v2\/media?parent=537017"}],"wp:term":[{"taxonomy":"product_brand","embeddable":true,"href":"https:\/\/shop.kustom.ch\/it\/wp-json\/wp\/v2\/product_brand?post=537017"},{"taxonomy":"product_cat","embeddable":true,"href":"https:\/\/shop.kustom.ch\/it\/wp-json\/wp\/v2\/product_cat?post=537017"},{"taxonomy":"product_tag","embeddable":true,"href":"https:\/\/shop.kustom.ch\/it\/wp-json\/wp\/v2\/product_tag?post=537017"}],"curies":[{"name":"wp","href":"https:\/\/api.w.org\/{rel}","templated":true}]}}