{"id":536946,"date":"2025-03-03T23:52:18","date_gmt":"2025-03-03T22:52:18","guid":{"rendered":"https:\/\/shop.kustom.ch\/?post_type=product&#038;p=536946"},"modified":"2026-03-30T12:54:32","modified_gmt":"2026-03-30T11:54:32","slug":"hard-shell-jacke-accelerate-safe-2","status":"publish","type":"product","link":"https:\/\/shop.kustom.ch\/it\/prodotto\/hard-shell-jacke-accelerate-safe-2\/","title":{"rendered":"Giacca rigida ACCELERATE SAFE"},"content":{"rendered":"<p>Vestibilit\u00e0 femminile. Fluorescente e con strisce riflettenti sulle spalle ed elementi riflettenti diagonali. Bicolore. Eccellenti propriet\u00e0 traspiranti, antivento e impermeabili. Cuciture nastrate. Cappuccio staccabile, foderato e con cordoncini elastici regolabili. Chiusura con cerniera e striscia di protezione dalle intemperie. Tasche interne: due con cerniera e una aperta in rete. Porta carte d'identit\u00e0 rimovibile. Tasche anteriori con cerniere impermeabili. Colletto rialzato. Vita a coste sul davanti, orlo interno inferiore. Retro allungato e abbottonato per una migliore protezione dal vento e dalle intemperie. Polsi elasticizzati. Con effetti di stampa.<\/p>\n<p>OEKO-TEX\u00ae STANDARD 100; EN ISO 20471 - Classe 3; EN ISO 20471 - Classe 2 (XS-M); Hi-Vis Gruppo A; Hi-Vis Gruppo B; EN 343 4-4-X<br \/>\n100% Poliestere<br \/>\nRipstop. Pu\u00f2 restringersi fino a un massimo di 2%. Il prodotto \u00e8 certificato secondo la norma EN ISO 20471 per mantenere le sue propriet\u00e0 per 50 lavaggi domestici.<br \/>\n210 g\/m\u00b2<br \/>\nLavaggio delicato max. 40\u00b0 C; non candeggiare; non asciugare in tamburo; non stirare; resiste ai normali lavaggi<\/p>\n<p><a href=\"https:\/\/mascotsitecore-1ccb8.kxcdn.com\/pdf\/19011-449-14010-de.pdf\" target=\"_blank\" rel=\"noopener\"><u>Aprire la scheda tecnica del prodotto<\/u><\/a><\/p>","protected":false},"excerpt":{"rendered":"<ul>\n<li>Appositamente progettato per le donne con un taglio sartoriale.<\/li>\n<li>Traspirante, antivento e impermeabile con cuciture nastrate.<\/li>\n<li>Cappuccio foderato e staccabile con cordoncini elastici regolabili.<\/li>\n<li>Tasche anteriori con cerniere impermeabili.<\/li>\n<li>Schiena allungata con tessuto abbottonato per una migliore protezione dal vento e dalle intemperie.<\/li>\n<\/ul>","protected":false},"featured_media":536968,"template":"","meta":[],"product_brand":[],"product_cat":[4186],"product_tag":[],"class_list":{"0":"post-536946","1":"product","2":"type-product","3":"status-publish","4":"has-post-thumbnail","6":"product_cat-jacken","7":"pa_brand-mascot","8":"pa_brand-type-workwear","9":"pa_filter-color-blau","10":"pa_filter-color-gelb","11":"pa_filter-color-grau","12":"pa_filter-color-gruen","13":"pa_filter-color-orange","14":"pa_filter-color-rot","15":"pa_filter-color-schwarz","17":"first","18":"instock","19":"sale","20":"taxable","21":"shipping-taxable","22":"purchasable","23":"product-type-variable","24":"add-to-wishlist-before_image"},"exclude_global_add_ons":[],"addons":[],"acf":[],"_links":{"self":[{"href":"https:\/\/shop.kustom.ch\/it\/wp-json\/wp\/v2\/product\/536946"}],"collection":[{"href":"https:\/\/shop.kustom.ch\/it\/wp-json\/wp\/v2\/product"}],"about":[{"href":"https:\/\/shop.kustom.ch\/it\/wp-json\/wp\/v2\/types\/product"}],"wp:featuredmedia":[{"embeddable":true,"href":"https:\/\/shop.kustom.ch\/it\/wp-json\/wp\/v2\/media\/536968"}],"wp:attachment":[{"href":"https:\/\/shop.kustom.ch\/it\/wp-json\/wp\/v2\/media?parent=536946"}],"wp:term":[{"taxonomy":"product_brand","embeddable":true,"href":"https:\/\/shop.kustom.ch\/it\/wp-json\/wp\/v2\/product_brand?post=536946"},{"taxonomy":"product_cat","embeddable":true,"href":"https:\/\/shop.kustom.ch\/it\/wp-json\/wp\/v2\/product_cat?post=536946"},{"taxonomy":"product_tag","embeddable":true,"href":"https:\/\/shop.kustom.ch\/it\/wp-json\/wp\/v2\/product_tag?post=536946"}],"curies":[{"name":"wp","href":"https:\/\/api.w.org\/{rel}","templated":true}]}}