{"id":536866,"date":"2025-03-03T23:51:47","date_gmt":"2025-03-03T22:51:47","guid":{"rendered":"https:\/\/shop.kustom.ch\/?post_type=product&#038;p=536866"},"modified":"2026-03-30T12:54:24","modified_gmt":"2026-03-30T11:54:24","slug":"jacke-accelerate-safe-2","status":"publish","type":"product","link":"https:\/\/shop.kustom.ch\/it\/prodotto\/jacke-accelerate-safe-2\/","title":{"rendered":"Giacca ACCELERATE SAFE"},"content":{"rendered":"<p>Fluorescente e con riflessi diagonali. Con finitura idrorepellente. Tessuto elasticizzato di ultima generazione con peso ridotto e buona durata. Colletto rialzato. Bicolore. Chiusura con cerniera e striscia interna di protezione dalle intemperie. Predisposizione per il fissaggio di un porta carte d'identit\u00e0. Tasca sul petto con zip. Tasche anteriori con zip. Tasche interne. Bordo inferiore elasticizzato ai lati. Polsi elasticizzati. Ventilazione sotto le maniche. Con effetti di stampa.<\/p>\n<p>OEKO-TEX\u00ae STANDARD 100; EN ISO 20471 - Classe 2; Gruppo Hi-Vis A; ProWash\u00ae.<br \/>\n88% poliestere\/12% elastolefina<br \/>\nESTENSIONE FINALE. Pu\u00f2 restringersi al massimo di 2%. Il prodotto \u00e8 certificato per mantenere le sue propriet\u00e0 dopo 50 lavaggi domestici o 50 lavaggi industriali.<br \/>\n275 g\/m\u00b2<br \/>\nLavaggio colorato, max. 60\u00b0 C; Non candeggiare; Resiste all'asciugatrice - temperatura massima di uscita 80\u00b0 C; Non stirare; Non adatto al lavaggio a secco<\/p>\n<p><a href=\"https:\/\/mascotsitecore-1ccb8.kxcdn.com\/pdf\/19009-511-14010-de.pdf\" target=\"_blank\" rel=\"noopener\"><u>Aprire la scheda tecnica del prodotto<\/u><\/a><\/p>","protected":false},"excerpt":{"rendered":"<ul>\n<li>Il tessuto elasticizzato \u00e8 elastico in tutte le direzioni e offre un'impareggiabile libert\u00e0 di movimento, dove nulla si allunga o intralcia.<\/li>\n<li>Il tessuto elasticizzato multifunzionale combina un peso ridotto con una durata molto elevata ed \u00e8 anche idrorepellente.<\/li>\n<li>Il prodotto \u00e8 adatto al lavaggio industriale.<\/li>\n<li>Con cerniera e striscia di protezione dalle intemperie all'interno per tenere lontano il vento.<\/li>\n<li>Migliore visibilit\u00e0 dell'area circostante grazie ai riflessi obliqui.<\/li>\n<\/ul>","protected":false},"featured_media":536899,"template":"","meta":[],"product_brand":[],"product_cat":[4186],"product_tag":[],"class_list":{"0":"post-536866","1":"product","2":"type-product","3":"status-publish","4":"has-post-thumbnail","6":"product_cat-jacken","7":"pa_brand-mascot","8":"pa_brand-type-workwear","9":"pa_filter-color-blau","10":"pa_filter-color-gelb","11":"pa_filter-color-grau","12":"pa_filter-color-gruen","13":"pa_filter-color-orange","14":"pa_filter-color-rot","15":"pa_filter-color-schwarz","17":"first","18":"instock","19":"sale","20":"taxable","21":"shipping-taxable","22":"purchasable","23":"product-type-variable","24":"add-to-wishlist-before_image"},"exclude_global_add_ons":[],"addons":[],"acf":[],"_links":{"self":[{"href":"https:\/\/shop.kustom.ch\/it\/wp-json\/wp\/v2\/product\/536866"}],"collection":[{"href":"https:\/\/shop.kustom.ch\/it\/wp-json\/wp\/v2\/product"}],"about":[{"href":"https:\/\/shop.kustom.ch\/it\/wp-json\/wp\/v2\/types\/product"}],"wp:featuredmedia":[{"embeddable":true,"href":"https:\/\/shop.kustom.ch\/it\/wp-json\/wp\/v2\/media\/536899"}],"wp:attachment":[{"href":"https:\/\/shop.kustom.ch\/it\/wp-json\/wp\/v2\/media?parent=536866"}],"wp:term":[{"taxonomy":"product_brand","embeddable":true,"href":"https:\/\/shop.kustom.ch\/it\/wp-json\/wp\/v2\/product_brand?post=536866"},{"taxonomy":"product_cat","embeddable":true,"href":"https:\/\/shop.kustom.ch\/it\/wp-json\/wp\/v2\/product_cat?post=536866"},{"taxonomy":"product_tag","embeddable":true,"href":"https:\/\/shop.kustom.ch\/it\/wp-json\/wp\/v2\/product_tag?post=536866"}],"curies":[{"name":"wp","href":"https:\/\/api.w.org\/{rel}","templated":true}]}}