{"id":536747,"date":"2025-03-03T23:50:54","date_gmt":"2025-03-03T22:50:54","guid":{"rendered":"https:\/\/shop.kustom.ch\/?post_type=product&#038;p=536747"},"modified":"2026-03-30T12:54:08","modified_gmt":"2026-03-30T11:54:08","slug":"strickpullover-mit-kurzem-reissverschluss-accelerate-safe","status":"publish","type":"product","link":"https:\/\/shop.kustom.ch\/it\/prodotto\/strickpullover-mit-kurzem-reissverschluss-accelerate-safe\/","title":{"rendered":"Maglia con zip corta ACCELERATE SAFE"},"content":{"rendered":"<p>Premium. Fluorescente e con riflessi diagonali. Vestibilit\u00e0 moderna e aderente con ampia libert\u00e0 di movimento. Colletto rialzato. Bicolore. Zip sul collo, con striscia di protezione dalle intemperie. Tasca sul petto con zip. Tasche anteriori con zip. Polsi e bordo inferiore elasticizzati. Porta carte d'identit\u00e0 rimovibile.<\/p>\n<p>OEKO-TEX\u00ae STANDARD 100; EN ISO 20471 - Classe 2; Hi-Vis Gruppo A<br \/>\n100% Poliestere<br \/>\nTessuto a maglia al metro. Pu\u00f2 restringersi fino a un massimo di 3%. Il prodotto \u00e8 certificato per mantenere le sue propriet\u00e0 dopo 25 lavaggi domestici.<br \/>\n380 g\/m\u00b2<br \/>\nLavaggio delicato max. 40\u00b0 C; non candeggiare; non asciugare in tamburo; non stirare; resiste ai normali lavaggi<\/p>\n<p><a href=\"https:\/\/mascotsitecore-1ccb8.kxcdn.com\/pdf\/19005-351-14010-de.pdf\" target=\"_blank\" rel=\"noopener\"><u>Aprire la scheda tecnica del prodotto<\/u><\/a><\/p>","protected":false},"excerpt":{"rendered":"<ul>\n<li>Vestibilit\u00e0 moderna e aderente con ampia libert\u00e0 di movimento.<\/li>\n<li>Zip al collo con striscia di protezione dalle intemperie.<\/li>\n<li>Tasche anteriori con cerniera per una conservazione sicura.<\/li>\n<li>Il supporto per la carta d'identit\u00e0 \u00e8 rimovibile.<\/li>\n<\/ul>","protected":false},"featured_media":536767,"template":"","meta":[],"product_brand":[],"product_cat":[4184],"product_tag":[],"class_list":{"0":"post-536747","1":"product","2":"type-product","3":"status-publish","4":"has-post-thumbnail","6":"product_cat-hoodies-pullover","7":"pa_brand-mascot","8":"pa_brand-type-workwear","9":"pa_filter-color-blau","10":"pa_filter-color-gelb","11":"pa_filter-color-grau","12":"pa_filter-color-orange","13":"pa_filter-color-rot","14":"pa_filter-color-schwarz","16":"first","17":"instock","18":"sale","19":"taxable","20":"shipping-taxable","21":"purchasable","22":"product-type-variable","23":"add-to-wishlist-before_image"},"exclude_global_add_ons":[],"addons":[],"acf":[],"_links":{"self":[{"href":"https:\/\/shop.kustom.ch\/it\/wp-json\/wp\/v2\/product\/536747"}],"collection":[{"href":"https:\/\/shop.kustom.ch\/it\/wp-json\/wp\/v2\/product"}],"about":[{"href":"https:\/\/shop.kustom.ch\/it\/wp-json\/wp\/v2\/types\/product"}],"wp:featuredmedia":[{"embeddable":true,"href":"https:\/\/shop.kustom.ch\/it\/wp-json\/wp\/v2\/media\/536767"}],"wp:attachment":[{"href":"https:\/\/shop.kustom.ch\/it\/wp-json\/wp\/v2\/media?parent=536747"}],"wp:term":[{"taxonomy":"product_brand","embeddable":true,"href":"https:\/\/shop.kustom.ch\/it\/wp-json\/wp\/v2\/product_brand?post=536747"},{"taxonomy":"product_cat","embeddable":true,"href":"https:\/\/shop.kustom.ch\/it\/wp-json\/wp\/v2\/product_cat?post=536747"},{"taxonomy":"product_tag","embeddable":true,"href":"https:\/\/shop.kustom.ch\/it\/wp-json\/wp\/v2\/product_tag?post=536747"}],"curies":[{"name":"wp","href":"https:\/\/api.w.org\/{rel}","templated":true}]}}