{"id":535888,"date":"2025-03-03T23:44:01","date_gmt":"2025-03-03T22:44:01","guid":{"rendered":"https:\/\/shop.kustom.ch\/?post_type=product&#038;p=535888"},"modified":"2026-03-30T12:50:08","modified_gmt":"2026-03-30T11:50:08","slug":"latzhose-mit-knietaschen-accelerate-2","status":"publish","type":"product","link":"https:\/\/shop.kustom.ch\/it\/prodotto\/latzhose-mit-knietaschen-accelerate-2\/","title":{"rendered":"Salopette con tasche al ginocchio ACCELERATE"},"content":{"rendered":"<p>Cuciture doppie sulle gambe e sul cavallo. Le gambe dei pantaloni hanno una forma ergonomica. Spallacci in tessuto, regolabili e con coulisse corta ed elastica e fibbie in plastica. Tasca sulla pettorina con portacellulare e patta con bottone a pressione nascosto. Vita regolabile. Passanti per cintura. Chiusura con zip. Tasche anteriori. Tasche posteriori. Tasca sulla coscia con portacellulare, patta e bottoni a pressione nascosti. Tasca per il metro pieghevole, rinforzata con tessuto CORDURA\u00ae. Tasche per le ginocchia in CORDURA\u00ae resistente (500 D). Regolazione semplice e individuale dell'altezza delle tasche per le ginocchia. Effetti riflettenti. Per questo modello si consigliano le seguenti protezioni per le ginocchia: 00718-100, 50451-916 o 20118-915. Certificato insieme alla ginocchiera di tipo SHORT o LONG in conformit\u00e0 alla norma EN 14404. La lunghezza del cavallo pu\u00f2 essere estesa di 3 cm srotolando la cucitura rossa all'interno dell'estremit\u00e0 della gamba.<\/p>\n<p>OEKO-TEX\u00ae STANDARD 100; ProWash\u00ae - EN ISO 15797<br \/>\n97% cotone organico\/3% elastolefina<br \/>\nTwill. Pu\u00f2 restringersi 3-5%.<br \/>\n350 g\/m\u00b2<br \/>\nLavaggio colorato, max. 60\u00b0 C; non candeggiare; resiste all'asciugatura in tamburo - temperatura iniziale max. 80\u00b0 C; stiratura a bassa temperatura, max. 100\u00b0 C; resiste alla pulizia normale<\/p>\n<p><a href=\"https:\/\/mascotsitecore-1ccb8.kxcdn.com\/pdf\/20769-563-010-de.pdf\" target=\"_blank\" rel=\"noopener\"><u>Aprire la scheda tecnica del prodotto<\/u><\/a><\/p>","protected":false},"excerpt":{"rendered":"<ul>\n<li>Il prodotto \u00e8 adatto al lavaggio industriale.<\/li>\n<li>Il cotone biologico \u00e8 prodotto senza l'uso di pesticidi o sostanze chimiche.<\/li>\n<li>Gambe dei pantaloni dal taglio ergonomico, modellate secondo i movimenti naturali del corpo.<\/li>\n<li>Le tasche per le ginocchia in resistente tessuto CORDURA\u00ae sono regolabili in modo che la protezione del ginocchio sia sempre posizionata in modo ottimale.<\/li>\n<li>Disponibile di serie in tre diverse lunghezze di cavallo, per la migliore vestibilit\u00e0 individuale e per i dettagli meglio posizionati.<\/li>\n<li>Certificato per l'uso con la ginocchiera MASCOT di tipo SHORT o LONG, poich\u00e9 la tasca della ginocchiera \u00e8 regolabile in altezza.<\/li>\n<li>Migliore visibilit\u00e0 dell'ambiente circostante grazie agli effetti di riflesso.<\/li>\n<\/ul>","protected":false},"featured_media":535898,"template":"","meta":[],"product_brand":[],"product_cat":[10448],"product_tag":[],"class_list":{"0":"post-535888","1":"product","2":"type-product","3":"status-publish","4":"has-post-thumbnail","6":"product_cat-latzhose","7":"pa_brand-mascot","8":"pa_brand-type-workwear","9":"pa_filter-color-schwarz","11":"first","12":"instock","13":"sale","14":"taxable","15":"shipping-taxable","16":"purchasable","17":"product-type-variable","18":"add-to-wishlist-before_image"},"exclude_global_add_ons":[],"addons":[],"acf":[],"_links":{"self":[{"href":"https:\/\/shop.kustom.ch\/it\/wp-json\/wp\/v2\/product\/535888"}],"collection":[{"href":"https:\/\/shop.kustom.ch\/it\/wp-json\/wp\/v2\/product"}],"about":[{"href":"https:\/\/shop.kustom.ch\/it\/wp-json\/wp\/v2\/types\/product"}],"wp:featuredmedia":[{"embeddable":true,"href":"https:\/\/shop.kustom.ch\/it\/wp-json\/wp\/v2\/media\/535898"}],"wp:attachment":[{"href":"https:\/\/shop.kustom.ch\/it\/wp-json\/wp\/v2\/media?parent=535888"}],"wp:term":[{"taxonomy":"product_brand","embeddable":true,"href":"https:\/\/shop.kustom.ch\/it\/wp-json\/wp\/v2\/product_brand?post=535888"},{"taxonomy":"product_cat","embeddable":true,"href":"https:\/\/shop.kustom.ch\/it\/wp-json\/wp\/v2\/product_cat?post=535888"},{"taxonomy":"product_tag","embeddable":true,"href":"https:\/\/shop.kustom.ch\/it\/wp-json\/wp\/v2\/product_tag?post=535888"}],"curies":[{"name":"wp","href":"https:\/\/api.w.org\/{rel}","templated":true}]}}