{"id":535070,"date":"2025-03-03T23:38:29","date_gmt":"2025-03-03T22:38:29","guid":{"rendered":"https:\/\/shop.kustom.ch\/?post_type=product&#038;p=535070"},"modified":"2026-03-30T12:48:27","modified_gmt":"2026-03-30T11:48:27","slug":"hose-mit-schenkeltaschen-accelerate-4","status":"publish","type":"product","link":"https:\/\/shop.kustom.ch\/it\/prodotto\/hose-mit-schenkeltaschen-accelerate-4\/","title":{"rendered":"Pantaloni con tasche sulla coscia ACCELERATE"},"content":{"rendered":"<p>Le parti del prodotto sono realizzate in tessuto elasticizzato. Combinazione di tessuto leggero di qualit\u00e0 442 e tessuto ULTIMATE STRETCH di qualit\u00e0 511. Le tasche sono integrate nel design. Doppie impunture sulle gambe e sul cavallo. Vita bassa. Gambe dei pantaloni dalla forma ergonomica. Passanti per cintura. Chiusura con zip. Tasche anteriori. Tasche posteriori. Tasca sulla coscia con portacellulare, patta e bottone a pressione nascosto e portacarta d'identit\u00e0 integrato. Il portacarta d'identit\u00e0 \u00e8 staccabile. Tasca sulla coscia con tasca per il righello. Con stampa e dettagli riflettenti.<\/p>\n<p>OEKO-TEX\u00ae STANDARD 100; ProWash\u00ae - EN ISO 15797<br \/>\n65% poliestere\/35% cotone<br \/>\nTwill.<br \/>\n270 g\/m\u00b2<br \/>\nLavaggio colorato, max. 60\u00b0 C; non candeggiare; resiste all'asciugatrice - temperatura massima di uscita 80\u00b0 C; non stirare; resiste alla normale pulizia<\/p>\n<p><a href=\"https:\/\/mascotsitecore-1ccb8.kxcdn.com\/pdf\/18679-442-010-de.pdf\" target=\"_blank\" rel=\"noopener\"><u>Aprire la scheda tecnica del prodotto<\/u><\/a><\/p>","protected":false},"excerpt":{"rendered":"<ul>\n<li>Numerosi inserti in materiale elasticizzato che offrono una libert\u00e0 di movimento unica.<\/li>\n<li>La vita bassa con cintura aderente assicura che i pantaloni seguano ogni movimento del corpo.<\/li>\n<li>Gambe dei pantaloni dal taglio ergonomico, modellate secondo i movimenti naturali del corpo.<\/li>\n<li>Migliore visibilit\u00e0 dell'ambiente circostante grazie agli effetti di riflesso.<\/li>\n<li>Il prodotto \u00e8 adatto al lavaggio industriale.<\/li>\n<\/ul>","protected":false},"featured_media":535124,"template":"","meta":[],"product_brand":[],"product_cat":[4185],"product_tag":[],"class_list":{"0":"post-535070","1":"product","2":"type-product","3":"status-publish","4":"has-post-thumbnail","6":"product_cat-hosen","7":"pa_brand-mascot","8":"pa_brand-type-workwear","9":"pa_filter-color-blau","10":"pa_filter-color-grau","11":"pa_filter-color-gruen","12":"pa_filter-color-schwarz","14":"first","15":"instock","16":"sale","17":"taxable","18":"shipping-taxable","19":"purchasable","20":"product-type-variable","21":"add-to-wishlist-before_image"},"exclude_global_add_ons":[],"addons":[],"acf":[],"_links":{"self":[{"href":"https:\/\/shop.kustom.ch\/it\/wp-json\/wp\/v2\/product\/535070"}],"collection":[{"href":"https:\/\/shop.kustom.ch\/it\/wp-json\/wp\/v2\/product"}],"about":[{"href":"https:\/\/shop.kustom.ch\/it\/wp-json\/wp\/v2\/types\/product"}],"wp:featuredmedia":[{"embeddable":true,"href":"https:\/\/shop.kustom.ch\/it\/wp-json\/wp\/v2\/media\/535124"}],"wp:attachment":[{"href":"https:\/\/shop.kustom.ch\/it\/wp-json\/wp\/v2\/media?parent=535070"}],"wp:term":[{"taxonomy":"product_brand","embeddable":true,"href":"https:\/\/shop.kustom.ch\/it\/wp-json\/wp\/v2\/product_brand?post=535070"},{"taxonomy":"product_cat","embeddable":true,"href":"https:\/\/shop.kustom.ch\/it\/wp-json\/wp\/v2\/product_cat?post=535070"},{"taxonomy":"product_tag","embeddable":true,"href":"https:\/\/shop.kustom.ch\/it\/wp-json\/wp\/v2\/product_tag?post=535070"}],"curies":[{"name":"wp","href":"https:\/\/api.w.org\/{rel}","templated":true}]}}