{"id":534831,"date":"2025-03-03T23:36:48","date_gmt":"2025-03-03T22:36:48","guid":{"rendered":"https:\/\/shop.kustom.ch\/?post_type=product&#038;p=534831"},"modified":"2026-03-30T12:48:10","modified_gmt":"2026-03-30T11:48:10","slug":"hose-mit-knietaschen-accelerate-7","status":"publish","type":"product","link":"https:\/\/shop.kustom.ch\/it\/prodotto\/hose-mit-knietaschen-accelerate-7\/","title":{"rendered":"Pantaloni con tasche al ginocchio ACCELERATE"},"content":{"rendered":"<p>Le parti del prodotto sono realizzate in tessuto elasticizzato. Combinazione di tessuto leggero di qualit\u00e0 442 e tessuto ULTIMATE STRETCH di qualit\u00e0 511. Le tasche sono integrate nel design. Doppie impunture sulle gambe e sul cavallo. Vita bassa. Gambe dei pantaloni dalla forma ergonomica. Passanti per cintura. Chiusura con zip. Tasche anteriori. Tasche posteriori. Tasca sulla coscia con portacellulare, patta e bottone a pressione nascosto e portacarta d'identit\u00e0 integrato. Il portacarta d'identit\u00e0 \u00e8 staccabile. Tasca a soffietto in tessuto CORDURA\u00ae con tasche supplementari. Tasche sulle ginocchia in CORDURA\u00ae super resistente (1000 D). Regolazione facile e individuale dell'altezza delle tasche per le ginocchia. Con stampa e dettagli riflettenti. Per questo modello si consigliano le seguenti protezioni per le ginocchia: 00418-100, 00718-100, 50451-916 o 20118-915. Certificato insieme alla ginocchiera di tipo SHORT o LONG in conformit\u00e0 alla norma EN 14404.<\/p>\n<p>OEKO-TEX\u00ae STANDARD 100; ProWash\u00ae - EN ISO 15797<br \/>\n65% poliestere\/35% cotone<br \/>\nTwill.<br \/>\n270 g\/m\u00b2<br \/>\nLavaggio colorato, max. 60\u00b0 C; non candeggiare; resiste all'asciugatrice - temperatura massima di uscita 80\u00b0 C; non stirare; resiste alla normale pulizia<\/p>\n<p><a href=\"https:\/\/mascotsitecore-1ccb8.kxcdn.com\/pdf\/18579-442-010-de.pdf\" target=\"_blank\" rel=\"noopener\"><u>Aprire la scheda tecnica del prodotto<\/u><\/a><\/p>","protected":false},"excerpt":{"rendered":"<ul>\n<li>Numerosi inserti in materiale elasticizzato che offrono una libert\u00e0 di movimento unica.<\/li>\n<li>La vita bassa con cintura aderente assicura che i pantaloni seguano ogni movimento del corpo.<\/li>\n<li>Gambe dei pantaloni dal taglio ergonomico, modellate secondo i movimenti naturali del corpo.<\/li>\n<li>Le tasche per le ginocchia in resistente tessuto CORDURA\u00ae sono regolabili in modo che la protezione del ginocchio sia sempre posizionata in modo ottimale.<\/li>\n<li>Disponibile di serie in tre diverse lunghezze di cavallo, per la migliore vestibilit\u00e0 individuale e per i dettagli meglio posizionati.<\/li>\n<li>Il prodotto \u00e8 adatto al lavaggio industriale.<\/li>\n<li>Certificato per l'uso con la ginocchiera MASCOT di tipo SHORT o LONG, poich\u00e9 la tasca della ginocchiera \u00e8 regolabile in altezza.<\/li>\n<\/ul>","protected":false},"featured_media":534874,"template":"","meta":[],"product_brand":[],"product_cat":[4185],"product_tag":[],"class_list":{"0":"post-534831","1":"product","2":"type-product","3":"status-publish","4":"has-post-thumbnail","6":"product_cat-hosen","7":"pa_brand-mascot","8":"pa_brand-type-workwear","9":"pa_filter-color-blau","10":"pa_filter-color-grau","11":"pa_filter-color-gruen","12":"pa_filter-color-schwarz","14":"first","15":"instock","16":"sale","17":"taxable","18":"shipping-taxable","19":"purchasable","20":"product-type-variable","21":"add-to-wishlist-before_image"},"exclude_global_add_ons":[],"addons":[],"acf":[],"_links":{"self":[{"href":"https:\/\/shop.kustom.ch\/it\/wp-json\/wp\/v2\/product\/534831"}],"collection":[{"href":"https:\/\/shop.kustom.ch\/it\/wp-json\/wp\/v2\/product"}],"about":[{"href":"https:\/\/shop.kustom.ch\/it\/wp-json\/wp\/v2\/types\/product"}],"wp:featuredmedia":[{"embeddable":true,"href":"https:\/\/shop.kustom.ch\/it\/wp-json\/wp\/v2\/media\/534874"}],"wp:attachment":[{"href":"https:\/\/shop.kustom.ch\/it\/wp-json\/wp\/v2\/media?parent=534831"}],"wp:term":[{"taxonomy":"product_brand","embeddable":true,"href":"https:\/\/shop.kustom.ch\/it\/wp-json\/wp\/v2\/product_brand?post=534831"},{"taxonomy":"product_cat","embeddable":true,"href":"https:\/\/shop.kustom.ch\/it\/wp-json\/wp\/v2\/product_cat?post=534831"},{"taxonomy":"product_tag","embeddable":true,"href":"https:\/\/shop.kustom.ch\/it\/wp-json\/wp\/v2\/product_tag?post=534831"}],"curies":[{"name":"wp","href":"https:\/\/api.w.org\/{rel}","templated":true}]}}