{"id":534156,"date":"2025-03-03T23:32:33","date_gmt":"2025-03-03T22:32:33","guid":{"rendered":"https:\/\/shop.kustom.ch\/?post_type=product&#038;p=534156"},"modified":"2026-03-30T12:46:50","modified_gmt":"2026-03-30T11:46:50","slug":"hose-accelerate","status":"publish","type":"product","link":"https:\/\/shop.kustom.ch\/it\/prodotto\/hose-accelerate\/","title":{"rendered":"Pantaloni ACCELERATI"},"content":{"rendered":"<p>Vestibilit\u00e0 femminile DIAMOND. Qualit\u00e0 leggera. Doppie impunture su gambe e cavallo. Vita bassa e cintura sagomata. Gambe dei pantaloni dalla forma ergonomica. Passanti per cintura. Chiusura con zip. Tasche anteriori. Tasche posteriori. Tasca sulla coscia con tasca per cellulare, patta e bottone a pressione nascosto e porta carte d'identit\u00e0 integrato. Il portacarta d'identit\u00e0 \u00e8 staccabile. Tasca portadocumenti pieghevole, rinforzata con tessuto CORDURA\u00ae. Con stampa e dettagli riflettenti.<\/p>\n<p>OEKO-TEX\u00ae STANDARD 100; ProWash\u00ae - EN ISO 15797<br \/>\n50% cotone\/50% poliestere<br \/>\nTwill. Pu\u00f2 restringersi 1-2%.<br \/>\n205 g\/m\u00b2<br \/>\nLavaggio colorato, max. 60\u00b0 C; non candeggiare; resiste all'asciugatura in tamburo - temperatura iniziale max. 80\u00b0 C; stiratura a bassa temperatura, max. 100\u00b0 C; resiste alla pulizia normale<\/p>\n<p><a href=\"https:\/\/mascotsitecore-1ccb8.kxcdn.com\/pdf\/18478-230-010-de.pdf\" target=\"_blank\" rel=\"noopener\"><u>Aprire la scheda tecnica del prodotto<\/u><\/a><\/p>","protected":false},"excerpt":{"rendered":"<ul>\n<li>Diamond Fit \u00e8 stato progettato appositamente per le donne che hanno una differenza di oltre 20 cm tra le misure della vita e dei fianchi.<\/li>\n<li>Particolarmente adatto agli ambienti caldi, in quanto particolarmente leggero e con un alto contenuto di cotone.<\/li>\n<li>La vita bassa con cintura aderente assicura che i pantaloni seguano ogni movimento del corpo.<\/li>\n<li>Gambe dei pantaloni dal taglio ergonomico, modellate secondo i movimenti naturali del corpo.<\/li>\n<li>Migliore visibilit\u00e0 dell'ambiente circostante grazie agli effetti di riflesso.<\/li>\n<li>Il prodotto \u00e8 adatto al lavaggio industriale.<\/li>\n<\/ul>","protected":false},"featured_media":534183,"template":"","meta":[],"product_brand":[],"product_cat":[4185],"product_tag":[],"class_list":{"0":"post-534156","1":"product","2":"type-product","3":"status-publish","4":"has-post-thumbnail","6":"product_cat-hosen","7":"pa_brand-mascot","8":"pa_brand-type-workwear","9":"pa_filter-color-grau","10":"pa_filter-color-schwarz","12":"first","13":"instock","14":"sale","15":"taxable","16":"shipping-taxable","17":"purchasable","18":"product-type-variable","19":"add-to-wishlist-before_image"},"exclude_global_add_ons":[],"addons":[],"acf":[],"_links":{"self":[{"href":"https:\/\/shop.kustom.ch\/it\/wp-json\/wp\/v2\/product\/534156"}],"collection":[{"href":"https:\/\/shop.kustom.ch\/it\/wp-json\/wp\/v2\/product"}],"about":[{"href":"https:\/\/shop.kustom.ch\/it\/wp-json\/wp\/v2\/types\/product"}],"wp:featuredmedia":[{"embeddable":true,"href":"https:\/\/shop.kustom.ch\/it\/wp-json\/wp\/v2\/media\/534183"}],"wp:attachment":[{"href":"https:\/\/shop.kustom.ch\/it\/wp-json\/wp\/v2\/media?parent=534156"}],"wp:term":[{"taxonomy":"product_brand","embeddable":true,"href":"https:\/\/shop.kustom.ch\/it\/wp-json\/wp\/v2\/product_brand?post=534156"},{"taxonomy":"product_cat","embeddable":true,"href":"https:\/\/shop.kustom.ch\/it\/wp-json\/wp\/v2\/product_cat?post=534156"},{"taxonomy":"product_tag","embeddable":true,"href":"https:\/\/shop.kustom.ch\/it\/wp-json\/wp\/v2\/product_tag?post=534156"}],"curies":[{"name":"wp","href":"https:\/\/api.w.org\/{rel}","templated":true}]}}