{"id":533670,"date":"2025-03-03T23:29:20","date_gmt":"2025-03-03T22:29:20","guid":{"rendered":"https:\/\/shop.kustom.ch\/?post_type=product&#038;p=533670"},"modified":"2026-03-30T12:45:24","modified_gmt":"2026-03-30T11:45:24","slug":"hose-mit-knietaschen-accelerate-5","status":"publish","type":"product","link":"https:\/\/shop.kustom.ch\/it\/prodotto\/hose-mit-knietaschen-accelerate-5\/","title":{"rendered":"Pantaloni con tasche al ginocchio ACCELERATE"},"content":{"rendered":"<p>Monocolore. Qualit\u00e0 leggera. Doppie impunture sulle gambe e sul cavallo. Vita bassa e cintura sagomata. Gambe dei pantaloni dalla forma ergonomica. Passanti per cintura. Chiusura con zip. Tasche anteriori. Tasche posteriori. Tasca sulla coscia con portacellulare, patta e bottone a pressione nascosto e portacarta d'identit\u00e0 integrato. Il portacarta d'identit\u00e0 \u00e8 staccabile. Tasca porta metro pieghevole, rinforzata con tessuto CORDURA\u00ae. Tasche per le ginocchia in resistente CORDURA\u00ae (500 D), regolabili in altezza. Regolazione semplice e individuale dell'altezza delle tasche per le ginocchia. Con stampa e dettagli riflettenti. Per questo modello si consigliano le seguenti protezioni per le ginocchia: 00418-100, 00718-100, 50451-916 o 20118-915. Certificato insieme alla ginocchiera di tipo SHORT o LONG in conformit\u00e0 alla norma EN 14404.<\/p>\n<p>OEKO-TEX\u00ae STANDARD 100; ProWash\u00ae - EN ISO 15797<br \/>\n50% cotone\/50% poliestere<br \/>\nTwill. Pu\u00f2 restringersi 1-2%.<br \/>\n205 g\/m\u00b2<br \/>\nLavaggio colorato, max. 60\u00b0 C; non candeggiare; resiste all'asciugatura in tamburo - temperatura iniziale max. 80\u00b0 C; stiratura a bassa temperatura, max. 100\u00b0 C; resiste alla pulizia normale<\/p>\n<p><a href=\"https:\/\/mascotsitecore-1ccb8.kxcdn.com\/pdf\/18379-230-010-de.pdf\" target=\"_blank\" rel=\"noopener\"><u>Aprire la scheda tecnica del prodotto<\/u><\/a><\/p>","protected":false},"excerpt":{"rendered":"<ul>\n<li>Particolarmente adatto agli ambienti caldi, in quanto particolarmente leggero e con un alto contenuto di cotone.<\/li>\n<li>La vita bassa con cintura aderente assicura che i pantaloni seguano ogni movimento del corpo.<\/li>\n<li>Gambe dei pantaloni dal taglio ergonomico, modellate secondo i movimenti naturali del corpo.<\/li>\n<li>Le tasche per le ginocchia in resistente tessuto CORDURA\u00ae sono regolabili in modo che la protezione del ginocchio sia sempre posizionata in modo ottimale.<\/li>\n<li>Disponibile di serie in tre diverse lunghezze di cavallo, per la migliore vestibilit\u00e0 individuale e per i dettagli meglio posizionati.<\/li>\n<li>Migliore visibilit\u00e0 dell'ambiente circostante grazie agli effetti di riflesso.<\/li>\n<li>Il prodotto \u00e8 adatto al lavaggio industriale.<\/li>\n<li>Certificato per l'uso con la ginocchiera MASCOT di tipo SHORT o LONG, poich\u00e9 la tasca della ginocchiera \u00e8 regolabile in altezza.<\/li>\n<\/ul>","protected":false},"featured_media":533724,"template":"","meta":[],"product_brand":[],"product_cat":[4185],"product_tag":[],"class_list":{"0":"post-533670","1":"product","2":"type-product","3":"status-publish","4":"has-post-thumbnail","6":"product_cat-hosen","7":"pa_brand-mascot","8":"pa_brand-type-workwear","9":"pa_filter-color-grau","10":"pa_filter-color-gruen","11":"pa_filter-color-schwarz","13":"first","14":"instock","15":"sale","16":"taxable","17":"shipping-taxable","18":"purchasable","19":"product-type-variable","20":"add-to-wishlist-before_image"},"exclude_global_add_ons":[],"addons":[],"acf":[],"_links":{"self":[{"href":"https:\/\/shop.kustom.ch\/it\/wp-json\/wp\/v2\/product\/533670"}],"collection":[{"href":"https:\/\/shop.kustom.ch\/it\/wp-json\/wp\/v2\/product"}],"about":[{"href":"https:\/\/shop.kustom.ch\/it\/wp-json\/wp\/v2\/types\/product"}],"wp:featuredmedia":[{"embeddable":true,"href":"https:\/\/shop.kustom.ch\/it\/wp-json\/wp\/v2\/media\/533724"}],"wp:attachment":[{"href":"https:\/\/shop.kustom.ch\/it\/wp-json\/wp\/v2\/media?parent=533670"}],"wp:term":[{"taxonomy":"product_brand","embeddable":true,"href":"https:\/\/shop.kustom.ch\/it\/wp-json\/wp\/v2\/product_brand?post=533670"},{"taxonomy":"product_cat","embeddable":true,"href":"https:\/\/shop.kustom.ch\/it\/wp-json\/wp\/v2\/product_cat?post=533670"},{"taxonomy":"product_tag","embeddable":true,"href":"https:\/\/shop.kustom.ch\/it\/wp-json\/wp\/v2\/product_tag?post=533670"}],"curies":[{"name":"wp","href":"https:\/\/api.w.org\/{rel}","templated":true}]}}