{"id":531175,"date":"2025-03-03T23:00:19","date_gmt":"2025-03-03T22:00:19","guid":{"rendered":"https:\/\/shop.kustom.ch\/?post_type=product&#038;p=531175"},"modified":"2026-03-30T12:40:43","modified_gmt":"2026-03-30T11:40:43","slug":"hose-mit-haengetaschen-accelerate","status":"publish","type":"product","link":"https:\/\/shop.kustom.ch\/it\/prodotto\/hose-mit-haengetaschen-accelerate\/","title":{"rendered":"Pantaloni con tasche pendenti ACCELERATE"},"content":{"rendered":"<p>Con finitura idrorepellente. Tessuto elasticizzato di ultima generazione con peso ridotto ed elevata durata. Il tessuto \u00e8 quasi impercettibile sulla pelle, poich\u00e9 le tasche sono integrate nel design. Doppie impunture sulle gambe e sul cavallo. Vita bassa. Passanti per cintura. Gambe dei pantaloni dalla forma ergonomica. Chiusura con zip. Tasche anteriori. Tasche posteriori. Passanti per attrezzi su entrambi i lati della cintura. Tasche appese in tessuto CORDURA\u00ae. Tasca sulla coscia con scomparto per cellulare, chiusura magnetica e porta carte d'identit\u00e0 integrato. Il portacarta d'identit\u00e0 \u00e8 staccabile. Tasca portadocumenti pieghevole in tessuto CORDURA\u00ae con tasche extra. Tasche per ginocchia ventilate e super resistenti in CORDURA\u00ae (1000 D). Regolazione facile e individuale dell'altezza delle tasche per le ginocchia. Con dettagli stampati e riflettenti. Per questo modello si consigliano le seguenti protezioni per le ginocchia: 00418-100, 00718-100, 50451-916 o 20118-915. Certificato insieme alla ginocchiera di tipo SHORT o LONG secondo la norma EN 14404.<\/p>\n<p>OEKO-TEX\u00ae STANDARD 100<br \/>\n92% poliammide\/8% elastan<br \/>\nESTENSIONE FINALE. Pu\u00f2 restringersi al massimo. 2%.<br \/>\n235 g\/m\u00b2<br \/>\nLavaggio delicato max. 40\u00b0 C; non candeggiare; non asciugare in tamburo; stirare a bassa temperatura max. 100\u00b0 C; resiste alla normale pulizia<\/p>\n<p><a href=\"https:\/\/mascotsitecore-1ccb8.kxcdn.com\/pdf\/18031-311-010-de.pdf\" target=\"_blank\" rel=\"noopener\"><u>Aprire la scheda tecnica del prodotto<\/u><\/a><\/p>","protected":false},"excerpt":{"rendered":"<ul>\n<li>Il tessuto elasticizzato \u00e8 elastico in tutte le direzioni e offre un'impareggiabile libert\u00e0 di movimento, dove nulla si allunga o intralcia.<\/li>\n<li>Il tessuto elasticizzato multifunzionale combina un peso ridotto con una durata molto elevata ed \u00e8 anche idrorepellente.<\/li>\n<li>Borse da appendere in resistente tessuto CORDURA\u00ae.<\/li>\n<li>Le tasche per le ginocchia in resistente tessuto CORDURA\u00ae sono regolabili in modo che la protezione del ginocchio sia sempre posizionata in modo ottimale.<\/li>\n<li>Efficace ventilazione della zona delle ginocchia grazie all'apertura della zip all'interno della gamba dei pantaloni.<\/li>\n<li>Migliore visibilit\u00e0 dell'ambiente circostante grazie agli effetti di riflesso.<\/li>\n<li>Certificato per l'uso con la ginocchiera MASCOT di tipo SHORT o LONG, poich\u00e9 la tasca della ginocchiera \u00e8 regolabile in altezza.<\/li>\n<\/ul>","protected":false},"featured_media":531203,"template":"","meta":[],"product_brand":[],"product_cat":[4185],"product_tag":[],"class_list":{"0":"post-531175","1":"product","2":"type-product","3":"status-publish","4":"has-post-thumbnail","6":"product_cat-hosen","7":"pa_brand-mascot","8":"pa_brand-type-workwear","9":"pa_filter-color-schwarz","11":"first","12":"instock","13":"sale","14":"taxable","15":"shipping-taxable","16":"purchasable","17":"product-type-variable","18":"add-to-wishlist-before_image"},"exclude_global_add_ons":[],"addons":[],"acf":[],"_links":{"self":[{"href":"https:\/\/shop.kustom.ch\/it\/wp-json\/wp\/v2\/product\/531175"}],"collection":[{"href":"https:\/\/shop.kustom.ch\/it\/wp-json\/wp\/v2\/product"}],"about":[{"href":"https:\/\/shop.kustom.ch\/it\/wp-json\/wp\/v2\/types\/product"}],"wp:featuredmedia":[{"embeddable":true,"href":"https:\/\/shop.kustom.ch\/it\/wp-json\/wp\/v2\/media\/531203"}],"wp:attachment":[{"href":"https:\/\/shop.kustom.ch\/it\/wp-json\/wp\/v2\/media?parent=531175"}],"wp:term":[{"taxonomy":"product_brand","embeddable":true,"href":"https:\/\/shop.kustom.ch\/it\/wp-json\/wp\/v2\/product_brand?post=531175"},{"taxonomy":"product_cat","embeddable":true,"href":"https:\/\/shop.kustom.ch\/it\/wp-json\/wp\/v2\/product_cat?post=531175"},{"taxonomy":"product_tag","embeddable":true,"href":"https:\/\/shop.kustom.ch\/it\/wp-json\/wp\/v2\/product_tag?post=531175"}],"curies":[{"name":"wp","href":"https:\/\/api.w.org\/{rel}","templated":true}]}}