{"id":529261,"date":"2025-03-03T22:44:17","date_gmt":"2025-03-03T21:44:17","guid":{"rendered":"https:\/\/shop.kustom.ch\/?post_type=product&#038;p=529261"},"modified":"2026-03-30T07:30:37","modified_gmt":"2026-03-30T06:30:37","slug":"hakro-strickfleecejacke-dawson","status":"publish","type":"product","link":"https:\/\/shop.kustom.ch\/it\/prodotto\/hakro-strickfleecejacke-dawson\/","title":{"rendered":"HAKRO giacca in pile lavorato a maglia Dawson"},"content":{"rendered":"<p>Giacca sportiva in maglia con inserti colorati a contrasto sui fianchi e sulle spalle, cuciture divisorie sul davanti e sul retro per una vestibilit\u00e0 perfetta, cerniera frontale bidirezionale di alta qualit\u00e0 e colorata a contrasto, tasche laterali con cerniera, orlo e polsini delle maniche elasticizzati, tasca con cerniera sulla manica sinistra, fettuccia sul collo e laccetto da appendere dietro il collo. Tutte le cerniere sono YKK\u00ae. Realizzata in pile a maglia traspirante e materiale softshell leggero ed elasticizzato. Etichetta del collo HAKRO in raso di alta qualit\u00e0 con bordi morbidi e tagliati a ultrasuoni per il massimo comfort ed etichetta con bandiera HAKRO tessuta sulla cucitura laterale sinistra.<\/p>\n<p>- Materiale: pile lavorato a maglia e softshell in poliestere 100 %<br \/>\n- Peso: 280 g\/m\u00b2<br \/>\n- Finitura: anti-pilling<br \/>\n- Caratteristiche: prodotto di facile manutenzione, traspirante e neutrale dal punto di vista climatico<br \/>\n- Vestibilit\u00e0: regolare<br \/>\n- Certificati: Fair Wear, Climate Partner, OEKO-TEX\u00ae STANDARD 100<br \/>\n- Temperatura di lavaggio: 30 \u00b0C<br \/>\n- Taglie: XS-3XL<\/p>\n<p><a href=\"https:\/\/media.hakro.com\/productsheets\/productsheet_0836_de.pdf\" target=\"_blank\" rel=\"noopener\"><u>Aprire la scheda tecnica del prodotto<\/u><\/a><\/p>","protected":false},"excerpt":{"rendered":"<p>Sportive Strickfleecejacke mit kontrastfarbigen Eins\u00e4tzen an den Seiten und Schultern, Teilungsn\u00e4hten auf Vorder- und R\u00fcckenteil f\u00fcr perfekte Passform, hochwertigem, kontrastfarbigem Zwei-Wege-Frontreissverschluss, seitlichen Reissverschlusstaschen, elastischen Saum- und \u00c4rmelb\u00fcndchen, Reissverschluss-\u00c4rmeltasche am linken \u00c4rmel, Nackenband und Aufh\u00e4ngeband im Nacken. Alle Reissverschl\u00fcsse von YKK\u00ae. Hergestellt aus atmungsaktivem Strickfleece und leichtem, elastischem Softshellmaterial. Gewebtes HAKRO Necklabel aus hochwertigem Kettsatin mit [&hellip;]<\/p>\n","protected":false},"featured_media":529305,"template":"","meta":[],"product_brand":[],"product_cat":[4186],"product_tag":[],"class_list":{"0":"post-529261","1":"product","2":"type-product","3":"status-publish","4":"has-post-thumbnail","6":"product_cat-jacken","7":"pa_brand-hakro","8":"pa_brand-type-workwear","9":"pa_filter-color-blau","10":"pa_filter-color-grau","11":"pa_filter-color-gruen","12":"pa_filter-color-rot","14":"first","15":"instock","16":"sale","17":"taxable","18":"shipping-taxable","19":"purchasable","20":"product-type-variable","21":"add-to-wishlist-before_image"},"exclude_global_add_ons":[],"addons":[],"acf":[],"_links":{"self":[{"href":"https:\/\/shop.kustom.ch\/it\/wp-json\/wp\/v2\/product\/529261"}],"collection":[{"href":"https:\/\/shop.kustom.ch\/it\/wp-json\/wp\/v2\/product"}],"about":[{"href":"https:\/\/shop.kustom.ch\/it\/wp-json\/wp\/v2\/types\/product"}],"wp:featuredmedia":[{"embeddable":true,"href":"https:\/\/shop.kustom.ch\/it\/wp-json\/wp\/v2\/media\/529305"}],"wp:attachment":[{"href":"https:\/\/shop.kustom.ch\/it\/wp-json\/wp\/v2\/media?parent=529261"}],"wp:term":[{"taxonomy":"product_brand","embeddable":true,"href":"https:\/\/shop.kustom.ch\/it\/wp-json\/wp\/v2\/product_brand?post=529261"},{"taxonomy":"product_cat","embeddable":true,"href":"https:\/\/shop.kustom.ch\/it\/wp-json\/wp\/v2\/product_cat?post=529261"},{"taxonomy":"product_tag","embeddable":true,"href":"https:\/\/shop.kustom.ch\/it\/wp-json\/wp\/v2\/product_tag?post=529261"}],"curies":[{"name":"wp","href":"https:\/\/api.w.org\/{rel}","templated":true}]}}