{"id":528506,"date":"2025-03-03T22:39:35","date_gmt":"2025-03-03T21:39:35","guid":{"rendered":"https:\/\/shop.kustom.ch\/?post_type=product&#038;p=528506"},"modified":"2026-03-30T07:29:12","modified_gmt":"2026-03-30T06:29:12","slug":"hakro-cotton-tec-poloshirt","status":"publish","type":"product","link":"https:\/\/shop.kustom.ch\/it\/prodotto\/hakro-cotton-tec-poloshirt\/","title":{"rendered":"Polo HAKRO COTTON TEC"},"content":{"rendered":"<p>Polo funzionale in un elegante look single jersey con un'abbottonatura a 3 fori di alta qualit\u00e0 con bottoni extra resistenti e a prova di rottura cuciti in colore antracite a contrasto con scritta HAKRO a laser. Con bottone di riserva e specchio del collo in colore a contrasto. La cucitura del colletto e l'interno degli spacchi laterali sono foderati con nastro di tessuto colorato a contrasto, mentre l'abbottonatura \u00e8 rinforzata con nastro decorativo di tessuto tono su tono. Realizzato con uno speciale processo di lavorazione a maglia in cui due filati vengono trasformati in un materiale double-face COTTON TEC\u00ae. In questo modo si ottiene una superficie single jersey particolarmente fine in cotone a fibra lunga, pettinata e filata ad anelli all'esterno e uno strato di rete in fibra funzionale TRIACTIVE all'interno. In questo modo la polo \u00e8 termoregolatrice perch\u00e9 l'umidit\u00e0 viene trasportata rapidamente all'esterno dove pu\u00f2 evaporare. Etichetta HAKRO stampata sul collo per il massimo comfort ed etichetta con bandiera HAKRO tessuta sulla cucitura laterale sinistra.<\/p>\n<p>- Materiale: maglia unica in cotone 50 % e poliestere 50 %<br \/>\n- Peso: 185 g\/m\u00b2<br \/>\n- Finitura: prelavaggio<br \/>\n- Caratteristiche: prodotto di facile manutenzione, traspirante e neutrale dal punto di vista climatico<br \/>\n- Vestibilit\u00e0: regolare<br \/>\n- Certificati: Fair Wear, ClimatePartner, OEKO-TEX\u00ae STANDARD 100<br \/>\n- Temperatura di lavaggio: 40 \u00b0C<br \/>\n- Taglie: XS-3XL (colori selezionati disponibili fino alla 6XL)<\/p>\n<p><a href=\"https:\/\/media.hakro.com\/productsheets\/productsheet_0814_de.pdf\" target=\"_blank\" rel=\"noopener\"><u>Aprire la scheda tecnica del prodotto<\/u><\/a><\/p>","protected":false},"excerpt":{"rendered":"<p><span><\/span><\/p>","protected":false},"featured_media":528565,"template":"","meta":[],"product_brand":[],"product_cat":[4193],"product_tag":[],"class_list":{"0":"post-528506","1":"product","2":"type-product","3":"status-publish","4":"has-post-thumbnail","6":"product_cat-polos","7":"pa_brand-hakro","8":"pa_brand-type-workwear","9":"pa_filter-color-blau","10":"pa_filter-color-grau","11":"pa_filter-color-gruen","12":"pa_filter-color-rot","13":"pa_filter-color-schwarz","14":"pa_filter-color-weiss","16":"first","17":"instock","18":"sale","19":"taxable","20":"shipping-taxable","21":"purchasable","22":"product-type-variable","23":"add-to-wishlist-before_image"},"exclude_global_add_ons":[],"addons":[],"acf":[],"_links":{"self":[{"href":"https:\/\/shop.kustom.ch\/it\/wp-json\/wp\/v2\/product\/528506"}],"collection":[{"href":"https:\/\/shop.kustom.ch\/it\/wp-json\/wp\/v2\/product"}],"about":[{"href":"https:\/\/shop.kustom.ch\/it\/wp-json\/wp\/v2\/types\/product"}],"wp:featuredmedia":[{"embeddable":true,"href":"https:\/\/shop.kustom.ch\/it\/wp-json\/wp\/v2\/media\/528565"}],"wp:attachment":[{"href":"https:\/\/shop.kustom.ch\/it\/wp-json\/wp\/v2\/media?parent=528506"}],"wp:term":[{"taxonomy":"product_brand","embeddable":true,"href":"https:\/\/shop.kustom.ch\/it\/wp-json\/wp\/v2\/product_brand?post=528506"},{"taxonomy":"product_cat","embeddable":true,"href":"https:\/\/shop.kustom.ch\/it\/wp-json\/wp\/v2\/product_cat?post=528506"},{"taxonomy":"product_tag","embeddable":true,"href":"https:\/\/shop.kustom.ch\/it\/wp-json\/wp\/v2\/product_tag?post=528506"}],"curies":[{"name":"wp","href":"https:\/\/api.w.org\/{rel}","templated":true}]}}