{"id":524598,"date":"2025-03-03T22:06:06","date_gmt":"2025-03-03T21:06:06","guid":{"rendered":"https:\/\/shop.kustom.ch\/?post_type=product&#038;p=524598"},"modified":"2026-03-30T07:14:36","modified_gmt":"2026-03-30T06:14:36","slug":"hakro-t-shirt-classic","status":"publish","type":"product","link":"https:\/\/shop.kustom.ch\/it\/prodotto\/hakro-t-shirt-classic\/","title":{"rendered":"Maglietta HAKRO Classic"},"content":{"rendered":"<p>T-shirt classica con scollo rotondo, fascia e collo rinforzati in LYCRA\u00ae. Realizzata in un pregiato single jersey di peso medio in cotone CmiA a pelo lungo, pettinato e filato ad anelli. Etichetta del collo HAKRO in raso di ordito di alta qualit\u00e0 con bordi della banda morbidi e tagliati a ultrasuoni per il massimo comfort ed etichetta con bandiera HAKRO tessuta sulla cucitura laterale sinistra.<\/p>\n<p>- Materiale: maglia unica in cotone 100 % (CmiA)<br \/>\n(screziato cenere: 98 cotone % (CmiA) e 2 viscosa %; screziato grigio: 85 cotone % (CmiA) e 15 viscosa %)<br \/>\n- Peso: 160 g\/m\u00b2<br \/>\n- Finitura: prelavaggio<br \/>\n- Propriet\u00e0: prodotto neutrale per il clima<br \/>\n- Vestibilit\u00e0: Comfort Fit<br \/>\n- Certificati: Fair Wear, Climate Partner, OEKO-TEX\u00ae STANDARD 100, Cotton Made in Africa (CmiA), Cradle2Cradle (C2C)<br \/>\n- Temperatura di lavaggio: 60 \u00b0C<br \/>\n- Taglie: XS-3XL (colori selezionati disponibili fino alla 6XL)<\/p>\n<p><a href=\"https:\/\/media.hakro.com\/productsheets\/productsheet_0292_de.pdf\" target=\"_blank\" rel=\"noopener\"><u>Aprire la scheda tecnica del prodotto<\/u><\/a><\/p>","protected":false},"excerpt":{"rendered":"<p>Klassisches T-Shirt mit rundem Halsausschnitt, LYCRA\u00ae-verst\u00e4rktem Halsb\u00fcndchen und Nackenband. Hergestellt aus feinem, mittelschwerem Single-Jersey aus langstapeliger, gek\u00e4mmter und ringgesponnener CmiA-Baumwolle. Gewebtes HAKRO Necklabel aus hochwertigem Kettsatin mit weichen, ultraschallgeschnittenen Bandkanten f\u00fcr h\u00f6chsten Tragekomfort und gewebtes HAKRO Flaglabel an der linken Seitennaht. \u2022 Material: Single-Jersey aus 100 % Baumwolle (CmiA) (ash meliert: 98 % Baumwolle (CmiA) [&hellip;]<\/p>\n","protected":false},"featured_media":524657,"template":"","meta":[],"product_brand":[],"product_cat":[4201],"product_tag":[],"class_list":{"0":"post-524598","1":"product","2":"type-product","3":"status-publish","4":"has-post-thumbnail","6":"product_cat-t-shirts","7":"pa_brand-hakro","8":"pa_brand-type-workwear","9":"pa_filter-color-beige","10":"pa_filter-color-blau","11":"pa_filter-color-braun","12":"pa_filter-color-gelb","13":"pa_filter-color-grau","14":"pa_filter-color-gruen","15":"pa_filter-color-orange","16":"pa_filter-color-rot","17":"pa_filter-color-schwarz","18":"pa_filter-color-weiss","20":"first","21":"instock","22":"sale","23":"taxable","24":"shipping-taxable","25":"purchasable","26":"product-type-variable","27":"add-to-wishlist-before_image"},"exclude_global_add_ons":[],"addons":[],"acf":[],"_links":{"self":[{"href":"https:\/\/shop.kustom.ch\/it\/wp-json\/wp\/v2\/product\/524598"}],"collection":[{"href":"https:\/\/shop.kustom.ch\/it\/wp-json\/wp\/v2\/product"}],"about":[{"href":"https:\/\/shop.kustom.ch\/it\/wp-json\/wp\/v2\/types\/product"}],"wp:featuredmedia":[{"embeddable":true,"href":"https:\/\/shop.kustom.ch\/it\/wp-json\/wp\/v2\/media\/524657"}],"wp:attachment":[{"href":"https:\/\/shop.kustom.ch\/it\/wp-json\/wp\/v2\/media?parent=524598"}],"wp:term":[{"taxonomy":"product_brand","embeddable":true,"href":"https:\/\/shop.kustom.ch\/it\/wp-json\/wp\/v2\/product_brand?post=524598"},{"taxonomy":"product_cat","embeddable":true,"href":"https:\/\/shop.kustom.ch\/it\/wp-json\/wp\/v2\/product_cat?post=524598"},{"taxonomy":"product_tag","embeddable":true,"href":"https:\/\/shop.kustom.ch\/it\/wp-json\/wp\/v2\/product_tag?post=524598"}],"curies":[{"name":"wp","href":"https:\/\/api.w.org\/{rel}","templated":true}]}}