{"id":520691,"date":"2025-03-03T20:34:57","date_gmt":"2025-03-03T19:34:57","guid":{"rendered":"https:\/\/shop.kustom.ch\/?post_type=product&#038;p=520691"},"modified":"2026-03-30T07:05:57","modified_gmt":"2026-03-30T06:05:57","slug":"hakro-cotton-tec-bluse","status":"publish","type":"product","link":"https:\/\/shop.kustom.ch\/it\/prodotto\/hakro-cotton-tec-bluse\/","title":{"rendered":"Camicetta HAKRO COTTON TEC"},"content":{"rendered":"<p>Camicetta funzionale a maniche lunghe in un elegante look single jersey con abbottonatura di alta qualit\u00e0 e alla moda con bottoni a 4 fori extra resistenti e a prova di rottura - cuciti a croce e con doppio nodo per una maggiore tenuta -, tono su tono con scritta HAKRO laserata e bottone aggiuntivo di riserva. Leggermente affusolato grazie alle pinces sul retro. L'interno degli spacchi laterali e l'abbottonatura sono rinforzati con nastro di tessuto tono su tono. Realizzato con uno speciale processo di lavorazione a maglia in cui due filati vengono trasformati in un materiale double-face HAKRO COTTON TEC\u00ae. In questo modo si crea una superficie single jersey particolarmente fine in cotone a fibra lunga, pettinata e filata ad anelli all'esterno e uno strato a rete in fibra funzionale TRIACTIVE all'interno. In questo modo la camicetta \u00e8 termoregolante perch\u00e9 l'umidit\u00e0 viene trasportata rapidamente all'esterno dove pu\u00f2 evaporare. Etichetta per il collo HAKRO in raso di alta qualit\u00e0 con bordi morbidi e tagliati a ultrasuoni per il massimo comfort.<\/p>\n<p>- Materiale: maglia unica in cotone 50 % e poliestere 50 %<br \/>\n- Peso: 185 g\/m\u00b2<br \/>\n- Finitura: prelavaggio<br \/>\n- Caratteristiche: prodotto di facile manutenzione, traspirante e neutrale dal punto di vista climatico<br \/>\n- Vestibilit\u00e0: regolare<br \/>\n- Certificati: Fair Wear, Climate Partner, OEKO-TEX\u00ae STANDARD 100<br \/>\n- Temperatura di lavaggio: 40 \u00b0C<br \/>\n- Taglie: 2XS - 3XL<\/p>\n<p><a href=\"https:\/\/media.hakro.com\/productsheets\/productsheet_0136_de.pdf\" target=\"_blank\" rel=\"noopener\"><u>Aprire la scheda tecnica del prodotto<\/u><\/a><\/p>","protected":false},"excerpt":{"rendered":"<p><span><\/span><\/p>","protected":false},"featured_media":520745,"template":"","meta":[],"product_brand":[],"product_cat":[9895],"product_tag":[],"class_list":{"0":"post-520691","1":"product","2":"type-product","3":"status-publish","4":"has-post-thumbnail","6":"product_cat-blusen","7":"pa_brand-hakro","8":"pa_brand-type-workwear","9":"pa_filter-color-blau","10":"pa_filter-color-schwarz","11":"pa_filter-color-weiss","13":"first","14":"instock","15":"sale","16":"taxable","17":"shipping-taxable","18":"purchasable","19":"product-type-variable","20":"add-to-wishlist-before_image"},"exclude_global_add_ons":[],"addons":[],"acf":[],"_links":{"self":[{"href":"https:\/\/shop.kustom.ch\/it\/wp-json\/wp\/v2\/product\/520691"}],"collection":[{"href":"https:\/\/shop.kustom.ch\/it\/wp-json\/wp\/v2\/product"}],"about":[{"href":"https:\/\/shop.kustom.ch\/it\/wp-json\/wp\/v2\/types\/product"}],"wp:featuredmedia":[{"embeddable":true,"href":"https:\/\/shop.kustom.ch\/it\/wp-json\/wp\/v2\/media\/520745"}],"wp:attachment":[{"href":"https:\/\/shop.kustom.ch\/it\/wp-json\/wp\/v2\/media?parent=520691"}],"wp:term":[{"taxonomy":"product_brand","embeddable":true,"href":"https:\/\/shop.kustom.ch\/it\/wp-json\/wp\/v2\/product_brand?post=520691"},{"taxonomy":"product_cat","embeddable":true,"href":"https:\/\/shop.kustom.ch\/it\/wp-json\/wp\/v2\/product_cat?post=520691"},{"taxonomy":"product_tag","embeddable":true,"href":"https:\/\/shop.kustom.ch\/it\/wp-json\/wp\/v2\/product_tag?post=520691"}],"curies":[{"name":"wp","href":"https:\/\/api.w.org\/{rel}","templated":true}]}}