{"id":519550,"date":"2025-03-03T20:28:05","date_gmt":"2025-03-03T19:28:05","guid":{"rendered":"https:\/\/shop.kustom.ch\/?post_type=product&#038;p=519550"},"modified":"2026-03-30T07:04:04","modified_gmt":"2026-03-30T06:04:04","slug":"hakro-1-2-arm-hemd-business-comfort","status":"publish","type":"product","link":"https:\/\/shop.kustom.ch\/it\/prodotto\/hakro-1-2-arm-hemd-business-comfort\/","title":{"rendered":"HAKRO Camicia a 1\/2 maniche Business Comfort"},"content":{"rendered":"<p>Camicia a maniche corte con colletto Kent, taschino a toppa, orlo leggermente arrotondato, profili alla moda in raso blu scuro sulla cucitura interna del colletto, abbottonatura di alta qualit\u00e0, doppio carr\u00e9 sulle spalle, bottoni a 4 fori tono su tono - cuciti a croce e con doppio nodo per una tenuta ancora pi\u00f9 salda -, bottone di riserva e fermagli integrati per un colletto della camicia perfettamente aderente. Realizzata in popeline di cotone dimensionalmente stabile, resistente e non stirabile. Etichetta per il collo HAKRO in raso di alta qualit\u00e0 con bordi morbidi e tagliati a ultrasuoni per il massimo comfort.<\/p>\n<p>- Materiale: tessuto in cotone 100 %<br \/>\n- Peso: 120 g\/m\u00b2<br \/>\n- Finitura: prelavaggio, non stiro<br \/>\n- Propriet\u00e0: prodotto neutrale per il clima<br \/>\n- Vestibilit\u00e0: Comfort Fit<br \/>\n- Certificati: Fair Wear, Climate Partner, OEKO-TEX\u00ae STANDARD 100<br \/>\n- Temperatura di lavaggio: 40 \u00b0C<br \/>\n- Taglie: XS-6XL<\/p>\n<p><a href=\"https:\/\/media.hakro.com\/productsheets\/productsheet_0107_de.pdf\" target=\"_blank\" rel=\"noopener\"><u>Aprire la scheda tecnica del prodotto<\/u><\/a><\/p>","protected":false},"excerpt":{"rendered":"<p><span><\/span><\/p>","protected":false},"featured_media":519592,"template":"","meta":[],"product_brand":[],"product_cat":[9874],"product_tag":[],"class_list":{"0":"post-519550","1":"product","2":"type-product","3":"status-publish","4":"has-post-thumbnail","6":"product_cat-hemden","7":"pa_brand-hakro","8":"pa_brand-type-workwear","9":"pa_filter-color-blau","10":"pa_filter-color-schwarz","11":"pa_filter-color-weiss","13":"first","14":"instock","15":"sale","16":"taxable","17":"shipping-taxable","18":"purchasable","19":"product-type-variable","20":"add-to-wishlist-before_image"},"exclude_global_add_ons":[],"addons":[],"acf":[],"_links":{"self":[{"href":"https:\/\/shop.kustom.ch\/it\/wp-json\/wp\/v2\/product\/519550"}],"collection":[{"href":"https:\/\/shop.kustom.ch\/it\/wp-json\/wp\/v2\/product"}],"about":[{"href":"https:\/\/shop.kustom.ch\/it\/wp-json\/wp\/v2\/types\/product"}],"wp:featuredmedia":[{"embeddable":true,"href":"https:\/\/shop.kustom.ch\/it\/wp-json\/wp\/v2\/media\/519592"}],"wp:attachment":[{"href":"https:\/\/shop.kustom.ch\/it\/wp-json\/wp\/v2\/media?parent=519550"}],"wp:term":[{"taxonomy":"product_brand","embeddable":true,"href":"https:\/\/shop.kustom.ch\/it\/wp-json\/wp\/v2\/product_brand?post=519550"},{"taxonomy":"product_cat","embeddable":true,"href":"https:\/\/shop.kustom.ch\/it\/wp-json\/wp\/v2\/product_cat?post=519550"},{"taxonomy":"product_tag","embeddable":true,"href":"https:\/\/shop.kustom.ch\/it\/wp-json\/wp\/v2\/product_tag?post=519550"}],"curies":[{"name":"wp","href":"https:\/\/api.w.org\/{rel}","templated":true}]}}