{"id":515763,"date":"2025-01-25T01:17:09","date_gmt":"2025-01-25T00:17:09","guid":{"rendered":"https:\/\/shop.kustom.ch\/?post_type=product&#038;p=515763"},"modified":"2026-03-31T09:26:27","modified_gmt":"2026-03-31T08:26:27","slug":"powerslide-lady","status":"publish","type":"product","link":"https:\/\/shop.kustom.ch\/it\/prodotto\/powerslide-lady\/","title":{"rendered":"Signora Powerslide"},"content":{"rendered":"<p>Cardigan sportivo con struttura a strati d'aria. Due tasche anteriori, cerniere in colore a contrasto e cuciture flatlock decorative. Giacca sportiva con cappuccio con struttura a strati d'aria. Due tasche anteriori, cerniere in colore a contrasto e cuciture piatte decorative. La materia prima \u00e8 tinta in modo ecologico e offre un'eccellente solidit\u00e0 del colore, tinta in massa.<\/p>\n<p>Materiale: poliestere 100%, tinto in massa, 280 g\/m\u00b2<\/p>","protected":false},"excerpt":{"rendered":"<p>Sportlicher Cardigan in Air Layer Konstruktion. Zwei Fronttaschen, Reissverschl\u00fcsse in Kontrastfarbe und dekorative Flatlock N\u00e4hte. Sportliche Kapuzenjacke in Air Layer Konstruktion. Zwei Fronttaschen, Reissverschl\u00fcsse in Kontrastfarbe und dekorative Flatlock N\u00e4hte. Der Rohstoff wird umweltfreundlich eingef\u00e4rbt und bietet eine hervorragende Farbechtheit, SPIN DYED. Material: 100% Polyester, spun dyed, 280 g\/m\u00b2<\/p>","protected":false},"featured_media":515775,"template":"","meta":[],"product_brand":[],"product_cat":[4191],"product_tag":[],"class_list":{"0":"post-515763","1":"product","2":"type-product","3":"status-publish","4":"has-post-thumbnail","6":"product_cat-longsleeves-sweatshirts","7":"pa_brand-printer-red","8":"pa_brand-type-sportswear","9":"pa_filter-color-blau","10":"pa_filter-color-grau","11":"pa_filter-color-rot","12":"pa_filter-color-schwarz","14":"first","15":"instock","16":"sale","17":"taxable","18":"shipping-taxable","19":"purchasable","20":"product-type-variable","21":"add-to-wishlist-before_image"},"exclude_global_add_ons":[],"addons":[],"acf":[],"_links":{"self":[{"href":"https:\/\/shop.kustom.ch\/it\/wp-json\/wp\/v2\/product\/515763"}],"collection":[{"href":"https:\/\/shop.kustom.ch\/it\/wp-json\/wp\/v2\/product"}],"about":[{"href":"https:\/\/shop.kustom.ch\/it\/wp-json\/wp\/v2\/types\/product"}],"wp:featuredmedia":[{"embeddable":true,"href":"https:\/\/shop.kustom.ch\/it\/wp-json\/wp\/v2\/media\/515775"}],"wp:attachment":[{"href":"https:\/\/shop.kustom.ch\/it\/wp-json\/wp\/v2\/media?parent=515763"}],"wp:term":[{"taxonomy":"product_brand","embeddable":true,"href":"https:\/\/shop.kustom.ch\/it\/wp-json\/wp\/v2\/product_brand?post=515763"},{"taxonomy":"product_cat","embeddable":true,"href":"https:\/\/shop.kustom.ch\/it\/wp-json\/wp\/v2\/product_cat?post=515763"},{"taxonomy":"product_tag","embeddable":true,"href":"https:\/\/shop.kustom.ch\/it\/wp-json\/wp\/v2\/product_tag?post=515763"}],"curies":[{"name":"wp","href":"https:\/\/api.w.org\/{rel}","templated":true}]}}